{"id":479,"date":"2022-10-10T11:39:59","date_gmt":"2022-10-10T11:39:59","guid":{"rendered":"https:\/\/www.manim.com.tr\/?page_id=479"},"modified":"2022-12-22T15:13:11","modified_gmt":"2022-12-22T15:13:11","slug":"urunler","status":"publish","type":"page","link":"https:\/\/www.manim.com.tr\/tr\/urunler\/","title":{"rendered":"\u00dcr\u00fcnler"},"content":{"rendered":"\t\t<div data-elementor-type=\"wp-page\" data-elementor-id=\"479\" class=\"elementor elementor-479\">\n\t\t\t\t\t\t<section class=\"elementor-section elementor-top-section elementor-element elementor-element-ed7e37e elementor-section-boxed elementor-section-height-default elementor-section-height-default\" data-id=\"ed7e37e\" data-element_type=\"section\">\n\t\t\t\t\t\t<div class=\"elementor-container elementor-column-gap-default\">\n\t\t\t\t\t<div class=\"elementor-column elementor-col-50 elementor-top-column elementor-element elementor-element-c35b665\" data-id=\"c35b665\" data-element_type=\"column\">\n\t\t\t<div class=\"elementor-widget-wrap elementor-element-populated\">\n\t\t\t\t\t\t<div class=\"elementor-element elementor-element-afac795 elementor-widget elementor-widget-text-editor\" data-id=\"afac795\" data-element_type=\"widget\" data-widget_type=\"text-editor.default\">\n\t\t\t\t<div class=\"elementor-widget-container\">\n\t\t\t\t\t\t\t\t\t<h2><strong>MOB\u0130L UYGULAMA<\/strong><\/h2>\n<p style=\"font-size: 18px;\">Uygulamay\u0131 ilgili marketten indirin. Bankalardaki hesap bakiyelerinizi tek bir uygulamadan takip etmek i\u00e7in size verilen kullan\u0131c\u0131 kodu ve \u015fifreyi kullanarak uygulamaya giri\u015f yap\u0131n. Hesap bakiyelerinizi ve bankac\u0131l\u0131k i\u015flemlerinizi Ana Sayfadan takip edebilir, i\u015flemlerinizin detay\u0131na girip gereken bilgileri tamamlayarak muhasebe aktar\u0131m\u0131 i\u00e7in onay verebilirsiniz. \u0130htiyac\u0131n\u0131z oldu\u011funda i\u015flemlerinize ait dekont ve muhasebe fi\u015flerini basabilirsiniz.<\/p>\n<p style=\"font-size: 18px;\">Bildirim Merkezinden tahsilat ve \u00f6demelerinizi anl\u0131k olarak takip edebilirsiniz. Raporlar ad\u0131m\u0131ndan ge\u00e7mi\u015f i\u015flemlerinizi sorgulayarak istedi\u011finiz formatta rapor alabilirsiniz.<\/p>\n<ul>\n<li>&nbsp;Kolay ve g\u00fcvenli giri\u015f. Y\u00fcz tan\u0131ma \/parmak okuma ile s\u0131n\u0131rs\u0131z&nbsp; giri\u015f.<\/li>\n<li>&nbsp;Tek ekranda t\u00fcm bankalardaki hesap bakiyelerini listeleyebilme.<\/li>\n<li>&nbsp;Banka, hesap ve d\u00f6viz kodu baz\u0131nda giri\u015f \u00e7\u0131k\u0131\u015flar\u0131 takip edebilme.<\/li>\n<li>&nbsp;Tahsilat, \u00f6deme ve di\u011fer bankac\u0131l\u0131k i\u015flemlerini en ince detay\u0131na kadar izleyebilme.<\/li>\n<li>Otomatik Aktar\u0131m : Otomatik aktar\u0131lan t\u00fcm kay\u0131tlar\u0131 izeleme&nbsp;<\/li>\n<li>Manuel Aktar\u0131m:&nbsp; Muhasebe aktar\u0131m onay\u0131 verebilme.&nbsp;<\/li>\n<li>Dekont Payla\u015fma :&nbsp; &nbsp;T\u00fcm dekontlar\u0131 istenilen ortamda i\u015flemden sonraki bakiyeli\/bakiyesiz \u015fekilde payla\u015fabilme .&nbsp;<\/li>\n<li>Geriye d\u00f6n\u00fck i\u015flem sorgulama ve istenen formatta rapor alabilme<\/li>\n<\/ul>\t\t\t\t\t\t\t\t<\/div>\n\t\t\t\t<\/div>\n\t\t\t\t\t<\/div>\n\t\t<\/div>\n\t\t\t\t<div class=\"elementor-column elementor-col-50 elementor-top-column elementor-element elementor-element-2a10bb1\" data-id=\"2a10bb1\" data-element_type=\"column\">\n\t\t\t<div class=\"elementor-widget-wrap elementor-element-populated\">\n\t\t\t\t\t\t<div class=\"elementor-element elementor-element-083e8f3 elementor-widget__width-inherit elementor-widget elementor-widget-image\" data-id=\"083e8f3\" data-element_type=\"widget\" data-widget_type=\"image.default\">\n\t\t\t\t<div class=\"elementor-widget-container\">\n\t\t\t\t\t\t\t\t\t\t\t\t\t\t\t<img fetchpriority=\"high\" decoding=\"async\" width=\"460\" height=\"958\" src=\"https:\/\/www.manim.com.tr\/wp-content\/uploads\/2022\/10\/newss1-e1665573017532.webp\" class=\"attachment-large size-large wp-image-534\" alt=\"\" srcset=\"https:\/\/www.manim.com.tr\/wp-content\/uploads\/2022\/10\/newss1-e1665573017532.webp 460w, https:\/\/www.manim.com.tr\/wp-content\/uploads\/2022\/10\/newss1-e1665573017532-144x300.webp 144w, https:\/\/www.manim.com.tr\/wp-content\/uploads\/2022\/10\/newss1-e1665573017532-312x650.webp 312w\" sizes=\"(max-width: 460px) 100vw, 460px\" \/>\t\t\t\t\t\t\t\t\t\t\t\t\t\t\t<\/div>\n\t\t\t\t<\/div>\n\t\t\t\t\t<\/div>\n\t\t<\/div>\n\t\t\t\t\t<\/div>\n\t\t<\/section>\n\t\t\t\t<section class=\"elementor-section elementor-top-section elementor-element elementor-element-46d477e5 elementor-section-boxed elementor-section-height-default elementor-section-height-default\" data-id=\"46d477e5\" data-element_type=\"section\">\n\t\t\t\t\t\t<div class=\"elementor-container elementor-column-gap-default\">\n\t\t\t\t\t<div class=\"elementor-column elementor-col-100 elementor-top-column elementor-element elementor-element-213f79a5\" data-id=\"213f79a5\" data-element_type=\"column\">\n\t\t\t<div class=\"elementor-widget-wrap elementor-element-populated\">\n\t\t\t\t\t\t<div class=\"elementor-element elementor-element-8700568 elementor-widget elementor-widget-text-editor\" data-id=\"8700568\" data-element_type=\"widget\" data-widget_type=\"text-editor.default\">\n\t\t\t\t<div class=\"elementor-widget-container\">\n\t\t\t\t\t\t\t\t\t<p><\/p>\n<h2 class=\"wp-block-heading\">\u00a0MASA\u00dcST\u00dc\/WEB UYGULAMA<\/h2>\n<p><\/p>\n<p><\/p>\n<p>Uygulamay\u0131 size verilen manim.me\u00a0linkinden indirin. Bankalardaki hesap bakiyelerinizi tek bir uygulamadan takip etmek i\u00e7in size verilen kullan\u0131c\u0131 kodu ve \u015fifreyi kullanarak uygulamaya giri\u015f yap\u0131n. Hesap bakiyelerinizi ve bankac\u0131l\u0131k i\u015flemlerinizi Ana Sayfadan takip edebilir, i\u015flemlerinizin detay\u0131na girip gereken bilgileri tamamlayarak muhasebe aktar\u0131m\u0131 i\u00e7in onay verebilirsiniz. \u0130htiyac\u0131n\u0131z oldu\u011funda i\u015flemlerinize ait dekont ve muhasebe fi\u015flerini basabilirsiniz. Mobil uygulamadan farkl\u0131 olarak masa\u00fcst\u00fc uygulamada daha geni\u015f izleme imkanlar\u0131na ve toplu onay fonksiyonu sahip olacaks\u0131n\u0131z.<\/p>\n<p><\/p>\n<p><\/p>\n<p>Bildirim Merkezinden tahsilat ve \u00f6demelerinizi anl\u0131k olarak takip edebilirsiniz. Raporlar ad\u0131m\u0131ndan ge\u00e7mi\u015f i\u015flemlerinizi sorgulayarak istedi\u011finiz formatta rapor alabilirsiniz.<\/p>\n<p><\/p>\n<p><\/p>\n<ul class=\"wp-block-list\">\n<li>\u00a0Kolay ve g\u00fcvenli giri\u015f.<\/li>\n<li>\u00a0Tek ekranda t\u00fcm bankalardaki hesap bakiyelerini listeleyebilme.<\/li>\n<li>\u00a0Banka, hesap ve d\u00f6viz kodu baz\u0131nda giri\u015f \u00e7\u0131k\u0131\u015flar\u0131 takip edebilme.<\/li>\n<li>\u00a0Tahsilat, \u00f6deme ve di\u011fer bankac\u0131l\u0131k i\u015flemlerini en ince detay\u0131na kadar izleyebilme.<\/li>\n<li>\u00a0Muhasebe aktar\u0131m onay\u0131 i\u00e7in toplu onay verebilme.<\/li>\n<li>\u00a0Geriye d\u00f6n\u00fck i\u015flem sorgulama ve istenen formatta rapor alabilme.<\/li>\n<\/ul>\n<p><\/p>\t\t\t\t\t\t\t\t<\/div>\n\t\t\t\t<\/div>\n\t\t\t\t<div class=\"elementor-element elementor-element-b195467 elementor-widget elementor-widget-image\" data-id=\"b195467\" data-element_type=\"widget\" data-widget_type=\"image.default\">\n\t\t\t\t<div class=\"elementor-widget-container\">\n\t\t\t\t\t\t\t\t\t\t\t\t\t\t\t<img decoding=\"async\" width=\"1000\" height=\"625\" src=\"https:\/\/www.manim.com.tr\/wp-content\/uploads\/2022\/10\/Screen-Shot-2022-10-14-at-16.08.51-1024x640.png\" class=\"attachment-large size-large wp-image-568\" alt=\"\" srcset=\"https:\/\/www.manim.com.tr\/wp-content\/uploads\/2022\/10\/Screen-Shot-2022-10-14-at-16.08.51-1024x640.png 1024w, https:\/\/www.manim.com.tr\/wp-content\/uploads\/2022\/10\/Screen-Shot-2022-10-14-at-16.08.51-300x188.png 300w, https:\/\/www.manim.com.tr\/wp-content\/uploads\/2022\/10\/Screen-Shot-2022-10-14-at-16.08.51-768x480.png 768w, https:\/\/www.manim.com.tr\/wp-content\/uploads\/2022\/10\/Screen-Shot-2022-10-14-at-16.08.51-1536x960.png 1536w, https:\/\/www.manim.com.tr\/wp-content\/uploads\/2022\/10\/Screen-Shot-2022-10-14-at-16.08.51-2048x1280.png 2048w, https:\/\/www.manim.com.tr\/wp-content\/uploads\/2022\/10\/Screen-Shot-2022-10-14-at-16.08.51-650x406.png 650w\" sizes=\"(max-width: 1000px) 100vw, 1000px\" \/>\t\t\t\t\t\t\t\t\t\t\t\t\t\t\t<\/div>\n\t\t\t\t<\/div>\n\t\t\t\t<div class=\"elementor-element elementor-element-c53a493 elementor-widget elementor-widget-text-editor\" data-id=\"c53a493\" data-element_type=\"widget\" data-widget_type=\"text-editor.default\">\n\t\t\t\t<div class=\"elementor-widget-container\">\n\t\t\t\t\t\t\t\t\t<p><\/p>\n<h2 class=\"wp-block-heading\">\u00a0PLATFORM Y\u00d6NET\u0130M ARACI<\/h2>\n<p><\/p>\n<p><\/p>\n<p>Size verilen kullan\u0131c\u0131 kodu ve \u015fifreyi kullanarak <b>manim<\/b>\u00a0Platform Y\u00f6netim Arac\u0131na giri\u015f yap\u0131n.\u00a0 Organizasyonel yap\u0131n\u0131za ve yetkinize uygun olarak t\u00fcm kullan\u0131c\u0131lar\u0131n\u0131z\u0131 tan\u0131mlayarak yetkilendirin.\u00a0 Farkl\u0131 firmalar\u0131 ayn\u0131 uygulama alt\u0131nda birle\u015ftirebilir, hesap ya da i\u015flem tip baz\u0131nda izleme ve onaylama yetkilerini ayr\u0131\u015ft\u0131rabilirsiniz.<\/p>\n<p><\/p>\n<p><\/p>\n<p>Uygulama tarih\u00e7esinden kullan\u0131c\u0131lar\u0131n\u0131z\u0131n yapt\u0131\u011f\u0131 i\u015flemleri takip edebilir, onay i\u015flemlerini h\u0131zland\u0131rmak ve manim\u2019in i\u015flem karakteristi\u011finizi tan\u0131mas\u0131n\u0131 sa\u011flamak i\u00e7in personelinizi, \u00e7al\u0131\u015ft\u0131\u011f\u0131n\u0131z ki\u015fileri ve kurumlar\u0131 toplu olarak tan\u0131mlayabilirsiniz.<\/p>\n<p><\/p>\n<p><\/p>\n<ul class=\"wp-block-list\">\n<li>\u00a0G\u00fcvenli ve kolay giri\u015f imkan\u0131.<\/li>\n<li>\u00a0Organizasyonel yap\u0131ya uygun i\u015f ak\u0131\u015f\u0131 tan\u0131mlayabilme.<\/li>\n<li>\u00a0Kullan\u0131c\u0131 tan\u0131mlayabilme.<\/li>\n<li>\u00a0Kullan\u0131c\u0131 yetkilendirebilme.<\/li>\n<li>\u00a0Kullan\u0131c\u0131 \u0130zleme.<\/li>\n<li>\u00a0Finansal ili\u015fkide bulunulan ki\u015fi ve kurumlar\u0131 tan\u0131mlayabilme<\/li>\n<\/ul>\n<p><\/p>\t\t\t\t\t\t\t\t<\/div>\n\t\t\t\t<\/div>\n\t\t\t\t<div class=\"elementor-element elementor-element-9f4f7b1 elementor-widget elementor-widget-image\" data-id=\"9f4f7b1\" data-element_type=\"widget\" data-widget_type=\"image.default\">\n\t\t\t\t<div class=\"elementor-widget-container\">\n\t\t\t\t\t\t\t\t\t\t\t\t\t\t\t<img decoding=\"async\" width=\"1000\" height=\"577\" src=\"https:\/\/www.manim.com.tr\/wp-content\/uploads\/2022\/10\/Screen-Shot-2022-10-14-at-16.09.48-1024x591.png\" class=\"attachment-large size-large wp-image-569\" alt=\"\" srcset=\"https:\/\/www.manim.com.tr\/wp-content\/uploads\/2022\/10\/Screen-Shot-2022-10-14-at-16.09.48-1024x591.png 1024w, https:\/\/www.manim.com.tr\/wp-content\/uploads\/2022\/10\/Screen-Shot-2022-10-14-at-16.09.48-300x173.png 300w, https:\/\/www.manim.com.tr\/wp-content\/uploads\/2022\/10\/Screen-Shot-2022-10-14-at-16.09.48-768x443.png 768w, https:\/\/www.manim.com.tr\/wp-content\/uploads\/2022\/10\/Screen-Shot-2022-10-14-at-16.09.48-1536x886.png 1536w, https:\/\/www.manim.com.tr\/wp-content\/uploads\/2022\/10\/Screen-Shot-2022-10-14-at-16.09.48-2048x1181.png 2048w, https:\/\/www.manim.com.tr\/wp-content\/uploads\/2022\/10\/Screen-Shot-2022-10-14-at-16.09.48-650x375.png 650w\" sizes=\"(max-width: 1000px) 100vw, 1000px\" \/>\t\t\t\t\t\t\t\t\t\t\t\t\t\t\t<\/div>\n\t\t\t\t<\/div>\n\t\t\t\t\t<\/div>\n\t\t<\/div>\n\t\t\t\t\t<\/div>\n\t\t<\/section>\n\t\t\t\t<\/div>\n\t\t","protected":false},"excerpt":{"rendered":"<p>MOB\u0130L UYGULAMA Uygulamay\u0131 ilgili marketten indirin. Bankalardaki hesap bakiyelerinizi tek bir uygulamadan takip etmek i\u00e7in size verilen kullan\u0131c\u0131 kodu ve \u015fifreyi kullanarak [&hellip;]<\/p>\n","protected":false},"author":1,"featured_media":0,"parent":0,"menu_order":0,"comment_status":"closed","ping_status":"closed","template":"","meta":{"footnotes":""},"class_list":["post-479","page","type-page","status-publish","hentry"],"_links":{"self":[{"href":"https:\/\/www.manim.com.tr\/tr\/wp-json\/wp\/v2\/pages\/479","targetHints":{"allow":["GET"]}}],"collection":[{"href":"https:\/\/www.manim.com.tr\/tr\/wp-json\/wp\/v2\/pages"}],"about":[{"href":"https:\/\/www.manim.com.tr\/tr\/wp-json\/wp\/v2\/types\/page"}],"author":[{"embeddable":true,"href":"https:\/\/www.manim.com.tr\/tr\/wp-json\/wp\/v2\/users\/1"}],"replies":[{"embeddable":true,"href":"https:\/\/www.manim.com.tr\/tr\/wp-json\/wp\/v2\/comments?post=479"}],"version-history":[{"count":28,"href":"https:\/\/www.manim.com.tr\/tr\/wp-json\/wp\/v2\/pages\/479\/revisions"}],"predecessor-version":[{"id":2258,"href":"https:\/\/www.manim.com.tr\/tr\/wp-json\/wp\/v2\/pages\/479\/revisions\/2258"}],"wp:attachment":[{"href":"https:\/\/www.manim.com.tr\/tr\/wp-json\/wp\/v2\/media?parent=479"}],"curies":[{"name":"wp","href":"https:\/\/api.w.org\/{rel}","templated":true}]}}