{"id":3259,"date":"2024-12-23T10:39:19","date_gmt":"2024-12-23T10:39:19","guid":{"rendered":"https:\/\/www.manim.com.tr\/?page_id=3259"},"modified":"2024-12-23T10:39:19","modified_gmt":"2024-12-23T10:39:19","slug":"deneme-su%cc%88ru%cc%88mu%cc%88-talebi-alani-aydinlatma-metni","status":"publish","type":"page","link":"https:\/\/www.manim.com.tr\/tr\/deneme-su%cc%88ru%cc%88mu%cc%88-talebi-alani-aydinlatma-metni\/","title":{"rendered":"Deneme Su\u0308ru\u0308mu\u0308 Talebi Alan\u0131 Ayd\u0131nlatma Metni"},"content":{"rendered":"<p style=\"text-align: center;\"><strong>K\u0130\u015e\u0130SEL VER\u0130LER\u0130N \u0130\u015eLENMES\u0130NE \u0130L\u0130\u015eK\u0130N AYDINLATMA METN\u0130<\/strong><\/p>\n<ol>\n<li><strong>Veri Sorumlusu, Ki\u015fisel Veri Kategorileri ve Toplanma Y\u00f6ntemleri<\/strong><\/li>\n<\/ol>\n<p>6698 say\u0131l\u0131 Ki\u015fisel Verilerin Korunmas\u0131 Kanunu (\u201c6698 say\u0131l\u0131 KVKK\u201d) uyar\u0131nca; kimlik, mesleki deneyim, ileti\u015fim, mesaj i\u00e7eri\u011fi ve i\u015flem g\u00fcvenli\u011fi \u015feklindeki ki\u015fisel verileriniz taraf\u0131n\u0131zdan veya 3. ki\u015filerden; elektronik ortamda yaz\u0131l\u0131 veri aktar\u0131m yolu ile otomatik yollarla toplanmakta ve veri sorumlusu olarak Manim Finans Teknolojileri A.\u015e. (\u201c\u015eirket\u201d) taraf\u0131m\u0131zca, detaylar\u0131 a\u015fa\u011f\u0131da a\u00e7\u0131klanan kapsamda i\u015flenmektedir.<\/p>\n<ol start=\"2\">\n<li><strong>Ki\u015fisel Verilerin \u0130\u015flenme Ama\u00e7lar\u0131 ve Hukuki Sebebi<\/strong><\/li>\n<\/ol>\n<p><strong>Taraf\u0131m\u0131zca toplanan ki\u015fisel verileriniz a\u015fa\u011f\u0131daki ama\u00e7lara ve hukuki sebeplere ba\u011fl\u0131 olarak i\u015flenmektedir.<\/strong><\/p>\n<table>\n<tbody>\n<tr>\n<td width=\"197\"><strong>Veri \u0130\u015fleme Amac\u0131<\/strong><\/td>\n<td width=\"233\"><strong>Veri Kategorisi<\/strong><\/td>\n<td width=\"208\"><strong>Hukuki Sebep<\/strong><\/td>\n<\/tr>\n<tr>\n<td width=\"197\"><strong>Faaliyetlerin mevzuata uygun y\u00fcr\u00fct\u00fclmesi<\/strong><\/td>\n<td width=\"233\">\u0130\u015flem G\u00fcvenli\u011fi<\/td>\n<td rowspan=\"2\" width=\"208\"><strong>6698 say\u0131l\u0131 KVKK m.5\/2-a<\/strong><\/p>\n<p>Kanunlarda a\u00e7\u0131k\u00e7a \u00f6ng\u00f6r\u00fclmesi.<\/p>\n<p><strong>6698 say\u0131l\u0131 KVKK m.5\/2-\u00e7 <\/strong><\/p>\n<p>Veri sorumlusunun hukuki y\u00fck\u00fcml\u00fcl\u00fc\u011f\u00fcn\u00fc yerine getirebilmesi i\u00e7in zorunlu olmas\u0131.<\/td>\n<\/tr>\n<tr>\n<td width=\"197\"><strong>Bilgi g\u00fcvenli\u011fi s\u00fcre\u00e7lerinin y\u00fcr\u00fct\u00fclmesi<\/strong><\/td>\n<td width=\"233\">\u0130\u015flem G\u00fcvenli\u011fi<\/td>\n<\/tr>\n<tr>\n<td width=\"197\"><strong>\u0130leti\u015fim faaliyetlerinin y\u00fcr\u00fct\u00fclmesi<\/strong><\/td>\n<td width=\"233\">Kimlik, \u0130leti\u015fim, Mesleki Deneyim<\/td>\n<td rowspan=\"2\" width=\"208\"><strong>6698 say\u0131l\u0131 KVKK m.5\/1<\/strong><\/p>\n<p>\u0130lgili ki\u015finin a\u00e7\u0131k r\u0131zas\u0131n\u0131n bulunmas\u0131<\/td>\n<\/tr>\n<tr>\n<td width=\"197\"><strong>M\u00fc\u015fteri memnuniyeti s\u00fcre\u00e7lerinin y\u00fcr\u00fct\u00fclmesi<\/strong><\/td>\n<td width=\"233\">Kimlik, \u0130leti\u015fim<\/td>\n<\/tr>\n<tr>\n<td width=\"197\"><strong>\u0130\u015f s\u00fcre\u00e7lerinin y\u00fcr\u00fct\u00fclmesi<\/strong><\/td>\n<td rowspan=\"2\" width=\"233\">Kimlik, \u0130leti\u015fim, Mesleki Deneyim, Mesaj \u0130\u00e7eri\u011fi<\/td>\n<td rowspan=\"2\" width=\"208\"><strong>6698 say\u0131l\u0131 KVKK m.5\/2-c<\/strong><\/p>\n<p>Bir s\u00f6zle\u015fmenin kurulmas\u0131 veya ifas\u0131yla do\u011frudan do\u011fruya ilgili olmas\u0131 kayd\u0131yla, s\u00f6zle\u015fmenin taraflar\u0131na ait ki\u015fisel verilerin i\u015flenmesinin gerekli olmas\u0131.<\/td>\n<\/tr>\n<tr>\n<td width=\"197\"><strong>Deneme s\u00fcr\u00fcm\u00fc talep ba\u015fvurular\u0131n\u0131n toplanmas\u0131<\/strong><\/td>\n<\/tr>\n<tr>\n<td width=\"197\"><strong>\u00a0<\/strong><\/p>\n<p><strong>\u00a0<\/strong><\/p>\n<p><strong>Saklama ve ar\u015fiv faaliyetlerinin y\u00fcr\u00fct\u00fclmesi<\/strong><\/td>\n<td width=\"233\">&nbsp;<\/p>\n<p>&nbsp;<\/p>\n<p>Kimlik, \u0130leti\u015fim, \u0130\u015flem G\u00fcvenli\u011fi, Mesleki Deneyim, Mesaj \u0130\u00e7eri\u011fi<\/td>\n<td width=\"208\"><strong>6698 say\u0131l\u0131 KVKK m.5\/2-f<\/strong><\/p>\n<p>\u0130lgili ki\u015finin temel hak ve \u00f6zg\u00fcrl\u00fcklerine zarar vermemek kayd\u0131yla, veri sorumlusunun me\u015fru menfaatleri i\u00e7in veri i\u015flenmesinin zorunlu olmas\u0131<\/td>\n<\/tr>\n<\/tbody>\n<\/table>\n<ol start=\"3\">\n<li><strong>Ki\u015fisel Verilerin Aktar\u0131m\u0131<\/strong><\/li>\n<\/ol>\n<p><strong>Ki\u015fisel verileriniz a\u015fa\u011f\u0131daki \u015fartlar d\u00e2hilinde \u00fc\u00e7\u00fcnc\u00fc ki\u015filere aktar\u0131labilmektedir;<\/strong><\/p>\n<table>\n<tbody>\n<tr>\n<td width=\"218\"><strong>Aktar\u0131m\u0131n Hukuki Sebebi<\/strong><\/td>\n<td width=\"210\"><strong>Aktar\u0131m\u0131n Amac\u0131<\/strong><\/td>\n<td width=\"210\"><strong>Aktar\u0131m Yap\u0131lan Taraf<\/strong><\/td>\n<\/tr>\n<tr>\n<td width=\"218\"><strong>6698 say\u0131l\u0131 KVKK m.8\/2-a<\/strong><\/p>\n<p>Veri sorumlusunun hukuki y\u00fck\u00fcml\u00fcl\u00fc\u011f\u00fcn\u00fc yerine getirebilmesi i\u00e7in zorunlu olmas\u0131<\/td>\n<td width=\"210\">&nbsp;<\/p>\n<p>Faaliyetlerin mevzuata uygun y\u00fcr\u00fct\u00fclmesi<\/td>\n<td width=\"210\">&nbsp;<\/p>\n<p>Yetkili Kamu Kurumlar\u0131<\/td>\n<\/tr>\n<\/tbody>\n<\/table>\n<ol start=\"4\">\n<li><strong>Ba\u015fvuru Usul ve Esaslar\u0131<\/strong><\/li>\n<\/ol>\n<p>\u0130lgili ki\u015fi olarak, 6698 Say\u0131l\u0131 KVKK\u2019n\u0131n 11. maddesinde yer alan haklar\u0131n\u0131za ili\u015fkin taleplerinizi web sayfam\u0131zdan temin edebilece\u011finiz Ki\u015fisel Verilerin Korunmas\u0131na \u0130li\u015fkin Ba\u015fvuru Formu\u2019nu doldurarak veya Veri Sorumlusuna Ba\u015fvuru Usul ve Esaslar\u0131 Hakk\u0131nda Tebli\u011f ile \u00f6ng\u00f6r\u00fclen asgari ko\u015fullar\u0131 sa\u011flayan ba\u015fvurunuz ile a\u015fa\u011f\u0131daki y\u00f6ntemlerle taraf\u0131m\u0131za iletebilirsiniz. Yapaca\u011f\u0131n\u0131z ba\u015fvuruyu \u015eirket olarak, talebinizin niteli\u011fine g\u00f6re en k\u0131sa s\u00fcrede ve en ge\u00e7 otuz g\u00fcn i\u00e7erisinde \u00fccretsiz olarak sonu\u00e7land\u0131raca\u011f\u0131z. Ancak, i\u015flemin ayr\u0131ca bir maliyeti gerektirmesi h\u00e2linde, \u015eirket taraf\u0131ndan Ki\u015fisel Verileri Koruma Kurulunca belirlenen tarifedeki \u00fccret al\u0131nacakt\u0131r.<\/p>\n<p>&nbsp;<\/p>\n<table>\n<tbody>\n<tr>\n<td width=\"310\"><strong>Ba\u015fvuru Yolu<\/strong><\/td>\n<td width=\"300\"><strong>Ba\u015fvuru Adresi<\/strong><\/td>\n<\/tr>\n<tr>\n<td width=\"310\">KEP ile iletece\u011finiz elektronik ileti<\/td>\n<td width=\"300\">\u2026<\/td>\n<\/tr>\n<tr>\n<td width=\"310\">Sistemimizde kay\u0131tl\u0131 e-posta adresinizle veya g\u00fcvenli elektronik imzal\u0131, mobil imzal\u0131 olarak iletece\u011finiz ileti<\/td>\n<td width=\"300\"><a href=\"mailto:info@manim.com.tr\">info@manim.com.tr<\/a><\/p>\n<p>&nbsp;<\/td>\n<\/tr>\n<tr>\n<td width=\"310\">Yaz\u0131l\u0131 olarak \u015fahsen veya noter kanal\u0131 ile iletece\u011finiz ba\u015fvuru<\/td>\n<td width=\"300\">Barbaros Mah. \u015eebboy Sokak Halkbank No:4\/1 Kat:4 \u0130\u00e7 Kap\u0131 No:21 (Dijital Teknokent Ata\u015fehir Yerle\u015fkesi) Ata\u015fehir \u2013 \u0130stanbul \/ T\u00fcrkiye<\/td>\n<\/tr>\n<\/tbody>\n<\/table>\n<p><strong>\u00a0<\/strong><\/p>\n","protected":false},"excerpt":{"rendered":"<p>K\u0130\u015e\u0130SEL VER\u0130LER\u0130N \u0130\u015eLENMES\u0130NE \u0130L\u0130\u015eK\u0130N AYDINLATMA METN\u0130 Veri Sorumlusu, Ki\u015fisel Veri Kategorileri ve Toplanma Y\u00f6ntemleri 6698 say\u0131l\u0131 Ki\u015fisel Verilerin Korunmas\u0131 Kanunu (\u201c6698 say\u0131l\u0131 [&hellip;]<\/p>\n","protected":false},"author":12,"featured_media":0,"parent":0,"menu_order":0,"comment_status":"closed","ping_status":"closed","template":"","meta":{"footnotes":""},"class_list":["post-3259","page","type-page","status-publish","hentry"],"_links":{"self":[{"href":"https:\/\/www.manim.com.tr\/tr\/wp-json\/wp\/v2\/pages\/3259","targetHints":{"allow":["GET"]}}],"collection":[{"href":"https:\/\/www.manim.com.tr\/tr\/wp-json\/wp\/v2\/pages"}],"about":[{"href":"https:\/\/www.manim.com.tr\/tr\/wp-json\/wp\/v2\/types\/page"}],"author":[{"embeddable":true,"href":"https:\/\/www.manim.com.tr\/tr\/wp-json\/wp\/v2\/users\/12"}],"replies":[{"embeddable":true,"href":"https:\/\/www.manim.com.tr\/tr\/wp-json\/wp\/v2\/comments?post=3259"}],"version-history":[{"count":1,"href":"https:\/\/www.manim.com.tr\/tr\/wp-json\/wp\/v2\/pages\/3259\/revisions"}],"predecessor-version":[{"id":3260,"href":"https:\/\/www.manim.com.tr\/tr\/wp-json\/wp\/v2\/pages\/3259\/revisions\/3260"}],"wp:attachment":[{"href":"https:\/\/www.manim.com.tr\/tr\/wp-json\/wp\/v2\/media?parent=3259"}],"curies":[{"name":"wp","href":"https:\/\/api.w.org\/{rel}","templated":true}]}}