{"id":3257,"date":"2024-12-23T10:37:56","date_gmt":"2024-12-23T10:37:56","guid":{"rendered":"https:\/\/www.manim.com.tr\/?page_id=3257"},"modified":"2024-12-23T10:37:56","modified_gmt":"2024-12-23T10:37:56","slug":"gizlilik-ve-kisisel-verilerin-korunmasi-ilkeleri","status":"publish","type":"page","link":"https:\/\/www.manim.com.tr\/tr\/gizlilik-ve-kisisel-verilerin-korunmasi-ilkeleri\/","title":{"rendered":"Gizlilik ve Ki\u015fisel Verilerin Korunmas\u0131 \u0130lkeleri"},"content":{"rendered":"<ol>\n<li><strong>AMA\u00c7 VE KAPSAM<\/strong><\/li>\n<\/ol>\n<p>\u0130\u015fbu Gizlilik ve Ki\u015fisel Verilerin Korunmas\u0131 \u0130lkeleri (bundan sonra \u201c<strong>\u0130lkeler<\/strong>\u201d olarak an\u0131lacakt\u0131r) Manim Finans Teknolojileri A.\u015e. (bundan sonra \u201c<strong>\u015eirket<\/strong>\u201d olarak an\u0131lacakt\u0131r) ki\u015fisel verilerin korunmas\u0131na ili\u015fkin benimsedi\u011fi ilkeleri belirlemekte ve t\u00fcm ilgili ki\u015fi gruplar\u0131n\u0131 6698 say\u0131l\u0131 Ki\u015fisel Verilerin Korunmas\u0131 Kanunu (bundan sonra \u201c<strong>6698 say\u0131l\u0131<\/strong> <strong>KVKK<\/strong>\u201d olarak an\u0131lacakt\u0131r) kapsam\u0131nda bilgilendirmeyi hedeflemektedir.<\/p>\n<ol start=\"2\">\n<li><strong>K\u0130\u015e\u0130SEL VER\u0130LER\u0130N\u0130N \u0130\u015eLENMES\u0130NE \u0130L\u0130\u015eK\u0130N \u0130LKELER<\/strong><\/li>\n<\/ol>\n<p>\u015eirket olarak Veri Sorumlusu s\u0131fat\u0131 ile a\u015fa\u011f\u0131daki ilkeler \u00e7er\u00e7evesinde ki\u015fisel verilerinizi i\u015flemekteyiz.<\/p>\n<ul>\n<li><strong>Hukuka ve D\u00fcr\u00fcstl\u00fck Kural\u0131na Uygun \u0130\u015fleme<\/strong><\/li>\n<\/ul>\n<p>Ki\u015fisel verilerinizin i\u015flenmesinde hukuksal d\u00fczenlemelerle getirilen ilkeler ile genel g\u00fcven ve d\u00fcr\u00fcstl\u00fck kural\u0131na uygun hareket edilmektedir. Bu ilke uyar\u0131nca \u00f6zellikle, ki\u015fisel veri i\u015fleme ama\u00e7lar\u0131m\u0131za ula\u015fmaya \u00e7al\u0131\u015f\u0131rken \u00e7\u0131karlar\u0131n\u0131z\u0131 ve makul beklentilerinizi de dikkate almakta, haklar\u0131m\u0131z\u0131 k\u00f6t\u00fcye kullanmamakta ve veri i\u015fleme faaliyetlerimizde \u015feffafl\u0131k prensibine uygun hareket etmekteyiz.<\/p>\n<ul>\n<li><strong>Ki\u015fisel Verilerin Do\u011fru ve Gerekti\u011finde G\u00fcncel Olmas\u0131n\u0131 Sa\u011flama<\/strong><\/li>\n<\/ul>\n<p>Ki\u015fisel verilerin do\u011frulu\u011funun ve g\u00fcncelli\u011finin \u00f6nemini vurgulayan bu ilke do\u011frultusunda me\u015fru menfaatleriniz dikkate al\u0131narak, i\u015flenen verilerin do\u011fru ve g\u00fcncel olmas\u0131 i\u00e7in d\u00f6nemsel kontrol ve g\u00fcncellemeler yap\u0131lmakta ve bu do\u011frultuda gerekli tedbirler al\u0131nmaktad\u0131r. Bu kapsamda ki\u015fisel verilerin do\u011frulu\u011funu kontrol etme ve gerekli d\u00fczeltmeleri yapmaya y\u00f6nelik sistemler \u015eirket b\u00fcnyesinde olu\u015fturulmaktad\u0131r. Ayr\u0131ca, ki\u015fisel verilerin topland\u0131\u011f\u0131 kaynaklar\u0131n do\u011frulu\u011fu kontrol edilmekte ve ki\u015fisel verilerin do\u011fru olmamas\u0131ndan kaynakl\u0131 talepler g\u00f6z \u00f6n\u00fcnde bulundurulmaktad\u0131r. Dolay\u0131s\u0131yla, bu ilke 6698 say\u0131l\u0131 KVKK uyar\u0131nca sahip oldu\u011funuz ki\u015fisel verilerin d\u00fczeltilmesini talep etme hakk\u0131 ile de uyumlu olarak uygulanmaktad\u0131r.<\/p>\n<ul>\n<li><strong>Belirli, A\u00e7\u0131k ve Me\u015fru Ama\u00e7larla \u0130\u015fleme<\/strong><\/li>\n<\/ul>\n<p>Ki\u015fisel verileriniz a\u00e7\u0131k, belirli ve me\u015fru veri i\u015fleme ama\u00e7lar\u0131na dayal\u0131 olarak i\u015flenmektedir. Bu ba\u011flamda, ki\u015fisel veri i\u015fleme faaliyetlerimizin, ilgili ki\u015filerce a\u00e7\u0131k bir \u015fekilde anla\u015f\u0131labilir olmas\u0131n\u0131 sa\u011flamakta, hangi ama\u00e7lara ve hukuki i\u015fleme \u015fartlar\u0131na dayand\u0131\u011f\u0131n\u0131 i\u015fbu \u0130lkeler\u2019in 3. maddesi ile tespit ve a\u00e7\u0131k\u00e7a ifade etmekteyiz.<\/p>\n<ul>\n<li><strong>\u0130\u015flendikleri Ama\u00e7la Ba\u011flant\u0131l\u0131, S\u0131n\u0131rl\u0131 ve \u00d6l\u00e7\u00fcl\u00fc Olma<\/strong><\/li>\n<\/ul>\n<p>Ki\u015fisel verileriniz, \u00f6ng\u00f6r\u00fclen ama\u00e7\/ama\u00e7lar\u0131n ger\u00e7ekle\u015ftirilebilmesi i\u00e7in \u00f6l\u00e7\u00fcl\u00fc, ama\u00e7la ilintili ve s\u0131n\u0131rl\u0131 bi\u00e7imde i\u015flenmekte ve amac\u0131n ger\u00e7ekle\u015ftirilmesiyle ilgili olmayan veya ihtiya\u00e7 duyulmayan ki\u015fisel verilerin i\u015flenmesinden ka\u00e7\u0131n\u0131lmaktad\u0131r. Yine bu ilke kapsam\u0131nda mevcutta olmayan ve sonradan ger\u00e7ekle\u015fmesi d\u00fc\u015f\u00fcn\u00fclen ama\u00e7larla ki\u015fisel veri toplanmamakta veya i\u015flenmemektedir.<\/p>\n<ul>\n<li><strong>\u0130lgili Mevzuatta \u00d6ng\u00f6r\u00fclen veya \u0130\u015flendikleri Ama\u00e7 \u0130\u00e7in Gerekli Olan S\u00fcre Kadar Muhafaza Etme<\/strong><\/li>\n<\/ul>\n<p>Ki\u015fisel verileriniz ancak ilgili mevzuatta \u00f6ng\u00f6r\u00fclen veya i\u015flendikleri ama\u00e7 i\u00e7in gerekli olan s\u00fcre kadar muhafaza edilmektedir. Bu konuda \u015eirket, ilgili idari ve teknik tedbirleri almakta ve uygulamaktay\u0131z. Bu kapsamda, \u00f6ncelikle ilgili mevzuatta ki\u015fisel verilerin saklanmas\u0131 i\u00e7in bir s\u00fcre \u00f6ng\u00f6r\u00fcl\u00fcp \u00f6ng\u00f6r\u00fclmedi\u011fi tespit edilmekte, bir s\u00fcre belirlenmi\u015fse bu s\u00fcreye uygun davran\u0131lmakta, bir s\u00fcre belirlenmemi\u015fse ki\u015fisel veriler i\u015flendikleri ama\u00e7 i\u00e7in gerekli olan s\u00fcre kadar saklanmaktad\u0131r. \u0130lgili s\u00fcre\u00e7lerin gereklili\u011finin ortadan kalkmas\u0131 halinde ki\u015fisel verilerinizin ilgisiz departmanlar taraf\u0131ndan eri\u015filmesi 6698 say\u0131l\u0131 KVKK\u2019da belirtilen silme eylemi kapsam\u0131nda engellenir. S\u00fcrenin bitimi veya i\u015flenmesini gerektiren sebeplerin ortadan kalkmas\u0131 halinde, daha uzun s\u00fcre i\u015flenmelerine izin veren hukuki bir sebep bulunmamas\u0131 halinde, ki\u015fisel verileriniz ki\u015fisel verilerin korunmas\u0131 mevzuat\u0131na uygun \u015fekilde yok edilmekte veya anonim hale getirilmektedir.<\/p>\n<p>&nbsp;<\/p>\n<ol start=\"3\">\n<li><strong>K\u0130\u015e\u0130SEL VER\u0130LER\u0130N\u0130N \u0130\u015eLENMES\u0130 \u015eARTLARI<\/strong><\/li>\n<\/ol>\n<p>Ki\u015fisel verileriniz, 6698 say\u0131l\u0131 KVKK\u2019n\u0131n kapsam\u0131nda ki\u015fisel ve \u00f6zel nitelikli ki\u015fisel verileriniz a\u015fa\u011f\u0131da \u00f6ng\u00f6r\u00fclen \u015fartlar \u00e7er\u00e7evesinde i\u015flenebilmektedir.<\/p>\n<ul>\n<li><strong>Kanunlarda A\u00e7\u0131k\u00e7a \u00d6ng\u00f6r\u00fclmesi<\/strong><\/li>\n<\/ul>\n<p>Temel kural ki\u015fisel verilerin ilgili ki\u015filerin a\u00e7\u0131k r\u0131zas\u0131 olmadan i\u015flenememesi olup, bu istisnaya g\u00f6re kanunlarda a\u00e7\u0131k\u00e7a ki\u015fisel veri i\u015flenmesi \u00f6ng\u00f6r\u00fcld\u00fc\u011f\u00fc hallerde, ki\u015fisel verileriniz i\u015flenebilecektir.<\/p>\n<ul>\n<li><strong>Fiili \u0130mk\u00e2ns\u0131zl\u0131k Sebebiyle \u0130lgilinin A\u00e7\u0131k R\u0131zas\u0131n\u0131n Al\u0131namamas\u0131<\/strong><\/li>\n<\/ul>\n<p>Fiili imk\u00e2ns\u0131zl\u0131k nedeniyle r\u0131zas\u0131n\u0131 a\u00e7\u0131klayamayacak durumda olan veya r\u0131zas\u0131na ge\u00e7erlilik tan\u0131namayacak olan ilgili ki\u015finin kendisinin ya da ba\u015fka bir ki\u015finin hayat\u0131 veya beden b\u00fct\u00fcnl\u00fc\u011f\u00fcn\u00fc korumak i\u00e7in ki\u015fisel verisinin i\u015flenmesinin zorunlu olmas\u0131 halinde ki\u015fisel verileriniz i\u015flenebilecektir.<\/p>\n<ul>\n<li><strong>S\u00f6zle\u015fmenin Kurulmas\u0131 veya \u0130fas\u0131yla Do\u011frudan \u0130lgi Olmas\u0131<\/strong><\/li>\n<\/ul>\n<p>S\u00f6zle\u015fmenin kurulmas\u0131 veya ifas\u0131yla do\u011frudan do\u011fruya ilgili olmas\u0131 kayd\u0131yla, s\u00f6zle\u015fmenin taraflar\u0131na ait ki\u015fisel verilerin i\u015flenmesinin gerekli olmas\u0131 halinde ki\u015fisel verileriniz i\u015flenebilecektir.<\/p>\n<ul>\n<li><strong>\u015eirket\u2019in Hukuki Y\u00fck\u00fcml\u00fcl\u00fc\u011f\u00fcn\u00fc Yerine Getirmesi<\/strong><\/li>\n<\/ul>\n<p>\u015eirket\u2019in ba\u011fl\u0131 bulundu\u011fu ve sorumlu oldu\u011fu mevzuat, s\u00f6zle\u015fme ve benzeri hukuki y\u00fck\u00fcml\u00fcl\u00fcklerini yerine getirmek i\u00e7in i\u015flemenin zorunlu olmas\u0131 halinde ki\u015fisel verileriniz i\u015flenebilecektir.<\/p>\n<ul>\n<li><strong>Ki\u015fisel Verilerin Alenile\u015ftirilmesi<\/strong><\/li>\n<\/ul>\n<p>Ki\u015fisel verileriniz taraf\u0131n\u0131zca alenile\u015ftirilmi\u015f, yani sizin taraf\u0131n\u0131zdan kamuoyu ile payla\u015f\u0131lm\u0131\u015f olmas\u0131 halinde, alenile\u015ftirmenin amac\u0131yla ba\u011flant\u0131l\u0131 ve \u00f6l\u00e7\u00fcl\u00fc olarak i\u015flenebilecektir.<\/p>\n<ul>\n<li><strong>Bir Hakk\u0131n Tesisi veya Korunmas\u0131 i\u00e7in Veri \u0130\u015flemenin Zorunlu Olmas\u0131<\/strong><\/li>\n<\/ul>\n<p>\u015eirket\u2019in sahip oldu\u011fu hukuki ve ticari haklara ili\u015fkin s\u00fcre\u00e7lerin y\u00fcr\u00fct\u00fclmesi ve y\u00f6netilmesi kapsam\u0131nda s\u00f6z konusu hakk\u0131n tesisi, kullan\u0131lmas\u0131 veya korunmas\u0131 i\u00e7in veri i\u015flemenin zorunlu olmas\u0131 halinde ki\u015fisel verileriniz i\u015flenebilecektir.<\/p>\n<ul>\n<li><strong>Me\u015fru Menfaate Dayal\u0131 Olarak Verilerin \u0130\u015flenmesi<\/strong><\/li>\n<\/ul>\n<p>\u015eirket\u2019in me\u015fru menfaatleri i\u00e7in veri i\u015flemenin gerekli olmas\u0131 halinde ki\u015fisel verileriniz i\u015flenebilecektir. \u015eirketimiz s\u00f6z konusu i\u015fleme \u015fart\u0131na ba\u011fl\u0131 olarak veri i\u015flemesi gerekmesi durumunda sizlerin temel hak ve \u00f6zg\u00fcrl\u00fcklerini de g\u00f6zeterek de\u011ferlendirme yapmakta ve de\u011ferlendirme sonucuna g\u00f6re karar vermektedir.<\/p>\n<ul>\n<li><strong>A\u00e7\u0131k R\u0131zaya Dayal\u0131 Olarak \u0130\u015flenmesi<\/strong><\/li>\n<\/ul>\n<p>Ki\u015fisel verilerin a\u00e7\u0131k r\u0131zaya dayan\u0131larak i\u015flenmesi as\u0131l kural olmakla birlikte, i\u015fbu maddede belirtilen di\u011fer \u015fartlar\u0131n varl\u0131\u011f\u0131 halinde ilgili ki\u015filerin a\u00e7\u0131k r\u0131zas\u0131na dayan\u0131lmamaktad\u0131r. Aksi halde, hakk\u0131n k\u00f6t\u00fcye kullan\u0131lmas\u0131ndan bahsedilebilecektir. Bu ba\u011flamda ki\u015fisel verileriniz, i\u015fbu \u0130lkelerde belirtilen \u015fartlardan herhangi birine dayal\u0131 olarak i\u015flenmedi\u011fi durumlarda, a\u00e7\u0131k r\u0131zan\u0131za dayal\u0131 olarak i\u015flenmektedir.<\/p>\n<ul>\n<li><strong>\u00d6zel Nitelikli Ki\u015fisel Verilerin \u0130\u015flenmesi<\/strong><\/li>\n<\/ul>\n<p>\u00d6zel nitelikli ki\u015fisel verilerinizi 6698 say\u0131l\u0131 KVKK\u2019n\u0131n 6. maddesi uyar\u0131nca a\u00e7\u0131k r\u0131zan\u0131z\u0131n olmas\u0131, kanunlarda a\u00e7\u0131k\u00e7a \u00f6ng\u00f6r\u00fclmesi, ilgili ki\u015finin alenile\u015ftirdi\u011fi ki\u015fisel verilere ili\u015fkin ve alenile\u015ftirme iradesine uygun olmas\u0131, bir hakk\u0131n tesisi, kullan\u0131lmas\u0131 veya korunmas\u0131 i\u00e7in zorunlu olmas\u0131, istihdam, i\u015f sa\u011fl\u0131\u011f\u0131 ve g\u00fcvenli\u011fi, sosyal g\u00fcvenlik, sosyal hizmetler ve sosyal yard\u0131m alanlar\u0131ndaki hukuki y\u00fck\u00fcml\u00fcl\u00fcklerin yerine getirilmesi i\u00e7in zorunlu olmas\u0131, kayd\u0131yla i\u015flemekteyiz.<\/p>\n<ol start=\"4\">\n<li><strong>K\u0130\u015e\u0130SEL VER\u0130LER\u0130N AKTARIMI<\/strong><\/li>\n<\/ol>\n<p>Ki\u015fisel ve \u00f6zel nitelikli verileriniz; i\u015fbu \u0130lkelerin 2. maddesi kapsam\u0131nda yurt i\u00e7indeki i\u015f ortaklar\u0131m\u0131za, kamu kurum ve kurulu\u015flar\u0131na ve benzerlerine veya yurtd\u0131\u015f\u0131ndaki i\u015f ortaklar\u0131m\u0131za aktar\u0131labilmektedir. S\u00f6z konusu aktar\u0131mlar ger\u00e7ekle\u015ftirilirken 6698 say\u0131l\u0131 KVKK\u2019n\u0131n 8. ve 9. maddelerine uyumluluk g\u00f6zetilmektedir. Gerekli olmas\u0131 durumunda a\u00e7\u0131k r\u0131zan\u0131z al\u0131nmakta ve aktar\u0131m bu \u00e7er\u00e7evede sa\u011flanmaktad\u0131r.<\/p>\n<ol start=\"5\">\n<li><strong>K\u0130\u015e\u0130SEL VER\u0130LER\u0130N G\u00dcVENL\u0130\u011e\u0130<\/strong><\/li>\n<\/ol>\n<p>\u015eirket, ki\u015fisel verilerin g\u00fcvenli\u011fini sa\u011flamak, hukuka ayk\u0131r\u0131 olarak i\u015flenmesini \u00f6nlemek ad\u0131na, yetkisiz eri\u015fim risklerini, kaza ile veri kay\u0131plar\u0131n\u0131, verilerin kasti silinmesini veya verilerin zarar g\u00f6rmesini engelleyecek makul her t\u00fcrl\u00fc idari ve teknik tedbirleri almaktad\u0131r.<\/p>\n<p>Ki\u015fisel verilere, eri\u015fim yetkisi bulunan ki\u015filerden ba\u015fkalar\u0131n\u0131n eri\u015fmesini engellemek ad\u0131na gereken makul \u00f6l\u00e7\u00fcde her t\u00fcrl\u00fc teknik ve fiziki \u00f6nlemler al\u0131n\u0131r. Bu kapsamda \u00f6zellikle yetkilendirme sistemi, ki\u015filerin ve sistemlerin gere\u011finden fazla ki\u015fisel veriye eri\u015fmesinin m\u00fcmk\u00fcn olmayaca\u011f\u0131 \u015fekilde kurgulanmaktad\u0131r.<\/p>\n<p>\u015eirket, kendi kurum veya kurulu\u015funda, 6698 say\u0131l\u0131 KVKK h\u00fck\u00fcmlerinin uygulanmas\u0131n\u0131 sa\u011flamak amac\u0131yla gerekli denetimleri yapmakta ve yapt\u0131rmaktad\u0131r.<\/p>\n<p>&nbsp;<\/p>\n<p>Al\u0131nan \u00f6nlemler a\u015fa\u011f\u0131daki gibidir.<\/p>\n<p>&nbsp;<\/p>\n<ul>\n<li>A\u011f g\u00fcvenli\u011fi ve uygulama g\u00fcvenli\u011fi sa\u011flanmaktad\u0131r.<\/li>\n<li>A\u011f yoluyla ki\u015fisel veri aktar\u0131mlar\u0131nda kapal\u0131 sistem a\u011f kullan\u0131lmaktad\u0131r.<\/li>\n<li>Bilgi teknolojileri sistemleri tedarik, gelistirme ve bak\u0131m\u0131 kapsam\u0131ndaki g\u00fcvenlik \u00f6nlemleri al\u0131nmaktad\u0131r.<\/li>\n<li>Bulutta depolanan ki\u015fisel verilerin g\u00fcvenli\u011fi sa\u011flanmaktad\u0131r.<\/li>\n<li>\u00c7al\u0131\u015fanlar i\u00e7in veri g\u00fcvenli\u011fi h\u00fck\u00fcmleri i\u00e7eren disiplin d\u00fczenlemeleri mevcuttur.<\/li>\n<li>\u00c7al\u0131\u015fanlar i\u00e7in veri g\u00fcvenli\u011fi konusunda belli aral\u0131klarla e\u011fitim ve fark\u0131ndal\u0131k \u00e7al\u0131\u015fmalar\u0131 yap\u0131lmaktad\u0131r.<\/li>\n<li>\u00c7al\u0131\u015fanlar i\u00e7in yetki matrisi olu\u015fturulmu\u015ftur.<\/li>\n<li>Eri\u015fim loglar\u0131 d\u00fczenli olarak tutulmaktad\u0131r.<\/li>\n<li>Eri\u015fim, bilgi g\u00fcvenli\u011fi, kullan\u0131m, saklama ve imha konular\u0131nda kurumsal politikalar haz\u0131rlanm\u0131\u015f ve uygulamaya ba\u015flanm\u0131\u015ft\u0131r.<\/li>\n<li>Gerekti\u011finde veri maskeleme \u00f6nlemi uygulanmaktad\u0131r.<\/li>\n<li>Gizlilik taahh\u00fctnameleri yap\u0131lmaktad\u0131r.<\/li>\n<li>G\u00f6rev de\u011fi\u015fikli\u011fi olan ya da i\u015ften ayr\u0131lan \u00e7al\u0131\u015fanlar\u0131n bu alandaki yetkileri kald\u0131r\u0131lmaktad\u0131r.<\/li>\n<li>G\u00fcncel anti-vir\u00fcs sistemleri kullan\u0131lmaktad\u0131r.<\/li>\n<li>G\u00fcvenlik duvarlar\u0131 kullan\u0131lmaktad\u0131r.<\/li>\n<li>\u0130mzalanan s\u00f6zle\u015fmeler veri g\u00fcvenli\u011fi h\u00fck\u00fcmleri i\u00e7ermektedir.<\/li>\n<li>Ka\u011f\u0131t yoluyla aktar\u0131lan ki\u015fisel veriler i\u00e7in ekstra g\u00fcvenlik tedbirleri al\u0131nmakta ve ilgili evrak gizlilik dereceli belge format\u0131nda g\u00f6nderilmektedir.<\/li>\n<li>Ki\u015fisel veri g\u00fcvenli\u011fi politika ve prosed\u00fcrleri belirlenmi\u015ftir.<\/li>\n<li>Ki\u015fisel veri g\u00fcvenli\u011fi sorunlar\u0131 h\u0131zl\u0131 bir \u015fekilde raporlanmaktad\u0131r.<\/li>\n<li>Ki\u015fisel veri g\u00fcvenli\u011finin takibi yap\u0131lmaktad\u0131r.<\/li>\n<li>Ki\u015fisel veri i\u00e7eren fiziksel ortamlara giri\u015f \u00e7\u0131k\u0131\u015flarla ilgili gerekli g\u00fcvenlik \u00f6nlemleri al\u0131nmaktad\u0131r.<\/li>\n<li>Ki\u015fisel veri i\u00e7eren fiziksel ortamlar\u0131n d\u0131\u015f risklere (yang\u0131n, sel vb.) kar\u015f\u0131 g\u00fcvenli\u011fi sa\u011flanmaktad\u0131r.<\/li>\n<li>Ki\u015fisel veri i\u00e7eren ortamlar\u0131n g\u00fcvenli\u011fi sa\u011flanmaktad\u0131r.<\/li>\n<li>Ki\u015fisel veriler m\u00fcmk\u00fcn oldu\u011funca azalt\u0131lmaktad\u0131r.<\/li>\n<li>Ki\u015fisel veriler yedeklenmekte ve yedeklenen ki\u015fisel verilerin g\u00fcveni\u011fi de sa\u011flanmaktad\u0131r.<\/li>\n<li>Kullan\u0131c\u0131 hesap y\u00f6netimi ve yetki kontrol sistemi uygulanmakta olup bunlar\u0131n takibi de yap\u0131lmaktad\u0131r.<\/li>\n<li>Kurum i\u00e7i periyodik ve\/veya rastgele denetimler yap\u0131lmakta ve yapt\u0131r\u0131lmaktad\u0131r.<\/li>\n<li>Log kay\u0131tlar\u0131 kullan\u0131c\u0131 m\u00fcdahalesi olmayacak \u015fekilde tutulmaktad\u0131r.<\/li>\n<li>Mevcut risk ve tehditler belirlenmi\u015ftir.<\/li>\n<li>\u00d6zel nitelikli ki\u015fisel veri g\u00fcvenli\u011fine y\u00f6nelik protokol ve prosed\u00fcrler belirlenmi\u015f ve uygulanmaktad\u0131r.<\/li>\n<li>\u00d6zel nitelikli ki\u015fisel veriler elektronik posta yoluyla g\u00f6nderilecekse mutlaka \u015fifreli olarak ve KEP veya kurumsal posta hesab\u0131 kullan\u0131larak g\u00f6nderilmektedir.<\/li>\n<li>\u00d6zel nitelikli ki\u015fisel veriler i\u00e7in g\u00fcvenli \u015fifreleme \/ kriptografik anahtarlar kullan\u0131lmakta ve farkl\u0131 birimlerce y\u00f6netilmektedir.<\/li>\n<li>Sald\u0131r\u0131 tespit ve \u00f6nleme sistemleri kullan\u0131lmaktad\u0131r.<\/li>\n<li>Siber g\u00fcvenlik \u00f6nlemleri al\u0131nm\u0131\u015f olup uygulanmas\u0131 s\u00fcrekli takip edilmektedir.<\/li>\n<li>\u015eifreleme yap\u0131lmaktad\u0131r.<\/li>\n<li>Veri i\u015fleyen hizmet sa\u011flay\u0131c\u0131lar\u0131n\u0131n veri g\u00fcvenli\u011fi konusunda belli aral\u0131klarla denetimi sa\u011flanmaktad\u0131r.<\/li>\n<li>Veri i\u015fleyen hizmet sa\u011flay\u0131c\u0131lar\u0131n\u0131n, veri g\u00fcvenli\u011fi konusunda fark\u0131ndal\u0131\u011f\u0131 sa\u011flanmaktad\u0131r.<\/li>\n<\/ul>\n<p>&nbsp;<\/p>\n<ol start=\"6\">\n<li><strong>\u0130LG\u0130L\u0130 K\u0130\u015e\u0130N\u0130N HAKLARI, BA\u015eVURU USUL VE ESASLARI<\/strong><\/li>\n<\/ol>\n<p>&nbsp;<\/p>\n<p>\u0130lgili ki\u015fi olarak, 6698 say\u0131l\u0131 Kanun 11. maddede yer alan haklar\u0131n\u0131za ili\u015fkin bir talebiniz olmas\u0131 durumunda ve Avrupa Birli\u011fi vatanda\u015f\u0131 olman\u0131z halinde GDPR kapsam\u0131nda yer alan; a\u00e7\u0131k r\u0131zan\u0131z\u0131 geri alma, verilerinize ili\u015fkin bilgi alma ve bu verilerinize eri\u015fme, belirli durumlarda ki\u015fisel verilerinizi d\u00fczeltme, sildirtme veya i\u015flenmelerini s\u0131n\u0131rland\u0131rma, belirli ko\u015fullarda veri ta\u015f\u0131nabilirli\u011fi, ki\u015fisel verilerinizin i\u015flenmesine itiraz etme ve benzeri haklar\u0131n\u0131za ili\u015fkin taleplerinizi web sayfam\u0131zdan temin edebilece\u011finiz Ki\u015fisel Verilerin Korunmas\u0131na \u0130li\u015fkin Ba\u015fvuru Formu\u2019nu doldurarak veya Veri Sorumlusuna Ba\u015fvuru Usul ve Esaslar\u0131 Hakk\u0131nda Tebli\u011f ile \u00f6ng\u00f6r\u00fclen asgari ko\u015fullar\u0131 sa\u011flayan ba\u015fvurunuz ile a\u015fa\u011f\u0131daki y\u00f6ntemlerle taraf\u0131m\u0131za iletebilirsiniz. Yapaca\u011f\u0131n\u0131z ba\u015fvuruyu \u015eirket olarak, talebinizin niteli\u011fine g\u00f6re en k\u0131sa s\u00fcrede ve en ge\u00e7 otuz g\u00fcn i\u00e7erisinde \u00fccretsiz olarak sonu\u00e7land\u0131raca\u011f\u0131z. Ancak, i\u015flemin ayr\u0131ca bir maliyeti gerektirmesi h\u00e2linde, \u015eirket taraf\u0131ndan Ki\u015fisel Verileri Koruma Kurulunca belirlenen tarifedeki \u00fccret al\u0131nacakt\u0131r. Taraf\u0131m\u0131za ba\u015fvurman\u0131z \u00fczerine ba\u015fvurunuzun reddedilmesi, cevab\u0131n yetersiz bulunmas\u0131 veya s\u00fcresinde ba\u015fvuruya cevap verilmemesi hallerinde bizi bu konuda bilgilendirebilirsiniz ayr\u0131ca ilgili ki\u015fi olarak, cevab\u0131m\u0131z\u0131 \u00f6\u011frendi\u011finiz tarihten itibaren otuz ve her halde usul\u00fcne uygun ba\u015fvurunuzu ger\u00e7ekle\u015ftirdi\u011finiz tarihten itibaren altm\u0131\u015f g\u00fcn i\u00e7inde \u00fclkenizde bulunan yetkili veri koruma otoritesine ba\u015fvuru hakk\u0131n\u0131z bulunmaktad\u0131r.<\/p>\n<p><strong>\u00a0<\/strong><\/p>\n<table>\n<tbody>\n<tr>\n<td width=\"310\"><strong>Ba\u015fvuru Yolu<\/strong><\/td>\n<td width=\"301\"><strong>Ba\u015fvuru Adresi<\/strong><\/td>\n<\/tr>\n<tr>\n<td width=\"310\">KEP ile iletece\u011finiz elektronik ileti<\/td>\n<td width=\"301\">\u2026<\/td>\n<\/tr>\n<tr>\n<td width=\"310\">Sistemimizde kay\u0131tl\u0131 e-posta adresinizle veya g\u00fcvenli elektronik imzal\u0131, mobil imzal\u0131 olarak iletece\u011finiz ileti<\/td>\n<td width=\"301\">info@manim.com.tr<\/td>\n<\/tr>\n<tr>\n<td width=\"310\">Yaz\u0131l\u0131 olarak \u015fahsen veya noter kanal\u0131 ile iletece\u011finiz ba\u015fvuru<\/td>\n<td width=\"301\">Barbaros Mah. \u015eebboy Sokak Halkbank No:4\/1 Kat:4 \u0130\u00e7 Kap\u0131 No:21 (Dijital Teknokent Ata\u015fehir Yerle\u015fkesi) Ata\u015fehir \u2013 \u0130stanbul \/ T\u00fcrkiye<\/td>\n<\/tr>\n<\/tbody>\n<\/table>\n<p>&nbsp;<\/p>\n<p>&nbsp;<\/p>\n<p>&nbsp;<\/p>\n<p>&nbsp;<\/p>\n<p>&nbsp;<\/p>\n","protected":false},"excerpt":{"rendered":"<p>AMA\u00c7 VE KAPSAM \u0130\u015fbu Gizlilik ve Ki\u015fisel Verilerin Korunmas\u0131 \u0130lkeleri (bundan sonra \u201c\u0130lkeler\u201d olarak an\u0131lacakt\u0131r) Manim Finans Teknolojileri A.\u015e. (bundan sonra \u201c\u015eirket\u201d [&hellip;]<\/p>\n","protected":false},"author":12,"featured_media":0,"parent":0,"menu_order":0,"comment_status":"closed","ping_status":"closed","template":"","meta":{"footnotes":""},"class_list":["post-3257","page","type-page","status-publish","hentry"],"_links":{"self":[{"href":"https:\/\/www.manim.com.tr\/tr\/wp-json\/wp\/v2\/pages\/3257","targetHints":{"allow":["GET"]}}],"collection":[{"href":"https:\/\/www.manim.com.tr\/tr\/wp-json\/wp\/v2\/pages"}],"about":[{"href":"https:\/\/www.manim.com.tr\/tr\/wp-json\/wp\/v2\/types\/page"}],"author":[{"embeddable":true,"href":"https:\/\/www.manim.com.tr\/tr\/wp-json\/wp\/v2\/users\/12"}],"replies":[{"embeddable":true,"href":"https:\/\/www.manim.com.tr\/tr\/wp-json\/wp\/v2\/comments?post=3257"}],"version-history":[{"count":1,"href":"https:\/\/www.manim.com.tr\/tr\/wp-json\/wp\/v2\/pages\/3257\/revisions"}],"predecessor-version":[{"id":3258,"href":"https:\/\/www.manim.com.tr\/tr\/wp-json\/wp\/v2\/pages\/3257\/revisions\/3258"}],"wp:attachment":[{"href":"https:\/\/www.manim.com.tr\/tr\/wp-json\/wp\/v2\/media?parent=3257"}],"curies":[{"name":"wp","href":"https:\/\/api.w.org\/{rel}","templated":true}]}}