{"id":1405,"date":"2022-11-21T11:44:08","date_gmt":"2022-11-21T11:44:08","guid":{"rendered":"https:\/\/www.manim.com.tr\/?page_id=1405"},"modified":"2022-12-25T17:42:36","modified_gmt":"2022-12-25T17:42:36","slug":"veri-aktarim","status":"publish","type":"page","link":"https:\/\/www.manim.com.tr\/tr\/veri-aktarim\/","title":{"rendered":"Veri Aktar\u0131m Servisi"},"content":{"rendered":"\t\t<div data-elementor-type=\"wp-page\" data-elementor-id=\"1405\" class=\"elementor elementor-1405\">\n\t\t\t\t\t\t<section class=\"elementor-section elementor-top-section elementor-element elementor-element-9d19565 elementor-section-boxed elementor-section-height-default elementor-section-height-default\" data-id=\"9d19565\" data-element_type=\"section\">\n\t\t\t\t\t\t<div class=\"elementor-container elementor-column-gap-default\">\n\t\t\t\t\t<div class=\"elementor-column elementor-col-100 elementor-top-column elementor-element elementor-element-b5b48e2\" data-id=\"b5b48e2\" data-element_type=\"column\">\n\t\t\t<div class=\"elementor-widget-wrap elementor-element-populated\">\n\t\t\t\t\t\t<section class=\"elementor-section elementor-inner-section elementor-element elementor-element-3ebb1fc elementor-section-boxed elementor-section-height-default elementor-section-height-default\" data-id=\"3ebb1fc\" data-element_type=\"section\">\n\t\t\t\t\t\t<div class=\"elementor-container elementor-column-gap-default\">\n\t\t\t\t\t<div class=\"elementor-column elementor-col-50 elementor-inner-column elementor-element elementor-element-80c18a2\" data-id=\"80c18a2\" data-element_type=\"column\">\n\t\t\t<div class=\"elementor-widget-wrap elementor-element-populated\">\n\t\t\t\t\t\t<div class=\"elementor-element elementor-element-034c35d elementor-widget elementor-widget-text-editor\" data-id=\"034c35d\" data-element_type=\"widget\" data-widget_type=\"text-editor.default\">\n\t\t\t\t<div class=\"elementor-widget-container\">\n\t\t\t\t\t\t\t\t\t<h3>B\u0131rak\u0131n\u00a0Verilerinizi\u00a0manim API&#8217;le\u015ftirsin ve Entegrasyon \u0130mkan\u0131 Sa\u011flas\u0131n<\/h3><p style=\"font-weight: 400;\">manim, data transfer sistemi arac\u0131l\u0131\u011f\u0131 ile farkl\u0131 bir \u00e7ok metod ve dosya tiplerini kullanarak veri konsolidasyon imkan\u0131 ve standart d\u0131\u015f\u0131 verilerin manim sistemi \u00fczerinden kullan\u0131m\u0131n\u0131 ve \u00a0entegrasyon imkan\u0131 sa\u011flamaktad\u0131r.\u00a0<\/p><p style=\"font-weight: 400;\">\u00a0 \u00a0 \u00a0 \u00a0 \u00a0 \u00a0 \u00a0 \u00a0 \u00a0 \u00a0 \u00a0 \u00a0\u00a0<\/p><p>manim her \u015feyi her yere ba\u011flaman\u0131za izin veren hafif bir entegrasyon platformudur. Harici API&#8217;lerin ve dahili uygulamalar\u0131n u\u00e7tan uca entegrasyonu i\u00e7in gerekli t\u00fcm bile\u015fenleri i\u00e7erir.<\/p><h5 dir=\"ltr\" data-placeholder=\"\u00c7eviri\"><strong>Finans \u0130\u015f Ak\u0131\u015flar\u0131n\u0131z\u0131 \u00a0\u0130\u015f Orta\u011f\u0131 API&#8217;leri ve Dahili Uygulamalarla Otomatikle\u015ftirin<\/strong><\/h5><h5 id=\"tw-target-text\" class=\"tw-data-text tw-text-large tw-ta\" dir=\"ltr\" data-placeholder=\"\u00c7eviri\"><span class=\"Y2IQFc\" lang=\"tr\">Daha D\u00fc\u015f\u00fck Uygulama Maliyetleri<\/span><\/h5><p dir=\"ltr\" data-placeholder=\"\u00c7eviri\"><span class=\"Y2IQFc\" lang=\"tr\">manim sistemini bulutta veya \u015firket i\u00e7inde kullanarak entegrasyon ve sunucu maliyetlerinizi azalt\u0131n.<\/span><\/p><h5 dir=\"ltr\" data-placeholder=\"\u00c7eviri\">\u00d6l\u00e7eklenebilir Entegrasyon \u0130mkan\u0131<\/h5><p id=\"tw-target-text\" class=\"tw-data-text tw-text-large tw-ta\" dir=\"ltr\" data-placeholder=\"\u00c7eviri\"><span class=\"Y2IQFc\" lang=\"tr\">Basit d\u00fc\u015f\u00fck maliyetli \u00a0alt yap\u0131s\u0131 ile kurumsal i\u015f y\u00fcklerini desteklemek i\u00e7in tamamen \u00f6l\u00e7eklenebilir ve geni\u015fletilebilir bir entegrasyon imkan\u0131 sa\u011flamaktad\u0131r .<\/span><\/p><h5>Formatlar Aras\u0131nda D\u00f6n\u00fc\u015f\u00fcm<\/h5><p id=\"tw-target-text\" class=\"tw-data-text tw-text-large tw-ta\" dir=\"ltr\" data-placeholder=\"\u00c7eviri\"><span class=\"Y2IQFc\" lang=\"tr\">SWIFT MT940, TXT,XLS,XML ve CSV, JSON gibi yayg\u0131n dosya bi\u00e7imleri aras\u0131nda dosyalar\u0131 kolayca e\u015fleyin, \u00e7evirin ve kopyalay\u0131n.<\/span><\/p><h5 id=\"tw-target-text\" class=\"tw-data-text tw-text-large tw-ta\" dir=\"ltr\" data-placeholder=\"\u00c7eviri\"><span class=\"Y2IQFc\" lang=\"tr\">Kullan\u0131lan Aktar\u0131m Protokolleri<\/span><\/h5><p id=\"tw-target-text\" class=\"tw-data-text tw-text-large tw-ta\" dir=\"ltr\" data-placeholder=\"\u00c7eviri\"><span class=\"Y2IQFc\" lang=\"tr\">FTP, SFTP, HTTP ve SMTP gibi pop\u00fcler protokoller \u00fczerinden dosya g\u00f6nderip al\u0131n.<\/span><\/p><h5 dir=\"ltr\" data-placeholder=\"\u00c7eviri\">Uygulama ve Veri Ba\u011flant\u0131s\u0131<\/h5><p dir=\"ltr\" data-placeholder=\"\u00c7eviri\">manim&#8217;in yerle\u015fik konekt\u00f6rleri ile kutudan \u00e7\u0131kt\u0131\u011f\u0131 haliyle denenmi\u015f \u00a0uygulama ve veri kaynaklar\u0131yla entegre edin.<\/p>\t\t\t\t\t\t\t\t<\/div>\n\t\t\t\t<\/div>\n\t\t\t\t\t<\/div>\n\t\t<\/div>\n\t\t\t\t<div class=\"elementor-column elementor-col-50 elementor-inner-column elementor-element elementor-element-3c96b4f\" data-id=\"3c96b4f\" data-element_type=\"column\">\n\t\t\t<div class=\"elementor-widget-wrap elementor-element-populated\">\n\t\t\t\t\t\t<div class=\"elementor-element elementor-element-a7f5059 elementor-widget elementor-widget-image\" data-id=\"a7f5059\" data-element_type=\"widget\" data-widget_type=\"image.default\">\n\t\t\t\t<div class=\"elementor-widget-container\">\n\t\t\t\t\t\t\t\t\t\t\t\t\t\t\t<img fetchpriority=\"high\" decoding=\"async\" width=\"434\" height=\"436\" src=\"https:\/\/www.manim.com.tr\/wp-content\/uploads\/2022\/11\/data-1-e1668607143113.png\" class=\"attachment-large size-large wp-image-1021\" alt=\"\" srcset=\"https:\/\/www.manim.com.tr\/wp-content\/uploads\/2022\/11\/data-1-e1668607143113.png 434w, https:\/\/www.manim.com.tr\/wp-content\/uploads\/2022\/11\/data-1-e1668607143113-300x300.png 300w, https:\/\/www.manim.com.tr\/wp-content\/uploads\/2022\/11\/data-1-e1668607143113-150x150.png 150w\" sizes=\"(max-width: 434px) 100vw, 434px\" \/>\t\t\t\t\t\t\t\t\t\t\t\t\t\t\t<\/div>\n\t\t\t\t<\/div>\n\t\t\t\t\t<\/div>\n\t\t<\/div>\n\t\t\t\t\t<\/div>\n\t\t<\/section>\n\t\t\t\t\t<\/div>\n\t\t<\/div>\n\t\t\t\t\t<\/div>\n\t\t<\/section>\n\t\t\t\t<div class=\"elementor-section elementor-top-section elementor-element elementor-element-3eedbd4 elementor-section-boxed elementor-section-height-default elementor-section-height-default\" data-id=\"3eedbd4\" data-element_type=\"section\">\n\t\t\t\t\t\t\t<div class=\"elementor-background-overlay\"><\/div>\n\t\t\t\t\t\t\t<div class=\"elementor-container elementor-column-gap-default\">\n\t\t\t\t\t<div class=\"elementor-column elementor-col-100 elementor-top-column elementor-element elementor-element-3d19144\" data-id=\"3d19144\" data-element_type=\"column\">\n\t\t\t<div class=\"elementor-widget-wrap elementor-element-populated\">\n\t\t\t\t\t\t<div class=\"elementor-element elementor-element-3b45a27 animated-fast elementor-invisible elementor-widget elementor-widget-heading\" data-id=\"3b45a27\" data-element_type=\"widget\" data-settings=\"{&quot;_animation&quot;:&quot;fadeInUp&quot;}\" data-widget_type=\"heading.default\">\n\t\t\t\t<div class=\"elementor-widget-container\">\n\t\t\t\t\t<h2 class=\"elementor-heading-title elementor-size-default\">Her \u00e7e\u015fit verinizi verin biz API'le\u015ftirelim<\/h2>\t\t\t\t<\/div>\n\t\t\t\t<\/div>\n\t\t\t\t<div class=\"elementor-element elementor-element-d9ad41b animated-fast elementor-invisible elementor-widget elementor-widget-text-editor\" data-id=\"d9ad41b\" data-element_type=\"widget\" data-settings=\"{&quot;_animation&quot;:&quot;fadeInUp&quot;,&quot;_animation_delay&quot;:100}\" data-widget_type=\"text-editor.default\">\n\t\t\t\t<div class=\"elementor-widget-container\">\n\t\t\t\t\t\t\t\t\t<p>Finansal kararlar\u0131n\u0131z\u0131 al\u0131rken i\u015finize konsantre olun, <strong>manim<\/strong>\u00a0veri d\u00f6n\u00fc\u015ft\u00fcrme servisleri, verinin kalitesini iyile\u015ftirme, veriyi di\u011fer sistemlerle entegre etme, verinin eri\u015filebilirli\u011fini art\u0131rma, veri y\u00f6netimini basitle\u015ftirme ve veri analizini geli\u015ftirme gibi bir\u00e7ok avantaj sunar.<\/p>\t\t\t\t\t\t\t\t<\/div>\n\t\t\t\t<\/div>\n\t\t\t\t<div class=\"elementor-section elementor-inner-section elementor-element elementor-element-3f85a7b animated-fast elementor-section-boxed elementor-section-height-default elementor-section-height-default elementor-invisible\" data-id=\"3f85a7b\" data-element_type=\"section\" data-settings=\"{&quot;animation&quot;:&quot;fadeInUp&quot;,&quot;animation_delay&quot;:200}\">\n\t\t\t\t\t\t<div class=\"elementor-container elementor-column-gap-default\">\n\t\t\t\t\t<div class=\"elementor-column elementor-col-50 elementor-inner-column elementor-element elementor-element-0dbde7d\" data-id=\"0dbde7d\" data-element_type=\"column\">\n\t\t\t<div class=\"elementor-widget-wrap elementor-element-populated\">\n\t\t\t\t\t\t<div class=\"elementor-element elementor-element-5f9a3ed bdt-icon-type-icon elementor-position-top bdt-icon-effect-none elementor-widget elementor-widget-bdt-advanced-icon-box\" data-id=\"5f9a3ed\" data-element_type=\"widget\" data-widget_type=\"bdt-advanced-icon-box.default\">\n\t\t\t\t<div class=\"elementor-widget-container\">\n\t\t\t\t\t\t\t<div class=\"bdt-ep-advanced-icon-box\">\n\n\t\t\t\t\t\t\t\n\t\t\t\t\t\t\t<div class=\"bdt-ep-advanced-icon-box-icon\">\n\t\t\t\t\t<span class=\"bdt-ep-advanced-icon-box-icon-wrap\">\n\n\n\t\t\t\t\t\t\n\t\t\t\t\t\t\t<i aria-hidden=\"true\" class=\"far fa-handshake\"><\/i>\n\n\t\t\t\t\t\t\t\t\t\t\t<\/span>\n\t\t\t\t<\/div>\n\t\t\t\n\t\t\t\t\t\n\t\t\t<div class=\"bdt-ep-advanced-icon-box-content\">\n\n\t\t\t\t\t\t\t\t\t\n\t\t\t\t<h4 class=\"bdt-ep-advanced-icon-box-title\">\n\t\t\t\t<span >\n\t\t\t\t\tTek bir sistem ile sahadan t\u00fcm finans bilgilerinize ula\u015f\u0131n \t\t\t\t<\/span>\n\t\t\t<\/h4>\n\t\t\n\n\t\t\n\t\t\t\t\t\t\n\t\t\t\t\n\t\t\t\t\t\t\t\t\t<div class=\"bdt-ep-advanced-icon-box-separator-wrap\">\n\t\t\t\t\t\t<div class=\"bdt-ep-advanced-icon-box-separator\"><\/div>\n\t\t\t\t\t<\/div>\n\t\t\t\t\n\t\t\t\t\n\t\t\t\t\t\t\t\t\t<div class=\"bdt-ep-advanced-icon-box-description\">\n\t\t\t\t\t\t<p><span style=\"font-size: inherit; color: var(--uicore-typography--p-c,'#070707'); font-family: var(--uicore-typography--p-f,'Inter'); font-style: var(--uicore-typography--p-st,'normal'); letter-spacing: var(--uicore-typography--p-ls,'-0.027em'); text-transform: var(--uicore-typography--p-t,'none');\">Saha personelleriniz sorumluluk alan\u0131ndaki cari alacak, risk ve a\u00e7\u0131k hesaplar\u0131n\u0131 <\/span><span style=\"font-size: var(--uicore-typography--p-s,'10px'); color: var(--uicore-typography--p-c,'#070707'); font-family: var(--uicore-typography--p-f,'Inter'); font-style: var(--uicore-typography--p-st,'normal'); letter-spacing: var(--uicore-typography--p-ls,'-0.027em'); text-transform: var(--uicore-typography--p-t,'none');\">ERP\/Ticari sistem ile tam <\/span><span style=\"font-size: inherit; color: var(--uicore-typography--p-c,'#070707'); font-family: var(--uicore-typography--p-f,'Inter'); font-style: var(--uicore-typography--p-st,'normal'); letter-spacing: var(--uicore-typography--p-ls,'-0.027em'); text-transform: var(--uicore-typography--p-t,'none');\">entegre<\/span><span style=\"font-family: var(--uicore-typography--p-f,Inter);\"><span style=\"color: var(--uicore-typography--p-c,'#070707'); font-size: inherit; font-style: var(--uicore-typography--p-st,'normal'); letter-spacing: var(--uicore-typography--p-ls,'-0.027em'); text-transform: var(--uicore-typography--p-t,'none');\"> anl\u0131k kontrol etsin. <\/span><\/span><\/p><p><span style=\"font-family: var(--uicore-typography--p-f,Inter);\"><span style=\"color: var(--uicore-typography--p-c,'#070707'); font-size: inherit; font-style: var(--uicore-typography--p-st,'normal'); letter-spacing: var(--uicore-typography--p-ls,'-0.027em'); text-transform: var(--uicore-typography--p-t,'none');\">Bankadan yap\u0131lan Havele\/EFT <\/span><\/span>tahsilatlar\u0131n\u0131z\u0131, cari hesap bakiyelerini ve hareketlerini b\u00f6lge baz\u0131nda takip etsin.\u00a0<\/p><p>\u00a0<span style=\"font-size: inherit; color: var(--uicore-typography--p-c,'#070707'); font-family: var(--uicore-typography--p-f,'Inter'); font-style: var(--uicore-typography--p-st,'normal'); letter-spacing: var(--uicore-typography--p-ls,'-0.027em'); text-transform: var(--uicore-typography--p-t,'none');\">Dekontlar\u0131n\u0131 mobilden izlesin ve payla\u015fs\u0131n. Siz tahsilat plan\u0131 ve ger\u00e7ekle\u015fme performans\u0131n\u0131z\u0131 keyifle y\u00f6netin.<\/span><\/p>\t\t\t\t\t<\/div>\n\t\t\t\t\n\t\t\t\t\t\t\t<\/div>\n\t\t<\/div>\n\n\t\t\n\t\t\n\t\t\t\t\t\t<\/div>\n\t\t\t\t<\/div>\n\t\t\t\t<div class=\"elementor-element elementor-element-059860a bdt-icon-type-icon elementor-position-top bdt-icon-effect-none elementor-widget elementor-widget-bdt-advanced-icon-box\" data-id=\"059860a\" data-element_type=\"widget\" data-widget_type=\"bdt-advanced-icon-box.default\">\n\t\t\t\t<div class=\"elementor-widget-container\">\n\t\t\t\t\t\t\t<div class=\"bdt-ep-advanced-icon-box\">\n\n\t\t\t\t\t\t\t\n\t\t\t\t\t\t\t<div class=\"bdt-ep-advanced-icon-box-icon\">\n\t\t\t\t\t<span class=\"bdt-ep-advanced-icon-box-icon-wrap\">\n\n\n\t\t\t\t\t\t\n\t\t\t\t\t\t\t<i aria-hidden=\"true\" class=\"fas fa-unlock-alt\"><\/i>\n\n\t\t\t\t\t\t\t\t\t\t\t<\/span>\n\t\t\t\t<\/div>\n\t\t\t\n\t\t\t\t\t\n\t\t\t<div class=\"bdt-ep-advanced-icon-box-content\">\n\n\t\t\t\t\t\t\t\t\t\n\t\t\t\t<h4 class=\"bdt-ep-advanced-icon-box-title\">\n\t\t\t\t<span >\n\t\t\t\t\t\u00d6deme \/ Tahsilat'lar\u0131n\u0131z\u0131 Planl\u0131 ve Kontroll\u00fc Yap\u0131n , Ger\u00e7ekle\u015fmeleri Anl\u0131k Takip Edin \t\t\t\t<\/span>\n\t\t\t<\/h4>\n\t\t\n\n\t\t\n\t\t\t\t\t\t\n\t\t\t\t\n\t\t\t\t\t\t\t\t\t<div class=\"bdt-ep-advanced-icon-box-separator-wrap\">\n\t\t\t\t\t\t<div class=\"bdt-ep-advanced-icon-box-separator\"><\/div>\n\t\t\t\t\t<\/div>\n\t\t\t\t\n\t\t\t\t\n\t\t\t\t\t\t\t\t\t<div class=\"bdt-ep-advanced-icon-box-description\">\n\t\t\t\t\t\t<p>ERP\/Ticari sistemizdeki verilere entegre tek tu\u015fla \u00f6deme planlar\u0131n\u0131z\u0131 olu\u015fturun , mevcut plan \u00fczerinden kopyalayarak ya da Excel \u00fczerinden t\u00fcm planlar\u0131n\u0131z\u0131 kolayl\u0131kla y\u00fckleyin .\u00a0<\/p><p>\u00d6deme \/ Tahsilat planlar\u0131n\u0131z banka hareketleriniz ile otomatik e\u015fle\u015fsin ve ERP\/Ticari sisteminize aktar\u0131ls\u0131n .<\/p><p>Hangi bankada ne kadar paran\u0131z oldu\u011funu tek tu\u015fla g\u00f6r\u00fcn, tahsilat ve \u00f6deme talimatlar\u0131n\u0131z\u0131 planlar\u0131n\u0131z \u00fczerinde istedi\u011finiz bankaya h\u0131zl\u0131ca aktar\u0131n.<\/p><p>\u0130\u015flem ger\u00e7ekle\u015fti\u011finde haberdar olun ve takip eden faaliyetlerinize y\u00f6n verin. Kontrol\u00fc elden b\u0131rakmay\u0131n.<\/p>\t\t\t\t\t<\/div>\n\t\t\t\t\n\t\t\t\t\t\t\t<\/div>\n\t\t<\/div>\n\n\t\t\n\t\t\n\t\t\t\t\t\t<\/div>\n\t\t\t\t<\/div>\n\t\t\t\t\t<\/div>\n\t\t<\/div>\n\t\t\t\t<div class=\"elementor-column elementor-col-50 elementor-inner-column elementor-element elementor-element-e132157\" data-id=\"e132157\" data-element_type=\"column\">\n\t\t\t<div class=\"elementor-widget-wrap elementor-element-populated\">\n\t\t\t\t\t\t<div class=\"elementor-element elementor-element-b1779ea bdt-icon-type-icon elementor-position-top bdt-icon-effect-none elementor-widget elementor-widget-bdt-advanced-icon-box\" data-id=\"b1779ea\" data-element_type=\"widget\" data-widget_type=\"bdt-advanced-icon-box.default\">\n\t\t\t\t<div class=\"elementor-widget-container\">\n\t\t\t\t\t\t\t<div class=\"bdt-ep-advanced-icon-box\">\n\n\t\t\t\t\t\t\t\n\t\t\t\t\t\t\t<div class=\"bdt-ep-advanced-icon-box-icon\">\n\t\t\t\t\t<span class=\"bdt-ep-advanced-icon-box-icon-wrap\">\n\n\n\t\t\t\t\t\t\n\t\t\t\t\t\t\t<i aria-hidden=\"true\" class=\"fas fa-business-time\"><\/i>\n\n\t\t\t\t\t\t\t\t\t\t\t<\/span>\n\t\t\t\t<\/div>\n\t\t\t\n\t\t\t\t\t\n\t\t\t<div class=\"bdt-ep-advanced-icon-box-content\">\n\n\t\t\t\t\t\t\t\t\t\n\t\t\t\t<h4 class=\"bdt-ep-advanced-icon-box-title\">\n\t\t\t\t<span >\n\t\t\t\t\tK\u00fc\u00e7\u00fck ya da B\u00fcy\u00fck, T\u00fcm \u015eirketlerinizi Tek Platformda Merkezi Y\u00f6netin\t\t\t\t<\/span>\n\t\t\t<\/h4>\n\t\t\n\n\t\t\n\t\t\t\t\t\t\n\t\t\t\t\n\t\t\t\t\t\t\t\t\t<div class=\"bdt-ep-advanced-icon-box-separator-wrap\">\n\t\t\t\t\t\t<div class=\"bdt-ep-advanced-icon-box-separator\"><\/div>\n\t\t\t\t\t<\/div>\n\t\t\t\t\n\t\t\t\t\n\t\t\t\t\t\t\t\t\t<div class=\"bdt-ep-advanced-icon-box-description\">\n\t\t\t\t\t\t<p>\u0130ster \u015fah\u0131s firmas\u0131, isterse bayii ya da \u015fubeleri olan bir \u015firket, ister holding yap\u0131s\u0131nda \u00e7oklu firma, isterse uluslararas\u0131 bir kurum, organizasyonunuzu tan\u0131mlay\u0131n, esnek ve g\u00fcvenli finansal nakit y\u00f6netiminin keyfini ve rahatl\u0131\u011f\u0131n\u0131 ya\u015fay\u0131n.<\/p><p>Birden fazla \u015firket finans y\u00f6netiminden sorumlu iseniz \u00a0t\u00fcm grup \u00a0nakit durumlar\u0131n\u0131z\u0131 tek t\u0131kla mobil , masa\u00fcst\u00fc (desktop) ve web uygulamalar\u0131ndan takip edin.<\/p><p>Nakit verilerinizi ERP sisteminizde mevcut olan Kasa , \u00c7ek ve di\u011fer veriler ile zenginle\u015ftirerek \u00a0finansal kararlar\u0131n\u0131z\u0131 artt\u0131r\u0131n.\u00a0<\/p>\t\t\t\t\t<\/div>\n\t\t\t\t\n\t\t\t\t\t\t\t<\/div>\n\t\t<\/div>\n\n\t\t\n\t\t\n\t\t\t\t\t\t<\/div>\n\t\t\t\t<\/div>\n\t\t\t\t<div class=\"elementor-element elementor-element-b75c5bc bdt-icon-type-icon elementor-position-top bdt-icon-effect-none elementor-widget elementor-widget-bdt-advanced-icon-box\" data-id=\"b75c5bc\" data-element_type=\"widget\" data-widget_type=\"bdt-advanced-icon-box.default\">\n\t\t\t\t<div class=\"elementor-widget-container\">\n\t\t\t\t\t\t\t<div class=\"bdt-ep-advanced-icon-box\">\n\n\t\t\t\t\t\t\t\n\t\t\t\t\t\t\t<div class=\"bdt-ep-advanced-icon-box-icon\">\n\t\t\t\t\t<span class=\"bdt-ep-advanced-icon-box-icon-wrap\">\n\n\n\t\t\t\t\t\t\n\t\t\t\t\t\t\t<i aria-hidden=\"true\" class=\"fas fa-memory\"><\/i>\n\n\t\t\t\t\t\t\t\t\t\t\t<\/span>\n\t\t\t\t<\/div>\n\t\t\t\n\t\t\t\t\t\n\t\t\t<div class=\"bdt-ep-advanced-icon-box-content\">\n\n\t\t\t\t\t\t\t\t\t\n\t\t\t\t<h4 class=\"bdt-ep-advanced-icon-box-title\">\n\t\t\t\t<span >\n\t\t\t\t\tG\u00dc\u00c7L\u00dc F\u0130NANSAL HAFIZA\t\t\t\t<\/span>\n\t\t\t<\/h4>\n\t\t\n\n\t\t\n\t\t\t\t\t\t\n\t\t\t\t\n\t\t\t\t\t\t\t\t\t<div class=\"bdt-ep-advanced-icon-box-separator-wrap\">\n\t\t\t\t\t\t<div class=\"bdt-ep-advanced-icon-box-separator\"><\/div>\n\t\t\t\t\t<\/div>\n\t\t\t\t\n\t\t\t\t\n\t\t\t\t\t\t\t\t\t<div class=\"bdt-ep-advanced-icon-box-description\">\n\t\t\t\t\t\t<p>I\u015f ili\u015fkisi i\u00e7inde oldu\u011funuz ki\u015fi ya da kurumlar\u0131 bir kere tan\u0131mlay\u0131n manim sizi tan\u0131s\u0131n. \u0130\u015flem yapt\u0131k\u00e7a finansal davran\u0131\u015flar\u0131n\u0131z\u0131 ve i\u015flem karakteristi\u011finizi \u00f6\u011frenerek i\u015flemlerinizi otomatize etsin, size kontrol \u00a0ve denetletmek kals\u0131n.<\/p>\t\t\t\t\t<\/div>\n\t\t\t\t\n\t\t\t\t\t\t\t<\/div>\n\t\t<\/div>\n\n\t\t\n\t\t\n\t\t\t\t\t\t<\/div>\n\t\t\t\t<\/div>\n\t\t\t\t\t<\/div>\n\t\t<\/div>\n\t\t\t\t\t<\/div>\n\t\t<\/div>\n\t\t\t\t\t<\/div>\n\t\t<\/div>\n\t\t\t\t\t<\/div>\n\t\t<\/div>\n\t\t\t\t<\/div>\n\t\t","protected":false},"excerpt":{"rendered":"<p>B\u0131rak\u0131n\u00a0Verilerinizi\u00a0manim API&#8217;le\u015ftirsin ve Entegrasyon \u0130mkan\u0131 Sa\u011flas\u0131n manim, data transfer sistemi arac\u0131l\u0131\u011f\u0131 ile farkl\u0131 bir \u00e7ok metod ve dosya tiplerini kullanarak veri konsolidasyon [&hellip;]<\/p>\n","protected":false},"author":1,"featured_media":0,"parent":0,"menu_order":0,"comment_status":"closed","ping_status":"closed","template":"","meta":{"footnotes":""},"class_list":["post-1405","page","type-page","status-publish","hentry"],"_links":{"self":[{"href":"https:\/\/www.manim.com.tr\/tr\/wp-json\/wp\/v2\/pages\/1405","targetHints":{"allow":["GET"]}}],"collection":[{"href":"https:\/\/www.manim.com.tr\/tr\/wp-json\/wp\/v2\/pages"}],"about":[{"href":"https:\/\/www.manim.com.tr\/tr\/wp-json\/wp\/v2\/types\/page"}],"author":[{"embeddable":true,"href":"https:\/\/www.manim.com.tr\/tr\/wp-json\/wp\/v2\/users\/1"}],"replies":[{"embeddable":true,"href":"https:\/\/www.manim.com.tr\/tr\/wp-json\/wp\/v2\/comments?post=1405"}],"version-history":[{"count":10,"href":"https:\/\/www.manim.com.tr\/tr\/wp-json\/wp\/v2\/pages\/1405\/revisions"}],"predecessor-version":[{"id":2533,"href":"https:\/\/www.manim.com.tr\/tr\/wp-json\/wp\/v2\/pages\/1405\/revisions\/2533"}],"wp:attachment":[{"href":"https:\/\/www.manim.com.tr\/tr\/wp-json\/wp\/v2\/media?parent=1405"}],"curies":[{"name":"wp","href":"https:\/\/api.w.org\/{rel}","templated":true}]}}