{"id":1395,"date":"2022-11-21T11:42:32","date_gmt":"2022-11-21T11:42:32","guid":{"rendered":"https:\/\/www.manim.com.tr\/?page_id=1395"},"modified":"2022-12-25T10:56:46","modified_gmt":"2022-12-25T10:56:46","slug":"online-tahsilat","status":"publish","type":"page","link":"https:\/\/www.manim.com.tr\/tr\/online-tahsilat\/","title":{"rendered":"Online Tahsilat"},"content":{"rendered":"\t\t<div data-elementor-type=\"wp-page\" data-elementor-id=\"1395\" class=\"elementor elementor-1395\">\n\t\t\t\t\t\t<section class=\"elementor-section elementor-top-section elementor-element elementor-element-9e16678 elementor-section-boxed elementor-section-height-default elementor-section-height-default\" data-id=\"9e16678\" data-element_type=\"section\">\n\t\t\t\t\t\t<div class=\"elementor-container elementor-column-gap-default\">\n\t\t\t\t\t<div class=\"elementor-column elementor-col-100 elementor-top-column elementor-element elementor-element-ae89b4f\" data-id=\"ae89b4f\" data-element_type=\"column\">\n\t\t\t<div class=\"elementor-widget-wrap elementor-element-populated\">\n\t\t\t\t\t\t<section class=\"elementor-section elementor-inner-section elementor-element elementor-element-c1de887 elementor-section-boxed elementor-section-height-default elementor-section-height-default\" data-id=\"c1de887\" data-element_type=\"section\">\n\t\t\t\t\t\t<div class=\"elementor-container elementor-column-gap-default\">\n\t\t\t\t\t<div class=\"elementor-column elementor-col-50 elementor-inner-column elementor-element elementor-element-39a642a\" data-id=\"39a642a\" data-element_type=\"column\">\n\t\t\t<div class=\"elementor-widget-wrap elementor-element-populated\">\n\t\t\t\t\t\t<div class=\"elementor-element elementor-element-558aef3 elementor-widget elementor-widget-text-editor\" data-id=\"558aef3\" data-element_type=\"widget\" data-widget_type=\"text-editor.default\">\n\t\t\t\t<div class=\"elementor-widget-container\">\n\t\t\t\t\t\t\t\t\t<h3>Kredi Kart\u0131 ile Tahsilat\u0131n Keyfini Ya\u015fay\u0131n\u00a0<\/h3><p><span style=\"font-size: 16px;\">Saha sat\u0131\u015f ekipleriniz, manim mobil uygulamas\u0131 \u00fczerinden ERP ve muhasebe entegrasyonlar\u0131 ile kendi sorumlu olduklar\u0131 m\u00fc\u015fterilerine ait \u00a0bakiye, cari hesap hareketlerini, vade bilgileri, kontrol edebilir fatura bazl\u0131 ve\/veya ba\u011flant\u0131s\u0131z kredi kart\u0131 ile tahsilat yapabilirler.<\/span><\/p><p>\u00a0 \u00a0 \u00a0 \u00a0 \u00a0 \u00a0 \u00a0 \u00a0 \u00a0 \u00a0 \u00a0 \u00a0 \u00a0\u00a0<\/p><p>Manim online tahsilat sistemi Paratika ve IPara sistemi ile tam entegre olarak \u00e7al\u0131\u015fmaktad\u0131r. \u00a0Kullan\u0131c\u0131lar \u00a0manim mobil uygulamas\u0131 \u00fczerinden \u00a0NFC ile \u00a0anl\u0131k tahsilat , kredi kart\u0131 ile tahsilat ve link ile \u00f6deme i\u015flemlerini yapabilmektedir.<\/p><p>Bulundu\u011funuz yerde bir bilgisayar olmas\u0131 veya yan\u0131n\u0131zda ak\u0131ll\u0131 bir telefon olmas\u0131 yeterli POS makinesi ta\u015f\u0131man\u0131za gerek kalmadan tahsilat\u0131n\u0131z\u0131 her yerden manim \u00a0mobil uygulamas\u0131 ile yapabilirsiniz.<\/p>\t\t\t\t\t\t\t\t<\/div>\n\t\t\t\t<\/div>\n\t\t\t\t\t<\/div>\n\t\t<\/div>\n\t\t\t\t<div class=\"elementor-column elementor-col-50 elementor-inner-column elementor-element elementor-element-f824221\" data-id=\"f824221\" data-element_type=\"column\">\n\t\t\t<div class=\"elementor-widget-wrap elementor-element-populated\">\n\t\t\t\t\t\t<div class=\"elementor-element elementor-element-f335742 elementor-widget elementor-widget-image\" data-id=\"f335742\" data-element_type=\"widget\" data-widget_type=\"image.default\">\n\t\t\t\t<div class=\"elementor-widget-container\">\n\t\t\t\t\t\t\t\t\t\t\t\t\t\t\t<img fetchpriority=\"high\" decoding=\"async\" width=\"321\" height=\"326\" src=\"https:\/\/www.manim.com.tr\/wp-content\/uploads\/2022\/12\/riskyo\u0308netim-3-e1670840897346.png\" class=\"attachment-2048x2048 size-2048x2048 wp-image-1965\" alt=\"\" srcset=\"https:\/\/www.manim.com.tr\/wp-content\/uploads\/2022\/12\/riskyo\u0308netim-3-e1670840897346.png 321w, https:\/\/www.manim.com.tr\/wp-content\/uploads\/2022\/12\/riskyo\u0308netim-3-e1670840897346-295x300.png 295w\" sizes=\"(max-width: 321px) 100vw, 321px\" \/>\t\t\t\t\t\t\t\t\t\t\t\t\t\t\t<\/div>\n\t\t\t\t<\/div>\n\t\t\t\t\t<\/div>\n\t\t<\/div>\n\t\t\t\t\t<\/div>\n\t\t<\/section>\n\t\t\t\t\t<\/div>\n\t\t<\/div>\n\t\t\t\t\t<\/div>\n\t\t<\/section>\n\t\t\t\t<div class=\"elementor-section elementor-top-section elementor-element elementor-element-273fe82 elementor-section-boxed elementor-section-height-default elementor-section-height-default\" data-id=\"273fe82\" data-element_type=\"section\">\n\t\t\t\t\t\t\t<div class=\"elementor-background-overlay\"><\/div>\n\t\t\t\t\t\t\t<div class=\"elementor-container elementor-column-gap-default\">\n\t\t\t\t\t<div class=\"elementor-column elementor-col-100 elementor-top-column elementor-element elementor-element-b2efc6f\" data-id=\"b2efc6f\" data-element_type=\"column\">\n\t\t\t<div class=\"elementor-widget-wrap elementor-element-populated\">\n\t\t\t\t\t\t<div class=\"elementor-element elementor-element-c789eaa animated-fast elementor-invisible elementor-widget elementor-widget-heading\" data-id=\"c789eaa\" data-element_type=\"widget\" data-settings=\"{&quot;_animation&quot;:&quot;fadeInUp&quot;}\" data-widget_type=\"heading.default\">\n\t\t\t\t<div class=\"elementor-widget-container\">\n\t\t\t\t\t<h2 class=\"elementor-heading-title elementor-size-default\">Mobil Tek T\u0131k ile <br>Tahsil Et !<\/h2>\t\t\t\t<\/div>\n\t\t\t\t<\/div>\n\t\t\t\t<div class=\"elementor-element elementor-element-d03efb4 animated-fast elementor-invisible elementor-widget elementor-widget-text-editor\" data-id=\"d03efb4\" data-element_type=\"widget\" data-settings=\"{&quot;_animation&quot;:&quot;fadeInUp&quot;,&quot;_animation_delay&quot;:100}\" data-widget_type=\"text-editor.default\">\n\t\t\t\t<div class=\"elementor-widget-container\">\n\t\t\t\t\t\t\t\t\t<p>Online sat\u0131\u015fa y\u00f6nelik t\u00fcm ihtiya\u00e7lar\u0131n\u0131z\u0131 ve daha fazlas\u0131n\u0131 tek bir platform \u00fczerinden kolayca y\u00f6netmenizi sa\u011flayan \u00f6deme platformlar\u0131n\u0131 manim finans \u00e7\u00f6z\u00fcm\u00fc \u00fczerinden kullanarak\u00a0<br class=\"hidden-xs\" \/>sat\u0131\u015f \u00e7e\u015fit ve verimlili\u011finizi artt\u0131r\u0131n.<\/p>\t\t\t\t\t\t\t\t<\/div>\n\t\t\t\t<\/div>\n\t\t\t\t<div class=\"elementor-section elementor-inner-section elementor-element elementor-element-0653e62 animated-fast elementor-section-boxed elementor-section-height-default elementor-section-height-default elementor-invisible\" data-id=\"0653e62\" data-element_type=\"section\" data-settings=\"{&quot;animation&quot;:&quot;fadeInUp&quot;,&quot;animation_delay&quot;:200}\">\n\t\t\t\t\t\t<div class=\"elementor-container elementor-column-gap-default\">\n\t\t\t\t\t<div class=\"elementor-column elementor-col-50 elementor-inner-column elementor-element elementor-element-8a790cb\" data-id=\"8a790cb\" data-element_type=\"column\">\n\t\t\t<div class=\"elementor-widget-wrap elementor-element-populated\">\n\t\t\t\t\t\t<div class=\"elementor-element elementor-element-f684e0f bdt-icon-type-icon elementor-position-top bdt-icon-effect-none elementor-widget elementor-widget-bdt-advanced-icon-box\" data-id=\"f684e0f\" data-element_type=\"widget\" data-widget_type=\"bdt-advanced-icon-box.default\">\n\t\t\t\t<div class=\"elementor-widget-container\">\n\t\t\t\t\t\t\t<div class=\"bdt-ep-advanced-icon-box\">\n\n\t\t\t\t\t\t\t\n\t\t\t\t\t\t\t<div class=\"bdt-ep-advanced-icon-box-icon\">\n\t\t\t\t\t<span class=\"bdt-ep-advanced-icon-box-icon-wrap\">\n\n\n\t\t\t\t\t\t\n\t\t\t\t\t\t\t<i aria-hidden=\"true\" class=\"far fa-handshake\"><\/i>\n\n\t\t\t\t\t\t\t\t\t\t\t<\/span>\n\t\t\t\t<\/div>\n\t\t\t\n\t\t\t\t\t\n\t\t\t<div class=\"bdt-ep-advanced-icon-box-content\">\n\n\t\t\t\t\t\t\t\t\t\n\t\t\t\t<h4 class=\"bdt-ep-advanced-icon-box-title\">\n\t\t\t\t<span >\n\t\t\t\t\tTek T\u0131k \u0130le \u00d6deme Al \t\t\t\t<\/span>\n\t\t\t<\/h4>\n\t\t\n\n\t\t\n\t\t\t\t\t\t\n\t\t\t\t\n\t\t\t\t\t\t\t\t\t<div class=\"bdt-ep-advanced-icon-box-separator-wrap\">\n\t\t\t\t\t\t<div class=\"bdt-ep-advanced-icon-box-separator\"><\/div>\n\t\t\t\t\t<\/div>\n\t\t\t\t\n\t\t\t\t\n\t\t\t\t\t\t\t\t\t<div class=\"bdt-ep-advanced-icon-box-description\">\n\t\t\t\t\t\t<p><span style=\"font-size: inherit; color: var(--uicore-typography--p-c,'#070707'); font-family: var(--uicore-typography--p-f,'Inter'); font-style: var(--uicore-typography--p-st,'normal'); font-weight: var(--uicore-typography--p-w,'600'); letter-spacing: var(--uicore-typography--p-ls,'-0.027em'); text-transform: var(--uicore-typography--p-t,'none');\">Kart bilgisi girmenin zor oldu\u011fu mobil ve mobil site platformalar\u0131 i\u00e7in kullan\u0131c\u0131lar\u0131n\u0131za kart saklama \/ kart kaydetme ve kay\u0131tl\u0131 karttan tek t\u0131kla \u00f6deme imkan\u0131 sunarak, mobil trafi\u011finizin sat\u0131\u015fa d\u00f6n\u00fc\u015f\u00fcn\u00fc en \u00fcst d\u00fczeye ta\u015f\u0131y\u0131n.<\/span><\/p><p style=\"font-size: 18px;\"><span style=\"font-size: inherit; color: var(--uicore-typography--p-c,'#070707'); font-family: var(--uicore-typography--p-f,'Inter'); font-style: var(--uicore-typography--p-st,'normal'); letter-spacing: var(--uicore-typography--p-ls,'-0.027em'); text-transform: var(--uicore-typography--p-t,'none');\">Personelleriniz sorumluluk alan\u0131ndaki cari alacak, risk ve a\u00e7\u0131k hesaplar\u0131n\u0131 <\/span><span style=\"font-size: var(--uicore-typography--p-s,'10px'); color: var(--uicore-typography--p-c,'#070707'); font-family: var(--uicore-typography--p-f,'Inter'); font-style: var(--uicore-typography--p-st,'normal'); letter-spacing: var(--uicore-typography--p-ls,'-0.027em'); text-transform: var(--uicore-typography--p-t,'none');\">ERP\/Ticari sistem ile tam <\/span><span style=\"font-size: inherit; color: var(--uicore-typography--p-c,'#070707'); font-family: var(--uicore-typography--p-f,'Inter'); font-style: var(--uicore-typography--p-st,'normal'); letter-spacing: var(--uicore-typography--p-ls,'-0.027em'); text-transform: var(--uicore-typography--p-t,'none');\">entegre<\/span><span style=\"font-family: var(--uicore-typography--p-f,Inter);\"> anl\u0131k kontrol etsin, f<\/span><span style=\"font-size: inherit; color: var(--uicore-typography--p-c,'#070707'); font-family: var(--uicore-typography--p-f,'Inter'); font-style: var(--uicore-typography--p-st,'normal'); font-weight: var(--uicore-typography--p-w,'600'); letter-spacing: var(--uicore-typography--p-ls,'-0.027em'); text-transform: var(--uicore-typography--p-t,'none');\">atura ili\u015fkili \/ fatura ili\u015fkisiz tahsilat yap\u0131n.<\/span><\/p>\t\t\t\t\t<\/div>\n\t\t\t\t\n\t\t\t\t\t\t\t<\/div>\n\t\t<\/div>\n\n\t\t\n\t\t\n\t\t\t\t\t\t<\/div>\n\t\t\t\t<\/div>\n\t\t\t\t<div class=\"elementor-element elementor-element-5f5e3ba bdt-icon-type-icon elementor-position-top bdt-icon-effect-none elementor-widget elementor-widget-bdt-advanced-icon-box\" data-id=\"5f5e3ba\" data-element_type=\"widget\" data-widget_type=\"bdt-advanced-icon-box.default\">\n\t\t\t\t<div class=\"elementor-widget-container\">\n\t\t\t\t\t\t\t<div class=\"bdt-ep-advanced-icon-box\">\n\n\t\t\t\t\t\t\t\n\t\t\t\t\t\t\t<div class=\"bdt-ep-advanced-icon-box-icon\">\n\t\t\t\t\t<span class=\"bdt-ep-advanced-icon-box-icon-wrap\">\n\n\n\t\t\t\t\t\t\n\t\t\t\t\t\t\t<i aria-hidden=\"true\" class=\"fas fa-business-time\"><\/i>\n\n\t\t\t\t\t\t\t\t\t\t\t<\/span>\n\t\t\t\t<\/div>\n\t\t\t\n\t\t\t\t\t\n\t\t\t<div class=\"bdt-ep-advanced-icon-box-content\">\n\n\t\t\t\t\t\t\t\t\t\n\t\t\t\t<h4 class=\"bdt-ep-advanced-icon-box-title\">\n\t\t\t\t<span >\n\t\t\t\t\tE-Mail ile Tahsil Et\t\t\t\t<\/span>\n\t\t\t<\/h4>\n\t\t\n\n\t\t\n\t\t\t\t\t\t\n\t\t\t\t\n\t\t\t\t\t\t\t\t\t<div class=\"bdt-ep-advanced-icon-box-separator-wrap\">\n\t\t\t\t\t\t<div class=\"bdt-ep-advanced-icon-box-separator\"><\/div>\n\t\t\t\t\t<\/div>\n\t\t\t\t\n\t\t\t\t\n\t\t\t\t\t\t\t\t\t<div class=\"bdt-ep-advanced-icon-box-description\">\n\t\t\t\t\t\t<p><span style=\"font-size: inherit; color: var(--uicore-typography--p-c,'#070707'); font-family: var(--uicore-typography--p-f,'Inter'); font-style: var(--uicore-typography--p-st,'normal'); font-weight: var(--uicore-typography--p-w,'600'); letter-spacing: var(--uicore-typography--p-ls,'-0.027em'); text-transform: var(--uicore-typography--p-t,'none');\">M\u00fc\u015fteri, bayi ve alt bayilerinize E-Mail ile \u00f6deme linki \u00fczerinden kredi kart\u0131 tahsilat\u0131 imkan\u0131 sa\u011flay\u0131n.<\/span><\/p>\t\t\t\t\t<\/div>\n\t\t\t\t\n\t\t\t\t\t\t\t<\/div>\n\t\t<\/div>\n\n\t\t\n\t\t\n\t\t\t\t\t\t<\/div>\n\t\t\t\t<\/div>\n\t\t\t\t\t<\/div>\n\t\t<\/div>\n\t\t\t\t<div class=\"elementor-column elementor-col-50 elementor-inner-column elementor-element elementor-element-69d2e8e\" data-id=\"69d2e8e\" data-element_type=\"column\">\n\t\t\t<div class=\"elementor-widget-wrap elementor-element-populated\">\n\t\t\t\t\t\t<div class=\"elementor-element elementor-element-3eaa417 bdt-icon-type-icon elementor-position-top bdt-icon-effect-none elementor-widget elementor-widget-bdt-advanced-icon-box\" data-id=\"3eaa417\" data-element_type=\"widget\" data-widget_type=\"bdt-advanced-icon-box.default\">\n\t\t\t\t<div class=\"elementor-widget-container\">\n\t\t\t\t\t\t\t<div class=\"bdt-ep-advanced-icon-box\">\n\n\t\t\t\t\t\t\t\n\t\t\t\t\t\t\t<div class=\"bdt-ep-advanced-icon-box-icon\">\n\t\t\t\t\t<span class=\"bdt-ep-advanced-icon-box-icon-wrap\">\n\n\n\t\t\t\t\t\t\n\t\t\t\t\t\t\t<i aria-hidden=\"true\" class=\"fas fa-business-time\"><\/i>\n\n\t\t\t\t\t\t\t\t\t\t\t<\/span>\n\t\t\t\t<\/div>\n\t\t\t\n\t\t\t\t\t\n\t\t\t<div class=\"bdt-ep-advanced-icon-box-content\">\n\n\t\t\t\t\t\t\t\t\t\n\t\t\t\t<h4 class=\"bdt-ep-advanced-icon-box-title\">\n\t\t\t\t<span >\n\t\t\t\t\tSMS ile Tahsil Et\t\t\t\t<\/span>\n\t\t\t<\/h4>\n\t\t\n\n\t\t\n\t\t\t\t\t\t\n\t\t\t\t\n\t\t\t\t\t\t\t\t\t<div class=\"bdt-ep-advanced-icon-box-separator-wrap\">\n\t\t\t\t\t\t<div class=\"bdt-ep-advanced-icon-box-separator\"><\/div>\n\t\t\t\t\t<\/div>\n\t\t\t\t\n\t\t\t\t\n\t\t\t\t\t\t\t\t\t<div class=\"bdt-ep-advanced-icon-box-description\">\n\t\t\t\t\t\t<p><span style=\"font-size: inherit; color: var(--uicore-typography--p-c,'#070707'); font-family: var(--uicore-typography--p-f,'Inter'); font-style: var(--uicore-typography--p-st,'normal'); font-weight: var(--uicore-typography--p-w,'600'); letter-spacing: var(--uicore-typography--p-ls,'-0.027em'); text-transform: var(--uicore-typography--p-t,'none');\">M\u00fc\u015fteri, bayi ve alt bayilerinize SMS\/E-Mail ile \u00f6deme linki \u00fczerinden kredi kart\u0131 tahsilat\u0131 imkan\u0131 sa\u011flay\u0131n.<\/span><\/p>\t\t\t\t\t<\/div>\n\t\t\t\t\n\t\t\t\t\t\t\t<\/div>\n\t\t<\/div>\n\n\t\t\n\t\t\n\t\t\t\t\t\t<\/div>\n\t\t\t\t<\/div>\n\t\t\t\t<div class=\"elementor-element elementor-element-ecb93b2 bdt-icon-type-icon elementor-position-top bdt-icon-effect-none elementor-widget elementor-widget-bdt-advanced-icon-box\" data-id=\"ecb93b2\" data-element_type=\"widget\" data-widget_type=\"bdt-advanced-icon-box.default\">\n\t\t\t\t<div class=\"elementor-widget-container\">\n\t\t\t\t\t\t\t<div class=\"bdt-ep-advanced-icon-box\">\n\n\t\t\t\t\t\t\t\n\t\t\t\t\t\t\t<div class=\"bdt-ep-advanced-icon-box-icon\">\n\t\t\t\t\t<span class=\"bdt-ep-advanced-icon-box-icon-wrap\">\n\n\n\t\t\t\t\t\t\n\t\t\t\t\t\t\t<i aria-hidden=\"true\" class=\"fas fa-unlock-alt\"><\/i>\n\n\t\t\t\t\t\t\t\t\t\t\t<\/span>\n\t\t\t\t<\/div>\n\t\t\t\n\t\t\t\t\t\n\t\t\t<div class=\"bdt-ep-advanced-icon-box-content\">\n\n\t\t\t\t\t\t\t\t\t\n\t\t\t\t<h4 class=\"bdt-ep-advanced-icon-box-title\">\n\t\t\t\t<span >\n\t\t\t\t\tAbonelik ve Kiralama \u00d6demeleri\t\t\t\t<\/span>\n\t\t\t<\/h4>\n\t\t\n\n\t\t\n\t\t\t\t\t\t\n\t\t\t\t\n\t\t\t\t\t\t\t\t\t<div class=\"bdt-ep-advanced-icon-box-separator-wrap\">\n\t\t\t\t\t\t<div class=\"bdt-ep-advanced-icon-box-separator\"><\/div>\n\t\t\t\t\t<\/div>\n\t\t\t\t\n\t\t\t\t\n\t\t\t\t\t\t\t\t\t<div class=\"bdt-ep-advanced-icon-box-description\">\n\t\t\t\t\t\t<p>M\u00fc\u015fterilerinize banka kart\u0131 ve kredi kart\u0131yla \u00f6deme imkan\u0131n\u0131, taksit, 3D secure, puan kullan\u0131m gibi t\u00fcm \u00f6zellikleri mobil uyumlu aray\u00fczlerle t\u00fcm kanallarda sunabilir.\u00a0 G\u00fcvenli kart saklama ve Tek T\u0131kla \u00d6deme imkan\u0131 ile m\u00fc\u015fterilerinize bu kanallarda, her \u00f6demede tekrar kart bilgisi girmeden kolayca \u00f6deme yapma imkan\u0131 da sa\u011flayabilirsiniz.<\/p>\t\t\t\t\t<\/div>\n\t\t\t\t\n\t\t\t\t\t\t\t<\/div>\n\t\t<\/div>\n\n\t\t\n\t\t\n\t\t\t\t\t\t<\/div>\n\t\t\t\t<\/div>\n\t\t\t\t\t<\/div>\n\t\t<\/div>\n\t\t\t\t\t<\/div>\n\t\t<\/div>\n\t\t\t\t\t<\/div>\n\t\t<\/div>\n\t\t\t\t\t<\/div>\n\t\t<\/div>\n\t\t\t\t<\/div>\n\t\t","protected":false},"excerpt":{"rendered":"<p>Kredi Kart\u0131 ile Tahsilat\u0131n Keyfini Ya\u015fay\u0131n\u00a0 Saha sat\u0131\u015f ekipleriniz, manim mobil uygulamas\u0131 \u00fczerinden ERP ve muhasebe entegrasyonlar\u0131 ile kendi sorumlu olduklar\u0131 m\u00fc\u015fterilerine [&hellip;]<\/p>\n","protected":false},"author":1,"featured_media":0,"parent":0,"menu_order":0,"comment_status":"closed","ping_status":"closed","template":"","meta":{"footnotes":""},"class_list":["post-1395","page","type-page","status-publish","hentry"],"_links":{"self":[{"href":"https:\/\/www.manim.com.tr\/tr\/wp-json\/wp\/v2\/pages\/1395","targetHints":{"allow":["GET"]}}],"collection":[{"href":"https:\/\/www.manim.com.tr\/tr\/wp-json\/wp\/v2\/pages"}],"about":[{"href":"https:\/\/www.manim.com.tr\/tr\/wp-json\/wp\/v2\/types\/page"}],"author":[{"embeddable":true,"href":"https:\/\/www.manim.com.tr\/tr\/wp-json\/wp\/v2\/users\/1"}],"replies":[{"embeddable":true,"href":"https:\/\/www.manim.com.tr\/tr\/wp-json\/wp\/v2\/comments?post=1395"}],"version-history":[{"count":53,"href":"https:\/\/www.manim.com.tr\/tr\/wp-json\/wp\/v2\/pages\/1395\/revisions"}],"predecessor-version":[{"id":2686,"href":"https:\/\/www.manim.com.tr\/tr\/wp-json\/wp\/v2\/pages\/1395\/revisions\/2686"}],"wp:attachment":[{"href":"https:\/\/www.manim.com.tr\/tr\/wp-json\/wp\/v2\/media?parent=1395"}],"curies":[{"name":"wp","href":"https:\/\/api.w.org\/{rel}","templated":true}]}}