{"id":1393,"date":"2022-11-21T11:42:22","date_gmt":"2022-11-21T11:42:22","guid":{"rendered":"https:\/\/www.manim.com.tr\/?page_id=1393"},"modified":"2022-12-24T18:20:18","modified_gmt":"2022-12-24T18:20:18","slug":"qr-tahsilat","status":"publish","type":"page","link":"https:\/\/www.manim.com.tr\/tr\/qr-tahsilat\/","title":{"rendered":"QR  Tahsilat"},"content":{"rendered":"\t\t<div data-elementor-type=\"wp-page\" data-elementor-id=\"1393\" class=\"elementor elementor-1393\">\n\t\t\t\t\t\t<section class=\"elementor-section elementor-top-section elementor-element elementor-element-ed3784f elementor-section-boxed elementor-section-height-default elementor-section-height-default\" data-id=\"ed3784f\" data-element_type=\"section\">\n\t\t\t\t\t\t<div class=\"elementor-container elementor-column-gap-default\">\n\t\t\t\t\t<div class=\"elementor-column elementor-col-100 elementor-top-column elementor-element elementor-element-6c2bd99\" data-id=\"6c2bd99\" data-element_type=\"column\">\n\t\t\t<div class=\"elementor-widget-wrap elementor-element-populated\">\n\t\t\t\t\t\t<section class=\"elementor-section elementor-inner-section elementor-element elementor-element-b82440f elementor-section-boxed elementor-section-height-default elementor-section-height-default\" data-id=\"b82440f\" data-element_type=\"section\">\n\t\t\t\t\t\t<div class=\"elementor-container elementor-column-gap-default\">\n\t\t\t\t\t<div class=\"elementor-column elementor-col-50 elementor-inner-column elementor-element elementor-element-99f60d6\" data-id=\"99f60d6\" data-element_type=\"column\">\n\t\t\t<div class=\"elementor-widget-wrap elementor-element-populated\">\n\t\t\t\t\t\t<div class=\"elementor-element elementor-element-c5eebd0 elementor-widget elementor-widget-text-editor\" data-id=\"c5eebd0\" data-element_type=\"widget\" data-widget_type=\"text-editor.default\">\n\t\t\t\t<div class=\"elementor-widget-container\">\n\t\t\t\t\t\t\t\t\t<h3><strong><span style=\"font-weight: 400;\">QR Tahsilat ile An\u0131nda T<\/span>ahsilat<span style=\"font-weight: 400;\">&nbsp; ve Risksiz Ya\u015fam<\/span><\/strong><\/h3>\n<p style=\"font-weight: 400;\">Manim &nbsp;ile kolayca QR kod olu\u015fturabilir ve bu kod \u00fczerinden m\u00fc\u015fterinizden \u00f6deme alabilirsiniz.<\/p>\n<p style=\"font-weight: 400;\">Tahsilat\u0131lar\u0131n\u0131z anl\u0131k olarak ERP\/muhasebe sistemine kaydederek etkin bir m\u00fc\u015fteri risk takibi yapabilirsiniz.<\/p>\n<p style=\"font-weight: 400;\">M\u00fc\u015fterinize ait fatura bilgilerini &nbsp;ERP sistemine entegre size \u00f6zel i\u015flem bazl\u0131 QR kodlar olu\u015fturabilir ve\/veya fatura ili\u015fkisiz olarak &nbsp;QR Tahsilat\u0131 yapabilirsiniz .<\/p>\n<p style=\"font-weight: 400;\">M\u00fc\u015fteriler ak\u0131ll\u0131 telefonlar\u0131nda yer alan kamera veya QR kod taray\u0131c\u0131 ile ilgili banka \u00fczerinden g\u00fcvenli olarak kolayca i\u015flemlerini tamamlayabilir.<\/p>\n<p style=\"font-weight: 400;\">QR Tahsilat arac\u0131l\u0131\u011f\u0131 ile size \u00f6zel QR kod \u00fcreterek g\u00fcvenle, temass\u0131z \u00f6deme alabilece\u011finiz gibi m\u00fc\u015fterilerinize online olarak QR kodu g\u00f6nderebilir,&nbsp;temass\u0131z \u00f6deme limitine tak\u0131lmadan kurallar dahilinde kolayl\u0131kla \u00f6deme alabilirsiniz.<\/p>\n<p><\/p>\t\t\t\t\t\t\t\t<\/div>\n\t\t\t\t<\/div>\n\t\t\t\t\t<\/div>\n\t\t<\/div>\n\t\t\t\t<div class=\"elementor-column elementor-col-50 elementor-inner-column elementor-element elementor-element-fa23aff\" data-id=\"fa23aff\" data-element_type=\"column\">\n\t\t\t<div class=\"elementor-widget-wrap elementor-element-populated\">\n\t\t\t\t\t\t<div class=\"elementor-element elementor-element-d66fbbc elementor-widget elementor-widget-image\" data-id=\"d66fbbc\" data-element_type=\"widget\" data-widget_type=\"image.default\">\n\t\t\t\t<div class=\"elementor-widget-container\">\n\t\t\t\t\t\t\t\t\t\t\t\t\t\t\t<img fetchpriority=\"high\" decoding=\"async\" width=\"1000\" height=\"563\" src=\"https:\/\/www.manim.com.tr\/wp-content\/uploads\/2022\/11\/qrtahsilat-1024x576.png\" class=\"attachment-large size-large wp-image-917\" alt=\"Qr \u00d6deme\" srcset=\"https:\/\/www.manim.com.tr\/wp-content\/uploads\/2022\/11\/qrtahsilat-1024x576.png 1024w, https:\/\/www.manim.com.tr\/wp-content\/uploads\/2022\/11\/qrtahsilat-768x432.png 768w, https:\/\/www.manim.com.tr\/wp-content\/uploads\/2022\/11\/qrtahsilat-1536x864.png 1536w\" sizes=\"(max-width: 1000px) 100vw, 1000px\" \/>\t\t\t\t\t\t\t\t\t\t\t\t\t\t\t<\/div>\n\t\t\t\t<\/div>\n\t\t\t\t\t<\/div>\n\t\t<\/div>\n\t\t\t\t\t<\/div>\n\t\t<\/section>\n\t\t\t\t\t<\/div>\n\t\t<\/div>\n\t\t\t\t\t<\/div>\n\t\t<\/section>\n\t\t\t\t<div class=\"elementor-section elementor-top-section elementor-element elementor-element-4b053b7 elementor-section-boxed elementor-section-height-default elementor-section-height-default\" data-id=\"4b053b7\" data-element_type=\"section\">\n\t\t\t\t\t\t\t<div class=\"elementor-background-overlay\"><\/div>\n\t\t\t\t\t\t\t<div class=\"elementor-container elementor-column-gap-default\">\n\t\t\t\t\t<div class=\"elementor-column elementor-col-100 elementor-top-column elementor-element elementor-element-d62e7b7\" data-id=\"d62e7b7\" data-element_type=\"column\">\n\t\t\t<div class=\"elementor-widget-wrap elementor-element-populated\">\n\t\t\t\t\t\t<div class=\"elementor-element elementor-element-45c203b animated-fast elementor-invisible elementor-widget elementor-widget-heading\" data-id=\"45c203b\" data-element_type=\"widget\" data-settings=\"{&quot;_animation&quot;:&quot;fadeInUp&quot;}\" data-widget_type=\"heading.default\">\n\t\t\t\t<div class=\"elementor-widget-container\">\n\t\t\t\t\t<h2 class=\"elementor-heading-title elementor-size-default\">Her noktada tahsilat yapmaya ba\u015flay\u0131n<\/h2>\t\t\t\t<\/div>\n\t\t\t\t<\/div>\n\t\t\t\t<div class=\"elementor-element elementor-element-c0d28ca animated-fast elementor-invisible elementor-widget elementor-widget-text-editor\" data-id=\"c0d28ca\" data-element_type=\"widget\" data-settings=\"{&quot;_animation&quot;:&quot;fadeInUp&quot;,&quot;_animation_delay&quot;:100}\" data-widget_type=\"text-editor.default\">\n\t\t\t\t<div class=\"elementor-widget-container\">\n\t\t\t\t\t\t\t\t\t<p>Tahsilat sorunu ya\u015famadan en k\u0131sa s\u00fcrede nakit tahsilatlar\u0131n\u0131z\u0131 artt\u0131r\u0131n. Fiziksel pos, sanalpos ve di\u011fer tahsilat ara\u00e7lar\u0131ndan kurtulun. T\u00fcm ortamlardaki tahsilatlar\u0131n\u0131z QR\u00a0 kullan\u0131n\u0131n.<\/p>\t\t\t\t\t\t\t\t<\/div>\n\t\t\t\t<\/div>\n\t\t\t\t<div class=\"elementor-section elementor-inner-section elementor-element elementor-element-2e58c75 animated-fast elementor-section-boxed elementor-section-height-default elementor-section-height-default elementor-invisible\" data-id=\"2e58c75\" data-element_type=\"section\" data-settings=\"{&quot;animation&quot;:&quot;fadeInUp&quot;,&quot;animation_delay&quot;:200}\">\n\t\t\t\t\t\t<div class=\"elementor-container elementor-column-gap-default\">\n\t\t\t\t\t<div class=\"elementor-column elementor-col-50 elementor-inner-column elementor-element elementor-element-b415bcb\" data-id=\"b415bcb\" data-element_type=\"column\">\n\t\t\t<div class=\"elementor-widget-wrap elementor-element-populated\">\n\t\t\t\t\t\t<div class=\"elementor-element elementor-element-5a3c318 bdt-icon-type-icon elementor-position-top bdt-icon-effect-none elementor-widget elementor-widget-bdt-advanced-icon-box\" data-id=\"5a3c318\" data-element_type=\"widget\" data-widget_type=\"bdt-advanced-icon-box.default\">\n\t\t\t\t<div class=\"elementor-widget-container\">\n\t\t\t\t\t\t\t<div class=\"bdt-ep-advanced-icon-box\">\n\n\t\t\t\t\t\t\t\n\t\t\t\t\t\t\t<div class=\"bdt-ep-advanced-icon-box-icon\">\n\t\t\t\t\t<span class=\"bdt-ep-advanced-icon-box-icon-wrap\">\n\n\n\t\t\t\t\t\t\n\t\t\t\t\t\t\t<i aria-hidden=\"true\" class=\"far fa-handshake\"><\/i>\n\n\t\t\t\t\t\t\t\t\t\t\t<\/span>\n\t\t\t\t<\/div>\n\t\t\t\n\t\t\t\t\t\n\t\t\t<div class=\"bdt-ep-advanced-icon-box-content\">\n\n\t\t\t\t\t\t\t\t\t\n\t\t\t\t<h4 class=\"bdt-ep-advanced-icon-box-title\">\n\t\t\t\t<span >\n\t\t\t\t\tTek Sistem ile Sahada H\u0131zl\u0131 Kolay \u00d6deme Al\u0131n \t\t\t\t<\/span>\n\t\t\t<\/h4>\n\t\t\n\n\t\t\n\t\t\t\t\t\t\n\t\t\t\t\n\t\t\t\t\t\t\t\t\t<div class=\"bdt-ep-advanced-icon-box-separator-wrap\">\n\t\t\t\t\t\t<div class=\"bdt-ep-advanced-icon-box-separator\"><\/div>\n\t\t\t\t\t<\/div>\n\t\t\t\t\n\t\t\t\t\n\t\t\t\t\t\t\t\t\t<div class=\"bdt-ep-advanced-icon-box-description\">\n\t\t\t\t\t\t<p style=\"margin: 0cm; font-size: medium; font-family: 'Times New Roman', serif; caret-color: #000000; color: #000000; white-space: normal; line-height: 24px;\" align=\"center\"><span lang=\"TR\" style=\"font-size: 13.5pt; line-height: 27px; font-family: 'Open Sans', sans-serif; color: #77767a;\">\u0130ster online ister y\u00fcz y\u00fcze, QR kod, \u00f6demeleri h\u0131zland\u0131rman\u0131za ve hizmet verebilece\u011finiz m\u00fc\u015fteri say\u0131s\u0131n\u0131 art\u0131rman\u0131za yard\u0131mc\u0131 olur.\u00a0<\/span><\/p><p>\u00a0<span style=\"color: var(--uicore-typography--p-c,'#070707'); font-family: 'Open Sans', sans-serif; font-size: var(--uicore-typography--p-s,'10px'); caret-color: #000000; white-space: normal; font-style: var(--uicore-typography--p-st,'normal'); letter-spacing: var(--uicore-typography--p-ls,'-0.027em'); text-transform: var(--uicore-typography--p-t,'none');\"><b>manim <\/b>mobil<\/span><span style=\"color: var(--uicore-typography--p-c,'#070707'); font-family: 'Open Sans', sans-serif; font-size: var(--uicore-typography--p-s,'10px'); caret-color: #000000; white-space: normal; font-style: var(--uicore-typography--p-st,'normal'); letter-spacing: var(--uicore-typography--p-ls,'-0.027em'); text-transform: var(--uicore-typography--p-t,'none');\">\u00a0uygulamas\u0131 ile h<\/span><span style=\"font-family: 'Open Sans', sans-serif; font-size: 13.5pt; caret-color: #000000; white-space: normal; font-style: var(--uicore-typography--p-st,'normal'); letter-spacing: var(--uicore-typography--p-ls,'-0.027em'); text-transform: var(--uicore-typography--p-t,'none');\">erhangi bir kart, nakit veya \u00f6deme terminaline ihtiya\u00e7 olmadan kolay bir \u00f6deme deneyimini ya\u015fay\u0131n. Ak\u0131ll\u0131 telefon veya tablet kullanarak m\u00fc\u015fteri deneyiminizi iyile\u015ftirin.\u00a0<\/span><span style=\"font-size: inherit; color: var(--uicore-typography--p-c,'#070707'); font-family: var(--uicore-typography--p-f,'Inter'); font-style: var(--uicore-typography--p-st,'normal'); letter-spacing: var(--uicore-typography--p-ls,'-0.027em'); text-transform: var(--uicore-typography--p-t,'none');\">\u00a0<\/span><\/p><p style=\"margin: 0cm; font-size: medium; font-family: 'Times New Roman', serif; caret-color: #000000; color: #000000; white-space: normal; line-height: 24px;\" align=\"center\"><span lang=\"TR\" style=\"font-size: 13.5pt; line-height: 27px; font-family: 'Open Sans', sans-serif; color: #77767a;\">M\u00fc\u015fterileriniz \u00a0yaln\u0131zca kodu tarayarak g\u00f6n\u00fcl rahatl\u0131\u011f\u0131 ile \u00f6deme yaps\u0131n.<br \/><\/span><\/p>\t\t\t\t\t<\/div>\n\t\t\t\t\n\t\t\t\t\t\t\t<\/div>\n\t\t<\/div>\n\n\t\t\n\t\t\n\t\t\t\t\t\t<\/div>\n\t\t\t\t<\/div>\n\t\t\t\t<div class=\"elementor-element elementor-element-a9d7f68 bdt-icon-type-icon elementor-position-top bdt-icon-effect-none elementor-widget elementor-widget-bdt-advanced-icon-box\" data-id=\"a9d7f68\" data-element_type=\"widget\" data-widget_type=\"bdt-advanced-icon-box.default\">\n\t\t\t\t<div class=\"elementor-widget-container\">\n\t\t\t\t\t\t\t<div class=\"bdt-ep-advanced-icon-box\">\n\n\t\t\t\t\t\t\t\n\t\t\t\t\t\t\t<div class=\"bdt-ep-advanced-icon-box-icon\">\n\t\t\t\t\t<span class=\"bdt-ep-advanced-icon-box-icon-wrap\">\n\n\n\t\t\t\t\t\t\n\t\t\t\t\t\t\t<i aria-hidden=\"true\" class=\"fas fa-unlock-alt\"><\/i>\n\n\t\t\t\t\t\t\t\t\t\t\t<\/span>\n\t\t\t\t<\/div>\n\t\t\t\n\t\t\t\t\t\n\t\t\t<div class=\"bdt-ep-advanced-icon-box-content\">\n\n\t\t\t\t\t\t\t\t\t\n\t\t\t\t<h4 class=\"bdt-ep-advanced-icon-box-title\">\n\t\t\t\t<span >\n\t\t\t\t\tEsnek ve Entegre \u00c7al\u0131\u015f\u0131n\t\t\t\t<\/span>\n\t\t\t<\/h4>\n\t\t\n\n\t\t\n\t\t\t\t\t\t\n\t\t\t\t\n\t\t\t\t\t\t\t\t\t<div class=\"bdt-ep-advanced-icon-box-separator-wrap\">\n\t\t\t\t\t\t<div class=\"bdt-ep-advanced-icon-box-separator\"><\/div>\n\t\t\t\t\t<\/div>\n\t\t\t\t\n\t\t\t\t\n\t\t\t\t\t\t\t\t\t<div class=\"bdt-ep-advanced-icon-box-description\">\n\t\t\t\t\t\t<p style=\"margin: 0cm 0cm 8pt; line-height: 22px; font-size: 11pt; font-family: Calibri, sans-serif; caret-color: #000000; color: #000000; text-align: start; white-space: normal;\"><span lang=\"TR\" style=\"font-size: 13.5pt; line-height: 27px; font-family: 'Open Sans', sans-serif; color: #77767a;\">QR tahsilat, \u00a0mobil cihazlar arac\u0131l\u0131\u011f\u0131yla her yerde tahsilat yap\u0131n.<\/span><\/p><p>\u00a0<span style=\"font-size: inherit; color: var(--uicore-typography--p-c,'#070707'); font-family: var(--uicore-typography--p-f,'Inter'); font-style: var(--uicore-typography--p-st,'normal'); letter-spacing: var(--uicore-typography--p-ls,'-0.027em'); text-transform: var(--uicore-typography--p-t,'none');\">ERP\/Ticari sistemizdeki m\u00fc\u015fteri verilerinizi kullanarak tek tu\u015fla \u00f6deme al\u0131n , tahsilat kayd\u0131n\u0131 anl\u0131k at\u0131n ve etkin m\u00fc\u015fteri riskleriniz anl\u0131k \u00e7\u00f6z\u00fcn . <\/span><\/p>\t\t\t\t\t<\/div>\n\t\t\t\t\n\t\t\t\t\t\t\t<\/div>\n\t\t<\/div>\n\n\t\t\n\t\t\n\t\t\t\t\t\t<\/div>\n\t\t\t\t<\/div>\n\t\t\t\t\t<\/div>\n\t\t<\/div>\n\t\t\t\t<div class=\"elementor-column elementor-col-50 elementor-inner-column elementor-element elementor-element-0d9e7ff\" data-id=\"0d9e7ff\" data-element_type=\"column\">\n\t\t\t<div class=\"elementor-widget-wrap elementor-element-populated\">\n\t\t\t\t\t\t<div class=\"elementor-element elementor-element-a87a4c1 bdt-icon-type-icon elementor-position-top bdt-icon-effect-none elementor-widget elementor-widget-bdt-advanced-icon-box\" data-id=\"a87a4c1\" data-element_type=\"widget\" data-widget_type=\"bdt-advanced-icon-box.default\">\n\t\t\t\t<div class=\"elementor-widget-container\">\n\t\t\t\t\t\t\t<div class=\"bdt-ep-advanced-icon-box\">\n\n\t\t\t\t\t\t\t\n\t\t\t\t\t\t\t<div class=\"bdt-ep-advanced-icon-box-icon\">\n\t\t\t\t\t<span class=\"bdt-ep-advanced-icon-box-icon-wrap\">\n\n\n\t\t\t\t\t\t\n\t\t\t\t\t\t\t<i aria-hidden=\"true\" class=\"fas fa-business-time\"><\/i>\n\n\t\t\t\t\t\t\t\t\t\t\t<\/span>\n\t\t\t\t<\/div>\n\t\t\t\n\t\t\t\t\t\n\t\t\t<div class=\"bdt-ep-advanced-icon-box-content\">\n\n\t\t\t\t\t\t\t\t\t\n\t\t\t\t<h4 class=\"bdt-ep-advanced-icon-box-title\">\n\t\t\t\t<span >\n\t\t\t\t\tG\u00fcvenli \u00d6deme \t\t\t\t<\/span>\n\t\t\t<\/h4>\n\t\t\n\n\t\t\n\t\t\t\t\t\t\n\t\t\t\t\n\t\t\t\t\t\t\t\t\t<div class=\"bdt-ep-advanced-icon-box-separator-wrap\">\n\t\t\t\t\t\t<div class=\"bdt-ep-advanced-icon-box-separator\"><\/div>\n\t\t\t\t\t<\/div>\n\t\t\t\t\n\t\t\t\t\n\t\t\t\t\t\t\t\t\t<div class=\"bdt-ep-advanced-icon-box-description\">\n\t\t\t\t\t\t<p style=\"margin: 0cm; font-size: medium; font-family: 'Times New Roman', serif; caret-color: #000000; color: #000000; white-space: normal; line-height: 24px;\" align=\"center\"><span lang=\"TR\" style=\"font-size: 13.5pt; line-height: 27px; font-family: 'Open Sans', sans-serif; color: #77767a;\">\u00a0<\/span><\/p><p style=\"margin: 0cm 0cm 8pt; font-size: 11pt; font-family: Calibri, sans-serif; line-height: 22px; caret-color: #000000; color: #000000; white-space: normal;\" align=\"center\"><span lang=\"TR\" style=\"font-size: 13.5pt; line-height: 27px; font-family: 'Open Sans', sans-serif; color: #77767a;\">QR Tahsilat arac\u0131l\u0131\u011f\u0131yla g\u00fcvenle\u00a0<\/span><span style=\"font-family: 'Open Sans', sans-serif; color: var(--uicore-typography--p-c,'#070707'); font-size: var(--uicore-typography--p-s,'10px'); font-style: var(--uicore-typography--p-st,'normal'); letter-spacing: var(--uicore-typography--p-ls,'-0.027em'); text-transform: var(--uicore-typography--p-t,'none');\">\u00f6demelerinizi al\u0131n<\/span><span lang=\"TR\" style=\"font-style: var(--uicore-typography--p-st,'normal'); letter-spacing: var(--uicore-typography--p-ls,'-0.027em'); text-transform: var(--uicore-typography--p-t,'none'); font-size: 13.5pt; line-height: 27px; font-family: 'Open Sans', sans-serif; color: #77767a;\">.\u00a0<\/span><\/p><p style=\"margin: 0cm 0cm 8pt; font-size: 11pt; font-family: Calibri, sans-serif; line-height: 22px; caret-color: #000000; color: #000000; white-space: normal;\" align=\"center\"><span style=\"font-style: var(--uicore-typography--p-st,'normal'); letter-spacing: var(--uicore-typography--p-ls,'-0.027em'); text-transform: var(--uicore-typography--p-t,'none'); color: #77767a; font-family: 'Open Sans', sans-serif; font-size: 13.5pt;\">Hassas \u00f6deme bilgilerini depolamadan m\u00fc\u015fterinizin kontrol\u00fcnde, manim QR uygulamas\u0131n\u0131 i\u015fletmenizin hesab\u0131na ba\u011fl\u0131 olarak anl\u0131k tahsilat yap\u0131n.\u00a0<\/span><\/p><p style=\"margin: 0cm 0cm 8pt; font-size: 11pt; font-family: Calibri, sans-serif; line-height: 22px; caret-color: #000000; color: #000000; white-space: normal;\" align=\"center\"><span style=\"font-style: var(--uicore-typography--p-st,'normal'); letter-spacing: var(--uicore-typography--p-ls,'-0.027em'); text-transform: var(--uicore-typography--p-t,'none'); color: #77767a; font-family: 'Open Sans', sans-serif; font-size: 13.5pt;\">\u00d6deme verileri, \u015fifre ve hesap numaralar\u0131 gibi ki\u015fisel bilgiler payla\u015f\u0131lmadan, kredi veya banka kart\u0131 gibi kodu kaybetme veya\u00a0 bilgilerin \u00e7al\u0131nma riski duymadan g\u00fcvenle \u00a0tahsilat s\u00fcre\u00e7lerinizi y\u00f6netin.\u00a0<\/span><\/p><p style=\"margin: 0cm 0cm 8pt; font-size: 11pt; font-family: Calibri, sans-serif; line-height: 22px; caret-color: #000000; color: #000000; white-space: normal;\" align=\"center\">\u00a0<\/p>\t\t\t\t\t<\/div>\n\t\t\t\t\n\t\t\t\t\t\t\t<\/div>\n\t\t<\/div>\n\n\t\t\n\t\t\n\t\t\t\t\t\t<\/div>\n\t\t\t\t<\/div>\n\t\t\t\t<div class=\"elementor-element elementor-element-5e35b1f bdt-icon-type-icon elementor-position-top bdt-icon-effect-none elementor-widget elementor-widget-bdt-advanced-icon-box\" data-id=\"5e35b1f\" data-element_type=\"widget\" data-widget_type=\"bdt-advanced-icon-box.default\">\n\t\t\t\t<div class=\"elementor-widget-container\">\n\t\t\t\t\t\t\t<div class=\"bdt-ep-advanced-icon-box\">\n\n\t\t\t\t\t\t\t\n\t\t\t\t\t\t\t<div class=\"bdt-ep-advanced-icon-box-icon\">\n\t\t\t\t\t<span class=\"bdt-ep-advanced-icon-box-icon-wrap\">\n\n\n\t\t\t\t\t\t\n\t\t\t\t\t\t\t<i aria-hidden=\"true\" class=\"fas fa-memory\"><\/i>\n\n\t\t\t\t\t\t\t\t\t\t\t<\/span>\n\t\t\t\t<\/div>\n\t\t\t\n\t\t\t\t\t\n\t\t\t<div class=\"bdt-ep-advanced-icon-box-content\">\n\n\t\t\t\t\t\t\t\t\t\n\t\t\t\t<h4 class=\"bdt-ep-advanced-icon-box-title\">\n\t\t\t\t<span >\n\t\t\t\t\tVerimli \u00c7al\u0131\u015f\u0131n\t\t\t\t<\/span>\n\t\t\t<\/h4>\n\t\t\n\n\t\t\n\t\t\t\t\t\t\n\t\t\t\t\n\t\t\t\t\t\t\t\t\t<div class=\"bdt-ep-advanced-icon-box-separator-wrap\">\n\t\t\t\t\t\t<div class=\"bdt-ep-advanced-icon-box-separator\"><\/div>\n\t\t\t\t\t<\/div>\n\t\t\t\t\n\t\t\t\t\n\t\t\t\t\t\t\t\t\t<div class=\"bdt-ep-advanced-icon-box-description\">\n\t\t\t\t\t\t<p style=\"margin: 0cm 0cm 8pt; line-height: 22px; font-size: 11pt; font-family: Calibri, sans-serif; caret-color: #000000; color: #000000; white-space: normal;\" align=\"center\"><span lang=\"TR\" style=\"font-size: 13.5pt; line-height: 27px; font-family: 'Open Sans', sans-serif; color: #77767a;\"><b>manim<\/b> QR tahsilat sistemi ile \u00f6deme i\u015flemlerinizi h\u0131zl\u0131 ve verimli bir \u015fekilde ger\u00e7ekle\u015ftirilebilir. Tahsilat i\u015flemlerinizi, paraya dokumadan, kasa gi\u015fesi ya da \u00f6deme makinesi olmadan do\u011frudan m\u00fc\u015fterinizden taraf\u0131ndan yap\u0131n.<\/span><\/p>\t\t\t\t\t<\/div>\n\t\t\t\t\n\t\t\t\t\t\t\t<\/div>\n\t\t<\/div>\n\n\t\t\n\t\t\n\t\t\t\t\t\t<\/div>\n\t\t\t\t<\/div>\n\t\t\t\t\t<\/div>\n\t\t<\/div>\n\t\t\t\t\t<\/div>\n\t\t<\/div>\n\t\t\t\t\t<\/div>\n\t\t<\/div>\n\t\t\t\t\t<\/div>\n\t\t<\/div>\n\t\t\t\t<\/div>\n\t\t","protected":false},"excerpt":{"rendered":"<p>QR Tahsilat ile An\u0131nda Tahsilat&nbsp; ve Risksiz Ya\u015fam Manim &nbsp;ile kolayca QR kod olu\u015fturabilir ve bu kod \u00fczerinden m\u00fc\u015fterinizden \u00f6deme alabilirsiniz. Tahsilat\u0131lar\u0131n\u0131z [&hellip;]<\/p>\n","protected":false},"author":1,"featured_media":0,"parent":0,"menu_order":0,"comment_status":"closed","ping_status":"closed","template":"","meta":{"footnotes":""},"class_list":["post-1393","page","type-page","status-publish","hentry"],"_links":{"self":[{"href":"https:\/\/www.manim.com.tr\/tr\/wp-json\/wp\/v2\/pages\/1393","targetHints":{"allow":["GET"]}}],"collection":[{"href":"https:\/\/www.manim.com.tr\/tr\/wp-json\/wp\/v2\/pages"}],"about":[{"href":"https:\/\/www.manim.com.tr\/tr\/wp-json\/wp\/v2\/types\/page"}],"author":[{"embeddable":true,"href":"https:\/\/www.manim.com.tr\/tr\/wp-json\/wp\/v2\/users\/1"}],"replies":[{"embeddable":true,"href":"https:\/\/www.manim.com.tr\/tr\/wp-json\/wp\/v2\/comments?post=1393"}],"version-history":[{"count":28,"href":"https:\/\/www.manim.com.tr\/tr\/wp-json\/wp\/v2\/pages\/1393\/revisions"}],"predecessor-version":[{"id":2413,"href":"https:\/\/www.manim.com.tr\/tr\/wp-json\/wp\/v2\/pages\/1393\/revisions\/2413"}],"wp:attachment":[{"href":"https:\/\/www.manim.com.tr\/tr\/wp-json\/wp\/v2\/media?parent=1393"}],"curies":[{"name":"wp","href":"https:\/\/api.w.org\/{rel}","templated":true}]}}