{"id":1391,"date":"2022-11-21T11:42:06","date_gmt":"2022-11-21T11:42:06","guid":{"rendered":"https:\/\/www.manim.com.tr\/?page_id=1391"},"modified":"2022-12-24T17:58:56","modified_gmt":"2022-12-24T17:58:56","slug":"online-dbs","status":"publish","type":"page","link":"https:\/\/www.manim.com.tr\/tr\/online-dbs\/","title":{"rendered":"Online DBS"},"content":{"rendered":"\t\t<div data-elementor-type=\"wp-page\" data-elementor-id=\"1391\" class=\"elementor elementor-1391\">\n\t\t\t\t\t\t<section class=\"elementor-section elementor-top-section elementor-element elementor-element-938ba3e elementor-section-boxed elementor-section-height-default elementor-section-height-default\" data-id=\"938ba3e\" data-element_type=\"section\">\n\t\t\t\t\t\t<div class=\"elementor-container elementor-column-gap-default\">\n\t\t\t\t\t<div class=\"elementor-column elementor-col-100 elementor-top-column elementor-element elementor-element-58ab793\" data-id=\"58ab793\" data-element_type=\"column\">\n\t\t\t<div class=\"elementor-widget-wrap elementor-element-populated\">\n\t\t\t\t\t\t<section class=\"elementor-section elementor-inner-section elementor-element elementor-element-f05155e elementor-section-boxed elementor-section-height-default elementor-section-height-default\" data-id=\"f05155e\" data-element_type=\"section\">\n\t\t\t\t\t\t<div class=\"elementor-container elementor-column-gap-default\">\n\t\t\t\t\t<div class=\"elementor-column elementor-col-50 elementor-inner-column elementor-element elementor-element-54afd97\" data-id=\"54afd97\" data-element_type=\"column\">\n\t\t\t<div class=\"elementor-widget-wrap elementor-element-populated\">\n\t\t\t\t\t\t<div class=\"elementor-element elementor-element-62ffc41 elementor-widget elementor-widget-text-editor\" data-id=\"62ffc41\" data-element_type=\"widget\" data-widget_type=\"text-editor.default\">\n\t\t\t\t<div class=\"elementor-widget-container\">\n\t\t\t\t\t\t\t\t\t<h3 style=\"text-transform: none; font-style: normal; caret-color: #000000; font-variant-ligatures: normal; orphans: 2; widows: 2; text-decoration-thickness: initial;\">T\u00fcm Online DBS \u0130\u015flemlerinizi Tek Ekrandan Anl\u0131k Takip Edin.<\/h3><h3 style=\"text-transform: none; font-style: normal; caret-color: #000000; font-variant-ligatures: normal; orphans: 2; widows: 2; text-decoration-thickness: initial;\"><span style=\"color: var(--uicore-typography--p-c,'#070707'); font-family: var(--uicore-typography--p-f,'Inter'); font-size: 18px; font-style: var(--uicore-typography--p-st,'normal'); font-weight: var(--uicore-typography--p-w,'600'); letter-spacing: var(--uicore-typography--p-ls,'-0.027em'); text-transform: var(--uicore-typography--p-t,'none');\">manim, bankalardaki do\u011frudan bor\u00e7land\u0131rma limitlerinizi, \u00f6demelerinizi ve tahsilatlar\u0131n\u0131z\u0131 online olarak takip eder, m\u00fc\u015fteri\/ana firma baz\u0131nda limit\/risk ve limit bo\u015fluklar\u0131n\u0131z\u0131 takip etmenizi sa\u011flayarak nakit ak\u0131\u015f\u0131n\u0131z\u0131 planlaman\u0131za yard\u0131mc\u0131 olur.<\/span><\/h3>\t\t\t\t\t\t\t\t<\/div>\n\t\t\t\t<\/div>\n\t\t\t\t\t<\/div>\n\t\t<\/div>\n\t\t\t\t<div class=\"elementor-column elementor-col-50 elementor-inner-column elementor-element elementor-element-5b40bef\" data-id=\"5b40bef\" data-element_type=\"column\">\n\t\t\t<div class=\"elementor-widget-wrap elementor-element-populated\">\n\t\t\t\t\t\t<div class=\"elementor-element elementor-element-27d2f3e elementor-widget elementor-widget-image\" data-id=\"27d2f3e\" data-element_type=\"widget\" data-widget_type=\"image.default\">\n\t\t\t\t<div class=\"elementor-widget-container\">\n\t\t\t\t\t\t\t\t\t\t\t\t\t\t\t<img fetchpriority=\"high\" decoding=\"async\" width=\"1000\" height=\"563\" src=\"https:\/\/www.manim.com.tr\/wp-content\/uploads\/2022\/11\/onlinetahsil-1024x576.png\" class=\"attachment-large size-large wp-image-927\" alt=\"\" srcset=\"https:\/\/www.manim.com.tr\/wp-content\/uploads\/2022\/11\/onlinetahsil-1024x576.png 1024w, https:\/\/www.manim.com.tr\/wp-content\/uploads\/2022\/11\/onlinetahsil-1536x864.png 1536w\" sizes=\"(max-width: 1000px) 100vw, 1000px\" \/>\t\t\t\t\t\t\t\t\t\t\t\t\t\t\t<\/div>\n\t\t\t\t<\/div>\n\t\t\t\t\t<\/div>\n\t\t<\/div>\n\t\t\t\t\t<\/div>\n\t\t<\/section>\n\t\t\t\t\t<\/div>\n\t\t<\/div>\n\t\t\t\t\t<\/div>\n\t\t<\/section>\n\t\t\t\t<div class=\"elementor-section elementor-top-section elementor-element elementor-element-e3a6aea elementor-section-boxed elementor-section-height-default elementor-section-height-default\" data-id=\"e3a6aea\" data-element_type=\"section\">\n\t\t\t\t\t\t\t<div class=\"elementor-background-overlay\"><\/div>\n\t\t\t\t\t\t\t<div class=\"elementor-container elementor-column-gap-default\">\n\t\t\t\t\t<div class=\"elementor-column elementor-col-100 elementor-top-column elementor-element elementor-element-b98012c\" data-id=\"b98012c\" data-element_type=\"column\">\n\t\t\t<div class=\"elementor-widget-wrap elementor-element-populated\">\n\t\t\t\t\t\t<div class=\"elementor-element elementor-element-0c414aa animated-fast elementor-invisible elementor-widget elementor-widget-heading\" data-id=\"0c414aa\" data-element_type=\"widget\" data-settings=\"{&quot;_animation&quot;:&quot;fadeInUp&quot;}\" data-widget_type=\"heading.default\">\n\t\t\t\t<div class=\"elementor-widget-container\">\n\t\t\t\t\t<h2 class=\"elementor-heading-title elementor-size-default\"><p align=\"center\" style=\"margin: 0cm;line-height: normal;font-size: 11pt;font-family: Calibri, sans-serif;font-weight: 400;letter-spacing: normal\"><br><\/p> E-DBS sistemi ile Tahsilatlar\u0131n\u0131z\u0131 Kolay Y\u00f6netin <\/h2>\t\t\t\t<\/div>\n\t\t\t\t<\/div>\n\t\t\t\t<div class=\"elementor-element elementor-element-4b1dfdf animated-fast elementor-invisible elementor-widget elementor-widget-text-editor\" data-id=\"4b1dfdf\" data-element_type=\"widget\" data-settings=\"{&quot;_animation&quot;:&quot;fadeInUp&quot;,&quot;_animation_delay&quot;:100}\" data-widget_type=\"text-editor.default\">\n\t\t\t\t<div class=\"elementor-widget-container\">\n\t\t\t\t\t\t\t\t\t<p>Bayi olarak \u00e7al\u0131\u015fan t\u00fcm m\u00fc\u015fterilerinizin \u00a0bankalardaki limitlerini anl\u0131k takip edin, ERP ve Ticari sistemize online entegre olarak istedi\u011finiz bankan\u0131za faturalar\u0131n\u0131 g\u00f6nderin, fatura tahsilat durumlar\u0131n\u0131 anl\u0131k izleyin, banka veya bayi bazl\u0131 t\u00fcm raporlar\u0131na hemen ula\u015f\u0131n. Sat\u0131\u015f potansiyelinizi \u00a0artt\u0131r\u0131n.<\/p>\t\t\t\t\t\t\t\t<\/div>\n\t\t\t\t<\/div>\n\t\t\t\t<div class=\"elementor-section elementor-inner-section elementor-element elementor-element-160e34a animated-fast elementor-section-boxed elementor-section-height-default elementor-section-height-default elementor-invisible\" data-id=\"160e34a\" data-element_type=\"section\" data-settings=\"{&quot;animation&quot;:&quot;fadeInUp&quot;,&quot;animation_delay&quot;:200}\">\n\t\t\t\t\t\t<div class=\"elementor-container elementor-column-gap-default\">\n\t\t\t\t\t<div class=\"elementor-column elementor-col-33 elementor-inner-column elementor-element elementor-element-0c968aa\" data-id=\"0c968aa\" data-element_type=\"column\">\n\t\t\t<div class=\"elementor-widget-wrap elementor-element-populated\">\n\t\t\t\t\t\t<div class=\"elementor-element elementor-element-522e3c9 bdt-icon-type-icon elementor-position-top bdt-icon-effect-none elementor-widget elementor-widget-bdt-advanced-icon-box\" data-id=\"522e3c9\" data-element_type=\"widget\" data-widget_type=\"bdt-advanced-icon-box.default\">\n\t\t\t\t<div class=\"elementor-widget-container\">\n\t\t\t\t\t\t\t<div class=\"bdt-ep-advanced-icon-box\">\n\n\t\t\t\t\t\t\t\n\t\t\t\t\t\t\t<div class=\"bdt-ep-advanced-icon-box-icon\">\n\t\t\t\t\t<span class=\"bdt-ep-advanced-icon-box-icon-wrap\">\n\n\n\t\t\t\t\t\t\n\t\t\t\t\t\t\t<i aria-hidden=\"true\" class=\"far fa-handshake\"><\/i>\n\n\t\t\t\t\t\t\t\t\t\t\t<\/span>\n\t\t\t\t<\/div>\n\t\t\t\n\t\t\t\t\t\n\t\t\t<div class=\"bdt-ep-advanced-icon-box-content\">\n\n\t\t\t\t\t\t\t\t\t\n\t\t\t\t<h4 class=\"bdt-ep-advanced-icon-box-title\">\n\t\t\t\t<span >\n\t\t\t\t\tDBS \u00d6deme\/Tahsilat Takibi  \t\t\t\t<\/span>\n\t\t\t<\/h4>\n\t\t\n\n\t\t\n\t\t\t\t\t\t\n\t\t\t\t\n\t\t\t\t\t\t\t\t\t<div class=\"bdt-ep-advanced-icon-box-separator-wrap\">\n\t\t\t\t\t\t<div class=\"bdt-ep-advanced-icon-box-separator\"><\/div>\n\t\t\t\t\t<\/div>\n\t\t\t\t\n\t\t\t\t\n\t\t\t\t\t\t\t\t\t<div class=\"bdt-ep-advanced-icon-box-description\">\n\t\t\t\t\t\t<p>Online Do\u011frudan Bor\u00e7land\u0131rma Sistemi (DBS) DBS \u00f6deme ve tahsilatlar\u0131n\u0131z\u0131 konsolide olarak tek bir mod\u00fclden takip edin.<\/p>\t\t\t\t\t<\/div>\n\t\t\t\t\n\t\t\t\t\t\t\t<\/div>\n\t\t<\/div>\n\n\t\t\n\t\t\n\t\t\t\t\t\t<\/div>\n\t\t\t\t<\/div>\n\t\t\t\t\t<\/div>\n\t\t<\/div>\n\t\t\t\t<div class=\"elementor-column elementor-col-33 elementor-inner-column elementor-element elementor-element-2092bab\" data-id=\"2092bab\" data-element_type=\"column\">\n\t\t\t<div class=\"elementor-widget-wrap elementor-element-populated\">\n\t\t\t\t\t\t<div class=\"elementor-element elementor-element-290ca2e bdt-icon-type-icon elementor-position-top bdt-icon-effect-none elementor-widget elementor-widget-bdt-advanced-icon-box\" data-id=\"290ca2e\" data-element_type=\"widget\" data-widget_type=\"bdt-advanced-icon-box.default\">\n\t\t\t\t<div class=\"elementor-widget-container\">\n\t\t\t\t\t\t\t<div class=\"bdt-ep-advanced-icon-box\">\n\n\t\t\t\t\t\t\t\n\t\t\t\t\t\t\t<div class=\"bdt-ep-advanced-icon-box-icon\">\n\t\t\t\t\t<span class=\"bdt-ep-advanced-icon-box-icon-wrap\">\n\n\n\t\t\t\t\t\t\n\t\t\t\t\t\t\t<i aria-hidden=\"true\" class=\"fas fa-unlock-alt\"><\/i>\n\n\t\t\t\t\t\t\t\t\t\t\t<\/span>\n\t\t\t\t<\/div>\n\t\t\t\n\t\t\t\t\t\n\t\t\t<div class=\"bdt-ep-advanced-icon-box-content\">\n\n\t\t\t\t\t\t\t\t\t\n\t\t\t\t<h4 class=\"bdt-ep-advanced-icon-box-title\">\n\t\t\t\t<span >\n\t\t\t\t\tOnline Kay\u0131t \u0130\u015fleme \t\t\t\t<\/span>\n\t\t\t<\/h4>\n\t\t\n\n\t\t\n\t\t\t\t\t\t\n\t\t\t\t\n\t\t\t\t\t\t\t\t\t<div class=\"bdt-ep-advanced-icon-box-separator-wrap\">\n\t\t\t\t\t\t<div class=\"bdt-ep-advanced-icon-box-separator\"><\/div>\n\t\t\t\t\t<\/div>\n\t\t\t\t\n\t\t\t\t\n\t\t\t\t\t\t\t\t\t<div class=\"bdt-ep-advanced-icon-box-description\">\n\t\t\t\t\t\t<p><b>manim<\/b> hesap hareketlerinizi online olarak takip eder ve dbs \u00f6deme\/tahsilatlar\u0131n\u0131z\u0131 anl\u0131k olarak e\u015fle\u015ftirerek cari risk bilgileriniz otomatik olarak g\u00fcncellemenizi sa\u011flar.<\/p>\t\t\t\t\t<\/div>\n\t\t\t\t\n\t\t\t\t\t\t\t<\/div>\n\t\t<\/div>\n\n\t\t\n\t\t\n\t\t\t\t\t\t<\/div>\n\t\t\t\t<\/div>\n\t\t\t\t\t<\/div>\n\t\t<\/div>\n\t\t\t\t<div class=\"elementor-column elementor-col-33 elementor-inner-column elementor-element elementor-element-5fff236\" data-id=\"5fff236\" data-element_type=\"column\">\n\t\t\t<div class=\"elementor-widget-wrap elementor-element-populated\">\n\t\t\t\t\t\t<div class=\"elementor-element elementor-element-63ad08d bdt-icon-type-icon elementor-position-top bdt-icon-effect-none elementor-widget elementor-widget-bdt-advanced-icon-box\" data-id=\"63ad08d\" data-element_type=\"widget\" data-widget_type=\"bdt-advanced-icon-box.default\">\n\t\t\t\t<div class=\"elementor-widget-container\">\n\t\t\t\t\t\t\t<div class=\"bdt-ep-advanced-icon-box\">\n\n\t\t\t\t\t\t\t\n\t\t\t\t\t\t\t<div class=\"bdt-ep-advanced-icon-box-icon\">\n\t\t\t\t\t<span class=\"bdt-ep-advanced-icon-box-icon-wrap\">\n\n\n\t\t\t\t\t\t\n\t\t\t\t\t\t\t<i aria-hidden=\"true\" class=\"fas fa-business-time\"><\/i>\n\n\t\t\t\t\t\t\t\t\t\t\t<\/span>\n\t\t\t\t<\/div>\n\t\t\t\n\t\t\t\t\t\n\t\t\t<div class=\"bdt-ep-advanced-icon-box-content\">\n\n\t\t\t\t\t\t\t\t\t\n\t\t\t\t<h4 class=\"bdt-ep-advanced-icon-box-title\">\n\t\t\t\t<span >\n\t\t\t\t\tDBS Limit Takibi  \t\t\t\t<\/span>\n\t\t\t<\/h4>\n\t\t\n\n\t\t\n\t\t\t\t\t\t\n\t\t\t\t\n\t\t\t\t\t\t\t\t\t<div class=\"bdt-ep-advanced-icon-box-separator-wrap\">\n\t\t\t\t\t\t<div class=\"bdt-ep-advanced-icon-box-separator\"><\/div>\n\t\t\t\t\t<\/div>\n\t\t\t\t\n\t\t\t\t\n\t\t\t\t\t\t\t\t\t<div class=\"bdt-ep-advanced-icon-box-description\">\n\t\t\t\t\t\t<p>Ana Firma, M\u00fc\u015fteri ve Banka baz\u0131nda mevcut dbs limitlerinizi tek bir ekrandan konsolide olarak takip etmenin konforunu ya\u015fay\u0131n.<\/p>\t\t\t\t\t<\/div>\n\t\t\t\t\n\t\t\t\t\t\t\t<\/div>\n\t\t<\/div>\n\n\t\t\n\t\t\n\t\t\t\t\t\t<\/div>\n\t\t\t\t<\/div>\n\t\t\t\t\t<\/div>\n\t\t<\/div>\n\t\t\t\t\t<\/div>\n\t\t<\/div>\n\t\t\t\t\t<\/div>\n\t\t<\/div>\n\t\t\t\t\t<\/div>\n\t\t<\/div>\n\t\t\t\t<\/div>\n\t\t","protected":false},"excerpt":{"rendered":"<p>T\u00fcm Online DBS \u0130\u015flemlerinizi Tek Ekrandan Anl\u0131k Takip Edin. manim, bankalardaki do\u011frudan bor\u00e7land\u0131rma limitlerinizi, \u00f6demelerinizi ve tahsilatlar\u0131n\u0131z\u0131 online olarak takip eder, m\u00fc\u015fteri\/ana [&hellip;]<\/p>\n","protected":false},"author":1,"featured_media":0,"parent":0,"menu_order":0,"comment_status":"closed","ping_status":"closed","template":"","meta":{"footnotes":""},"class_list":["post-1391","page","type-page","status-publish","hentry"],"_links":{"self":[{"href":"https:\/\/www.manim.com.tr\/tr\/wp-json\/wp\/v2\/pages\/1391","targetHints":{"allow":["GET"]}}],"collection":[{"href":"https:\/\/www.manim.com.tr\/tr\/wp-json\/wp\/v2\/pages"}],"about":[{"href":"https:\/\/www.manim.com.tr\/tr\/wp-json\/wp\/v2\/types\/page"}],"author":[{"embeddable":true,"href":"https:\/\/www.manim.com.tr\/tr\/wp-json\/wp\/v2\/users\/1"}],"replies":[{"embeddable":true,"href":"https:\/\/www.manim.com.tr\/tr\/wp-json\/wp\/v2\/comments?post=1391"}],"version-history":[{"count":25,"href":"https:\/\/www.manim.com.tr\/tr\/wp-json\/wp\/v2\/pages\/1391\/revisions"}],"predecessor-version":[{"id":2409,"href":"https:\/\/www.manim.com.tr\/tr\/wp-json\/wp\/v2\/pages\/1391\/revisions\/2409"}],"wp:attachment":[{"href":"https:\/\/www.manim.com.tr\/tr\/wp-json\/wp\/v2\/media?parent=1391"}],"curies":[{"name":"wp","href":"https:\/\/api.w.org\/{rel}","templated":true}]}}