{"id":92,"date":"2020-09-28T09:26:01","date_gmt":"2020-09-28T09:26:01","guid":{"rendered":"https:\/\/www.manim.com.tr\/about-us\/"},"modified":"2025-03-18T12:10:04","modified_gmt":"2025-03-18T09:10:04","slug":"hakkimizda","status":"publish","type":"page","link":"https:\/\/www.manim.com.tr\/en\/hakkimizda\/","title":{"rendered":"About Us"},"content":{"rendered":"<div data-elementor-type=\"wp-page\" data-elementor-id=\"92\" class=\"elementor elementor-92\">\n\t\t\t\t\t\t<section class=\"elementor-section elementor-top-section elementor-element elementor-element-4c3b02e elementor-section-content-middle elementor-section-boxed elementor-section-height-default elementor-section-height-default\" data-id=\"4c3b02e\" data-element_type=\"section\" data-settings=\"{&quot;background_background&quot;:&quot;classic&quot;}\">\n\t\t\t\t\t\t\t<div class=\"elementor-background-overlay\"><\/div>\n\t\t\t\t\t\t\t<div class=\"elementor-container elementor-column-gap-no\">\n\t\t\t\t\t<div class=\"elementor-column elementor-col-100 elementor-top-column elementor-element elementor-element-d342da2\" data-id=\"d342da2\" data-element_type=\"column\">\n\t\t\t<div class=\"elementor-widget-wrap elementor-element-populated\">\n\t\t\t\t\t\t<div class=\"elementor-element elementor-element-b0f3a91 elementor-widget elementor-widget-heading\" data-id=\"b0f3a91\" data-element_type=\"widget\" data-widget_type=\"heading.default\">\n\t\t\t\t<div class=\"elementor-widget-container\">\n\t\t\t\t\t<h1 class=\"elementor-heading-title elementor-size-default\">MAN\u0130M\u00a0Finans Teknolojileri A.\u015e.<\/h1>\t\t\t\t<\/div>\n\t\t\t\t<\/div>\n\t\t\t\t<div class=\"elementor-element elementor-element-4a1622d elementor-widget elementor-widget-text-editor\" data-id=\"4a1622d\" data-element_type=\"widget\" data-widget_type=\"text-editor.default\">\n\t\t\t\t<div class=\"elementor-widget-container\">\n\t\t\t\t\t\t\t\t\t<p><strong>Manim<\/strong>, ERP ve Bankac\u0131l\u0131k sekt\u00f6rlerinde elde etti\u011fi tecr\u00fcbeyi birle\u015ftirerek hayat\u0131 kolayla\u015ft\u0131ran yaz\u0131l\u0131m \u00e7\u00f6z\u00fcmleri geli\u015ftirmek amac\u0131yla 2014 y\u0131l\u0131nda kurulmu\u015ftur.<\/p><p><strong>Manim<\/strong>\u00a02015 y\u0131l\u0131nda T\u00fcbitak Martek Kulu\u00e7ka Merkezi\u2019ne kabul edilmi\u015ftir.<\/p><p>Manim\u00a0i\u015fletmelerin banka hesaplar\u0131n\u0131 ve i\u015flemlerini \u00e7evrimi\u00e7i olarak izlemelerine, muhasebe ve ERP sistemlerine h\u0131zl\u0131 ve kolay i\u015flem aktar\u0131m\u0131 ger\u00e7ekle\u015ftirmelerine olanak sa\u011flayan g\u00fcvenli \u00e7ok bankal\u0131 platformdur.<\/p><p>\u015eu anda 20+ farkl\u0131 ERP sistemine entegre edilmi\u015f olan, T\u00fcrkiye\u2019den 25+ banka ve k\u00fcresel bankac\u0131l\u0131k faaliyeti y\u00fcr\u00fcten Citibank ile online (ger\u00e7ek zamanl\u0131) haberle\u015fme imk\u00e2n\u0131 sa\u011flayan Manim\u2019i halen 1350\u2019den fazla i\u015fletme aktif olarak kullanmakta.<\/p><p>B\u00fcy\u00fck, orta ve k\u00fc\u00e7\u00fck boy i\u015fletmelerin y\u00f6neticileri ve muhasebecilerinden, CEO&#8217;lar\u0131 ve CFO&#8217;lar\u0131na kadar t\u00fcm finansal \u00e7al\u0131\u015fanlar\u0131na g\u00fcvenilir bir ortak olma hedefindeyiz.<\/p><p>M\u00fc\u015fterilerimize ba\u015f\u0131ndan sonuna kadar rehberlik ederek b\u00fcy\u00fckl\u00fcklerine bakmadan t\u00fcm i\u015fletmelerin finansal kaynaklar\u0131n\u0131 organize bir \u015fekilde y\u00f6netmesini \u00f6nemsiyoruz.<\/p><p><strong>Manim<\/strong>\u2019i daha b\u00fcy\u00fck, daha iyi ve daha verimli hale getimenin yollar\u0131n\u0131 arayan tutkulu ve profesyonel bir ekiple finans teknolojisi alan\u0131nda \u00f6nc\u00fc bir \u015firketiz.<\/p><p>M\u00fc\u015fterilerimize dikkatle kulak vererek neye ihtiya\u00e7lar\u0131 oldu\u011funu \u00f6\u011frendik ve \u015fimdi kapsaml\u0131 bir \u00e7\u00f6z\u00fcmle sahne al\u0131yoruz!<\/p>\t\t\t\t\t\t\t\t<\/div>\n\t\t\t\t<\/div>\n\t\t\t\t<div class=\"elementor-element elementor-element-6fd7828 elementor-widget-mobile__width-inherit elementor-widget elementor-widget-button\" data-id=\"6fd7828\" data-element_type=\"widget\" data-widget_type=\"button.default\">\n\t\t\t\t<div class=\"elementor-widget-container\">\n\t\t\t\t\t\t\t\t\t<div class=\"elementor-button-wrapper\">\n\t\t\t\t\t<a class=\"elementor-button elementor-button-link elementor-size-sm\" href=\"#team\">\n\t\t\t\t\t\t<span class=\"elementor-button-content-wrapper\">\n\t\t\t\t\t\t<span class=\"elementor-button-icon\">\n\t\t\t\t<i aria-hidden=\"true\" class=\"fas fa-chevron-circle-right\"><\/i>\t\t\t<\/span>\n\t\t\t\t\t\t\t\t\t<span class=\"elementor-button-text\">Meet Us<\/span>\n\t\t\t\t\t<\/span>\n\t\t\t\t\t<\/a>\n\t\t\t\t<\/div>\n\t\t\t\t\t\t\t\t<\/div>\n\t\t\t\t<\/div>\n\t\t\t\t\t<\/div>\n\t\t<\/div>\n\t\t\t\t\t<\/div>\n\t\t<\/section>\n\t\t\t\t<section class=\"elementor-section elementor-top-section elementor-element elementor-element-ded3f28 elementor-section-boxed elementor-section-height-default elementor-section-height-default\" data-id=\"ded3f28\" data-element_type=\"section\">\n\t\t\t\t\t\t<div class=\"elementor-container elementor-column-gap-no\">\n\t\t\t\t\t<div class=\"elementor-column elementor-col-100 elementor-top-column elementor-element elementor-element-c474cde\" data-id=\"c474cde\" data-element_type=\"column\">\n\t\t\t<div class=\"elementor-widget-wrap elementor-element-populated\">\n\t\t\t\t\t\t<section class=\"elementor-section elementor-inner-section elementor-element elementor-element-31fbae5 elementor-section-content-middle elementor-section-boxed elementor-section-height-default elementor-section-height-default\" data-id=\"31fbae5\" data-element_type=\"section\">\n\t\t\t\t\t\t<div class=\"elementor-container elementor-column-gap-no\">\n\t\t\t\t\t<div class=\"elementor-column elementor-col-50 elementor-inner-column elementor-element elementor-element-0675a8a\" data-id=\"0675a8a\" data-element_type=\"column\">\n\t\t\t<div class=\"elementor-widget-wrap elementor-element-populated\">\n\t\t\t\t\t\t<div class=\"elementor-element elementor-element-b5b4cfa elementor-widget elementor-widget-image\" data-id=\"b5b4cfa\" data-element_type=\"widget\" data-widget_type=\"image.default\">\n\t\t\t\t<div class=\"elementor-widget-container\">\n\t\t\t\t\t\t\t\t\t\t\t\t\t\t\t<img fetchpriority=\"high\" decoding=\"async\" width=\"720\" height=\"480\" src=\"https:\/\/www.manim.com.tr\/wp-content\/uploads\/2020\/09\/tech-startup-team-meet-up.jpg\" class=\"attachment-full size-full wp-image-103\" alt=\"\" \/>\t\t\t\t\t\t\t\t\t\t\t\t\t\t\t<\/div>\n\t\t\t\t<\/div>\n\t\t\t\t\t<\/div>\n\t\t<\/div>\n\t\t\t\t<div class=\"elementor-column elementor-col-50 elementor-inner-column elementor-element elementor-element-63a5cd2\" data-id=\"63a5cd2\" data-element_type=\"column\">\n\t\t\t<div class=\"elementor-widget-wrap elementor-element-populated\">\n\t\t\t\t\t\t<div class=\"elementor-element elementor-element-561da15 elementor-widget elementor-widget-heading\" data-id=\"561da15\" data-element_type=\"widget\" data-widget_type=\"heading.default\">\n\t\t\t\t<div class=\"elementor-widget-container\">\n\t\t\t\t\t<h2 class=\"elementor-heading-title elementor-size-default\">FAYDALI<\/h2>\t\t\t\t<\/div>\n\t\t\t\t<\/div>\n\t\t\t\t<div class=\"elementor-element elementor-element-3f07b6b elementor-widget elementor-widget-text-editor\" data-id=\"3f07b6b\" data-element_type=\"widget\" data-widget_type=\"text-editor.default\">\n\t\t\t\t<div class=\"elementor-widget-container\">\n\t\t\t\t\t\t\t\t\t<p>\u00a0<\/p><div class=\"info\"><h3>\u00a0<\/h3><p>Manim faydal\u0131 yaz\u0131l\u0131m geli\u015ftirmeyi ana prensip olarak belirler. M\u00fc\u015fterilerine, \u00e7\u00f6z\u00fcm ortaklar\u0131na ve \u00e7al\u0131\u015fanlar\u0131na fayday\u0131 bir b\u00fct\u00fcn olarak ele al\u0131r.<\/p><\/div>\t\t\t\t\t\t\t\t<\/div>\n\t\t\t\t<\/div>\n\t\t\t\t\t<\/div>\n\t\t<\/div>\n\t\t\t\t\t<\/div>\n\t\t<\/section>\n\t\t\t\t<section class=\"elementor-section elementor-inner-section elementor-element elementor-element-6da9a4c elementor-section-content-middle elementor-reverse-tablet elementor-reverse-mobile elementor-section-boxed elementor-section-height-default elementor-section-height-default\" data-id=\"6da9a4c\" data-element_type=\"section\">\n\t\t\t\t\t\t<div class=\"elementor-container elementor-column-gap-no\">\n\t\t\t\t\t<div class=\"elementor-column elementor-col-50 elementor-inner-column elementor-element elementor-element-35cb78d\" data-id=\"35cb78d\" data-element_type=\"column\">\n\t\t\t<div class=\"elementor-widget-wrap elementor-element-populated\">\n\t\t\t\t\t\t<div class=\"elementor-element elementor-element-c0cf2eb elementor-widget elementor-widget-heading\" data-id=\"c0cf2eb\" data-element_type=\"widget\" data-widget_type=\"heading.default\">\n\t\t\t\t<div class=\"elementor-widget-container\">\n\t\t\t\t\t<h2 class=\"elementor-heading-title elementor-size-default\">KAL\u0130TEL\u0130<\/h2>\t\t\t\t<\/div>\n\t\t\t\t<\/div>\n\t\t\t\t<div class=\"elementor-element elementor-element-38f834a elementor-widget elementor-widget-text-editor\" data-id=\"38f834a\" data-element_type=\"widget\" data-widget_type=\"text-editor.default\">\n\t\t\t\t<div class=\"elementor-widget-container\">\n\t\t\t\t\t\t\t\t\t<div class=\"col-md-4\">\n<div class=\"info\">&nbsp;<\/div>\n<\/div>\n<div class=\"col-md-4\">\n<div class=\"info\">\n<h3>&nbsp;<\/h3>\n<p>Manim kaliteli yaz\u0131l\u0131m geli\u015ftirmeyi daima \u00f6n planda tutar. Gerekiyorsa s\u0131f\u0131rdan ba\u015flamaktan \u00e7ekinmez. Do\u011fruyu \u00f6nemser.<\/p>\n<\/div>\n<\/div>\t\t\t\t\t\t\t\t<\/div>\n\t\t\t\t<\/div>\n\t\t\t\t\t<\/div>\n\t\t<\/div>\n\t\t\t\t<div class=\"elementor-column elementor-col-50 elementor-inner-column elementor-element elementor-element-6ed6a4a\" data-id=\"6ed6a4a\" data-element_type=\"column\">\n\t\t\t<div class=\"elementor-widget-wrap elementor-element-populated\">\n\t\t\t\t\t\t<div class=\"elementor-element elementor-element-3436226 elementor-widget elementor-widget-image\" data-id=\"3436226\" data-element_type=\"widget\" data-widget_type=\"image.default\">\n\t\t\t\t<div class=\"elementor-widget-container\">\n\t\t\t\t\t\t\t\t\t\t\t\t\t\t\t<img decoding=\"async\" width=\"720\" height=\"480\" src=\"https:\/\/www.manim.com.tr\/wp-content\/uploads\/2020\/09\/tech-startup-team-member-meeting.jpg\" class=\"attachment-full size-full wp-image-106\" alt=\"\" \/>\t\t\t\t\t\t\t\t\t\t\t\t\t\t\t<\/div>\n\t\t\t\t<\/div>\n\t\t\t\t\t<\/div>\n\t\t<\/div>\n\t\t\t\t\t<\/div>\n\t\t<\/section>\n\t\t\t\t<section class=\"elementor-section elementor-inner-section elementor-element elementor-element-d60b0bb elementor-section-content-middle elementor-reverse-tablet elementor-reverse-mobile elementor-section-boxed elementor-section-height-default elementor-section-height-default\" data-id=\"d60b0bb\" data-element_type=\"section\">\n\t\t\t\t\t\t<div class=\"elementor-container elementor-column-gap-no\">\n\t\t\t\t\t<div class=\"elementor-column elementor-col-50 elementor-inner-column elementor-element elementor-element-b3e48fa\" data-id=\"b3e48fa\" data-element_type=\"column\">\n\t\t\t<div class=\"elementor-widget-wrap elementor-element-populated\">\n\t\t\t\t\t\t<div class=\"elementor-element elementor-element-0ebc3ec elementor-widget elementor-widget-image\" data-id=\"0ebc3ec\" data-element_type=\"widget\" data-widget_type=\"image.default\">\n\t\t\t\t<div class=\"elementor-widget-container\">\n\t\t\t\t\t\t\t\t\t\t\t\t\t\t\t<img decoding=\"async\" width=\"640\" height=\"640\" src=\"https:\/\/www.manim.com.tr\/wp-content\/uploads\/2020\/09\/tech-startup-team-member.jpg\" class=\"attachment-full size-full wp-image-99\" alt=\"\" \/>\t\t\t\t\t\t\t\t\t\t\t\t\t\t\t<\/div>\n\t\t\t\t<\/div>\n\t\t\t\t\t<\/div>\n\t\t<\/div>\n\t\t\t\t<div class=\"elementor-column elementor-col-50 elementor-inner-column elementor-element elementor-element-86cb78d\" data-id=\"86cb78d\" data-element_type=\"column\">\n\t\t\t<div class=\"elementor-widget-wrap elementor-element-populated\">\n\t\t\t\t\t\t<div class=\"elementor-element elementor-element-6ad9723 elementor-widget elementor-widget-heading\" data-id=\"6ad9723\" data-element_type=\"widget\" data-widget_type=\"heading.default\">\n\t\t\t\t<div class=\"elementor-widget-container\">\n\t\t\t\t\t<h2 class=\"elementor-heading-title elementor-size-default\">\u00c7\u00d6Z\u00dcM ODAKLI<\/h2>\t\t\t\t<\/div>\n\t\t\t\t<\/div>\n\t\t\t\t<div class=\"elementor-element elementor-element-0ee0152 elementor-widget elementor-widget-text-editor\" data-id=\"0ee0152\" data-element_type=\"widget\" data-widget_type=\"text-editor.default\">\n\t\t\t\t<div class=\"elementor-widget-container\">\n\t\t\t\t\t\t\t\t\t<div class=\"col-md-4\"><div class=\"info\"><h3>\u00a0<\/h3><p>Manim \u00e7\u00f6z\u00fcm \u00fcretmeyi sever. \u00c7\u00f6z\u00fcm \u00fcreterek varl\u0131\u011f\u0131n\u0131 s\u00fcrd\u00fcrebilece\u011fini bilir. \u00c7\u00f6z\u00fcmden ve m\u00fc\u015fteriden ka\u00e7maz.<\/p><\/div><\/div>\t\t\t\t\t\t\t\t<\/div>\n\t\t\t\t<\/div>\n\t\t\t\t\t<\/div>\n\t\t<\/div>\n\t\t\t\t\t<\/div>\n\t\t<\/section>\n\t\t\t\t\t<\/div>\n\t\t<\/div>\n\t\t\t\t\t<\/div>\n\t\t<\/section>\n\t\t\t\t<\/div>","protected":false},"excerpt":{"rendered":"<p>MAN\u0130M\u00a0Finans Teknolojileri A.\u015e. Manim, ERP ve Bankac\u0131l\u0131k sekt\u00f6rlerinde elde etti\u011fi tecr\u00fcbeyi birle\u015ftirerek hayat\u0131 kolayla\u015ft\u0131ran yaz\u0131l\u0131m \u00e7\u00f6z\u00fcmleri geli\u015ftirmek amac\u0131yla 2014 y\u0131l\u0131nda kurulmu\u015ftur. Manim\u00a02015 [&hellip;]<\/p>","protected":false},"author":1,"featured_media":0,"parent":0,"menu_order":0,"comment_status":"closed","ping_status":"closed","template":"","meta":{"footnotes":""},"class_list":["post-92","page","type-page","status-publish","hentry"],"_links":{"self":[{"href":"https:\/\/www.manim.com.tr\/en\/wp-json\/wp\/v2\/pages\/92","targetHints":{"allow":["GET"]}}],"collection":[{"href":"https:\/\/www.manim.com.tr\/en\/wp-json\/wp\/v2\/pages"}],"about":[{"href":"https:\/\/www.manim.com.tr\/en\/wp-json\/wp\/v2\/types\/page"}],"author":[{"embeddable":true,"href":"https:\/\/www.manim.com.tr\/en\/wp-json\/wp\/v2\/users\/1"}],"replies":[{"embeddable":true,"href":"https:\/\/www.manim.com.tr\/en\/wp-json\/wp\/v2\/comments?post=92"}],"version-history":[{"count":23,"href":"https:\/\/www.manim.com.tr\/en\/wp-json\/wp\/v2\/pages\/92\/revisions"}],"predecessor-version":[{"id":4273,"href":"https:\/\/www.manim.com.tr\/en\/wp-json\/wp\/v2\/pages\/92\/revisions\/4273"}],"wp:attachment":[{"href":"https:\/\/www.manim.com.tr\/en\/wp-json\/wp\/v2\/media?parent=92"}],"curies":[{"name":"wp","href":"https:\/\/api.w.org\/{rel}","templated":true}]}}