{"id":479,"date":"2022-10-10T11:39:59","date_gmt":"2022-10-10T11:39:59","guid":{"rendered":"https:\/\/www.manim.com.tr\/?page_id=479"},"modified":"2022-12-22T15:13:11","modified_gmt":"2022-12-22T15:13:11","slug":"urunler","status":"publish","type":"page","link":"https:\/\/www.manim.com.tr\/en\/urunler\/","title":{"rendered":"Products"},"content":{"rendered":"<div data-elementor-type=\"wp-page\" data-elementor-id=\"479\" class=\"elementor elementor-479\">\n\t\t\t\t\t\t<section class=\"elementor-section elementor-top-section elementor-element elementor-element-ed7e37e elementor-section-boxed elementor-section-height-default elementor-section-height-default\" data-id=\"ed7e37e\" data-element_type=\"section\">\n\t\t\t\t\t\t<div class=\"elementor-container elementor-column-gap-default\">\n\t\t\t\t\t<div class=\"elementor-column elementor-col-50 elementor-top-column elementor-element elementor-element-c35b665\" data-id=\"c35b665\" data-element_type=\"column\">\n\t\t\t<div class=\"elementor-widget-wrap elementor-element-populated\">\n\t\t\t\t\t\t<div class=\"elementor-element elementor-element-afac795 elementor-widget elementor-widget-text-editor\" data-id=\"afac795\" data-element_type=\"widget\" data-widget_type=\"text-editor.default\">\n\t\t\t\t<div class=\"elementor-widget-container\">\n\t\t\t\t\t\t\t\t\t<h2><strong>MOBILE APP<\/strong><\/h2>\n<p style=\"font-size: 18px;\">Download the application. Log in to the application using the user code and password provided to you You can monitor your balances and transactions on the Homepage, check details of your transactions and provide approval for accounting integration. If needed, you can simply find receipts and accounting vouchers.<\/p>\n<p style=\"font-size: 18px;\">You can monitor your collections and payments in real-time through the Notification Center. Utilizing the Reports feature, you can inquire previous transactions and generate reports in the preferred format.<\/p>\n<ul>\n<li>&nbsp;Easy and secure access, through Face ID or Fingerprint.<\/li>\n<li>&nbsp;Account balances from all banks on a single screen<\/li>\n<li>&nbsp;Check inflows and outflows based on bank, account, and currency codes<\/li>\n<li>&nbsp;Check collections, payments, and other banking transactions down to the finest detail<\/li>\n<li>Automated Transfer: Monitor transferred records.&nbsp;<\/li>\n<li>Manual Transfer: Approve the accounting transfers.&nbsp;<\/li>\n<li>Bank Receipts: You can share receipts in different formats.&nbsp;<\/li>\n<li>Transaction history inquiry and customizable reports<\/li>\n<\/ul>\t\t\t\t\t\t\t\t<\/div>\n\t\t\t\t<\/div>\n\t\t\t\t\t<\/div>\n\t\t<\/div>\n\t\t\t\t<div class=\"elementor-column elementor-col-50 elementor-top-column elementor-element elementor-element-2a10bb1\" data-id=\"2a10bb1\" data-element_type=\"column\">\n\t\t\t<div class=\"elementor-widget-wrap elementor-element-populated\">\n\t\t\t\t\t\t<div class=\"elementor-element elementor-element-083e8f3 elementor-widget__width-inherit elementor-widget elementor-widget-image\" data-id=\"083e8f3\" data-element_type=\"widget\" data-widget_type=\"image.default\">\n\t\t\t\t<div class=\"elementor-widget-container\">\n\t\t\t\t\t\t\t\t\t\t\t\t\t\t\t<img fetchpriority=\"high\" decoding=\"async\" width=\"460\" height=\"958\" src=\"https:\/\/www.manim.com.tr\/wp-content\/uploads\/2023\/05\/IMG_CD9207306693-1.jpeg\" class=\"attachment-large size-large wp-image-534\" alt=\"\" srcset=\"https:\/\/www.manim.com.tr\/wp-content\/uploads\/2023\/05\/IMG_CD9207306693-1.jpeg 1170w, https:\/\/www.manim.com.tr\/wp-content\/uploads\/2023\/05\/IMG_CD9207306693-1-139x300.jpeg 139w, https:\/\/www.manim.com.tr\/wp-content\/uploads\/2023\/05\/IMG_CD9207306693-1-473x1024.jpeg 473w, https:\/\/www.manim.com.tr\/wp-content\/uploads\/2023\/05\/IMG_CD9207306693-1-768x1662.jpeg 768w, https:\/\/www.manim.com.tr\/wp-content\/uploads\/2023\/05\/IMG_CD9207306693-1-710x1536.jpeg 710w, https:\/\/www.manim.com.tr\/wp-content\/uploads\/2023\/05\/IMG_CD9207306693-1-946x2048.jpeg 946w, https:\/\/www.manim.com.tr\/wp-content\/uploads\/2023\/05\/IMG_CD9207306693-1-6x12.jpeg 6w, https:\/\/www.manim.com.tr\/wp-content\/uploads\/2023\/05\/IMG_CD9207306693-1-300x650.jpeg 300w\" sizes=\"(max-width: 460px) 100vw, 460px\" \/>\t\t\t\t\t\t\t\t\t\t\t\t\t\t\t<\/div>\n\t\t\t\t<\/div>\n\t\t\t\t\t<\/div>\n\t\t<\/div>\n\t\t\t\t\t<\/div>\n\t\t<\/section>\n\t\t\t\t<section class=\"elementor-section elementor-top-section elementor-element elementor-element-46d477e5 elementor-section-boxed elementor-section-height-default elementor-section-height-default\" data-id=\"46d477e5\" data-element_type=\"section\">\n\t\t\t\t\t\t<div class=\"elementor-container elementor-column-gap-default\">\n\t\t\t\t\t<div class=\"elementor-column elementor-col-100 elementor-top-column elementor-element elementor-element-213f79a5\" data-id=\"213f79a5\" data-element_type=\"column\">\n\t\t\t<div class=\"elementor-widget-wrap elementor-element-populated\">\n\t\t\t\t\t\t<div class=\"elementor-element elementor-element-8700568 elementor-widget elementor-widget-text-editor\" data-id=\"8700568\" data-element_type=\"widget\" data-widget_type=\"text-editor.default\">\n\t\t\t\t<div class=\"elementor-widget-container\">\n\t\t\t\t\t\t\t\t\t<p><\/p>\n<h2 class=\"wp-block-heading\">\u00a0DESKTOP\/WEB APPLICATION<\/h2>\n<p><\/p>\n<p><\/p>\n<p>Download the application from the given \"manim.me\" link. Login to the application using the provided user code and password to track your account balances in various banks from a single application. You can monitor your account balances and banking transactions from the Homepage, access transaction details, complete necessary information, and provide approval for accounting transfers. You can also print receipts and accounting vouchers for your transactions. In addition to the mobile application, the desktop application offers more extensive monitoring capabilities and a bulk approval function.<\/p>\n<p><\/p>\n<p><\/p>\n<p>You can monitor your collections and payments in real-time through the Notification Center. Utilizing the Reports feature, you can inquire previous transactions and generate reports in the preferred format.<\/p>\n<p><\/p>\n<p><\/p>\n<ul class=\"wp-block-list\">\n<li>\u00a0Easy and secure login<\/li>\n<li>\u00a0Account balances from all banks on a single screen<\/li>\n<li>\u00a0Check inflows and outflows based on bank, account, and currency codes<\/li>\n<li>\u00a0Check collections, payments, and other banking transactions down to the finest detail<\/li>\n<li>\u00a0Ability to give bulk approval for accounting transfers<\/li>\n<li>\u00a0Ability to query past transactions and generate reports in the desired format<\/li>\n<\/ul>\n<p><\/p>\t\t\t\t\t\t\t\t<\/div>\n\t\t\t\t<\/div>\n\t\t\t\t<div class=\"elementor-element elementor-element-b195467 elementor-widget elementor-widget-image\" data-id=\"b195467\" data-element_type=\"widget\" data-widget_type=\"image.default\">\n\t\t\t\t<div class=\"elementor-widget-container\">\n\t\t\t\t\t\t\t\t\t\t\t\t\t\t\t<img decoding=\"async\" width=\"1000\" height=\"625\" src=\"https:\/\/www.manim.com.tr\/wp-content\/uploads\/2022\/10\/Screen-Shot-2022-10-14-at-16.08.51-1024x640.png\" class=\"attachment-large size-large wp-image-568\" alt=\"\" srcset=\"https:\/\/www.manim.com.tr\/wp-content\/uploads\/2022\/10\/Screen-Shot-2022-10-14-at-16.08.51-1024x640.png 1024w, https:\/\/www.manim.com.tr\/wp-content\/uploads\/2022\/10\/Screen-Shot-2022-10-14-at-16.08.51-300x188.png 300w, https:\/\/www.manim.com.tr\/wp-content\/uploads\/2022\/10\/Screen-Shot-2022-10-14-at-16.08.51-768x480.png 768w, https:\/\/www.manim.com.tr\/wp-content\/uploads\/2022\/10\/Screen-Shot-2022-10-14-at-16.08.51-1536x960.png 1536w, https:\/\/www.manim.com.tr\/wp-content\/uploads\/2022\/10\/Screen-Shot-2022-10-14-at-16.08.51-2048x1280.png 2048w, https:\/\/www.manim.com.tr\/wp-content\/uploads\/2022\/10\/Screen-Shot-2022-10-14-at-16.08.51-650x406.png 650w\" sizes=\"(max-width: 1000px) 100vw, 1000px\" \/>\t\t\t\t\t\t\t\t\t\t\t\t\t\t\t<\/div>\n\t\t\t\t<\/div>\n\t\t\t\t<div class=\"elementor-element elementor-element-c53a493 elementor-widget elementor-widget-text-editor\" data-id=\"c53a493\" data-element_type=\"widget\" data-widget_type=\"text-editor.default\">\n\t\t\t\t<div class=\"elementor-widget-container\">\n\t\t\t\t\t\t\t\t\t<p><\/p>\n<h2 class=\"wp-block-heading\">\u00a0PLATFORM MANAGEMENT TOOL<\/h2>\n<p><\/p>\n<p><\/p>\n<p>Please provide the user code and password given to you in order to access the <b>Manim<\/b>\u00a0Platform Management Tool. Customize and authorize all your users according to your organizational structure and capabilities. You can consolidate different companies under the same application and differentiate monitoring and approval permissions based on account or transaction types.<\/p>\n<p><\/p>\n<p><\/p>\n<p>You can track the actions performed by your users from the application history and expedite approval processes. To facilitate faster approval and enable MANIM to recognize your transaction characteristics, you can bulk define your staff, contacts, and institutions you work with.<\/p>\n<p><\/p>\n<p><\/p>\n<ul class=\"wp-block-list\">\n<li>\u00a0Easy and secure login<\/li>\n<li>\u00a0Ability to define workflow processes according to organizational structure<\/li>\n<li>\u00a0Ability to define users<\/li>\n<li>\u00a0Ability to authorize users<\/li>\n<li>\u00a0Monitoring users<\/li>\n<li>\u00a0Ability to define individuals and institutions in financial relationships<\/li>\n<\/ul>\n<p><\/p>\t\t\t\t\t\t\t\t<\/div>\n\t\t\t\t<\/div>\n\t\t\t\t<div class=\"elementor-element elementor-element-9f4f7b1 elementor-widget elementor-widget-image\" data-id=\"9f4f7b1\" data-element_type=\"widget\" data-widget_type=\"image.default\">\n\t\t\t\t<div class=\"elementor-widget-container\">\n\t\t\t\t\t\t\t\t\t\t\t\t\t\t\t<img decoding=\"async\" width=\"1000\" height=\"577\" src=\"https:\/\/www.manim.com.tr\/wp-content\/uploads\/2022\/10\/Screen-Shot-2022-10-14-at-16.09.48-1024x591.png\" class=\"attachment-large size-large wp-image-569\" alt=\"\" srcset=\"https:\/\/www.manim.com.tr\/wp-content\/uploads\/2022\/10\/Screen-Shot-2022-10-14-at-16.09.48-1024x591.png 1024w, https:\/\/www.manim.com.tr\/wp-content\/uploads\/2022\/10\/Screen-Shot-2022-10-14-at-16.09.48-300x173.png 300w, https:\/\/www.manim.com.tr\/wp-content\/uploads\/2022\/10\/Screen-Shot-2022-10-14-at-16.09.48-768x443.png 768w, https:\/\/www.manim.com.tr\/wp-content\/uploads\/2022\/10\/Screen-Shot-2022-10-14-at-16.09.48-1536x886.png 1536w, https:\/\/www.manim.com.tr\/wp-content\/uploads\/2022\/10\/Screen-Shot-2022-10-14-at-16.09.48-2048x1181.png 2048w, https:\/\/www.manim.com.tr\/wp-content\/uploads\/2022\/10\/Screen-Shot-2022-10-14-at-16.09.48-650x375.png 650w\" sizes=\"(max-width: 1000px) 100vw, 1000px\" \/>\t\t\t\t\t\t\t\t\t\t\t\t\t\t\t<\/div>\n\t\t\t\t<\/div>\n\t\t\t\t\t<\/div>\n\t\t<\/div>\n\t\t\t\t\t<\/div>\n\t\t<\/section>\n\t\t\t\t<\/div>","protected":false},"excerpt":{"rendered":"<p>MOB\u0130L UYGULAMA Uygulamay\u0131 ilgili marketten indirin. Bankalardaki hesap bakiyelerinizi tek bir uygulamadan takip etmek i\u00e7in size verilen kullan\u0131c\u0131 kodu ve \u015fifreyi kullanarak [&hellip;]<\/p>","protected":false},"author":1,"featured_media":0,"parent":0,"menu_order":0,"comment_status":"closed","ping_status":"closed","template":"","meta":{"footnotes":""},"class_list":["post-479","page","type-page","status-publish","hentry"],"_links":{"self":[{"href":"https:\/\/www.manim.com.tr\/en\/wp-json\/wp\/v2\/pages\/479","targetHints":{"allow":["GET"]}}],"collection":[{"href":"https:\/\/www.manim.com.tr\/en\/wp-json\/wp\/v2\/pages"}],"about":[{"href":"https:\/\/www.manim.com.tr\/en\/wp-json\/wp\/v2\/types\/page"}],"author":[{"embeddable":true,"href":"https:\/\/www.manim.com.tr\/en\/wp-json\/wp\/v2\/users\/1"}],"replies":[{"embeddable":true,"href":"https:\/\/www.manim.com.tr\/en\/wp-json\/wp\/v2\/comments?post=479"}],"version-history":[{"count":28,"href":"https:\/\/www.manim.com.tr\/en\/wp-json\/wp\/v2\/pages\/479\/revisions"}],"predecessor-version":[{"id":2258,"href":"https:\/\/www.manim.com.tr\/en\/wp-json\/wp\/v2\/pages\/479\/revisions\/2258"}],"wp:attachment":[{"href":"https:\/\/www.manim.com.tr\/en\/wp-json\/wp\/v2\/media?parent=479"}],"curies":[{"name":"wp","href":"https:\/\/api.w.org\/{rel}","templated":true}]}}