{"id":2064,"date":"2022-12-19T11:59:27","date_gmt":"2022-12-19T11:59:27","guid":{"rendered":"https:\/\/www.manim.com.tr\/?page_id=2064"},"modified":"2025-04-18T17:29:50","modified_gmt":"2025-04-18T14:29:50","slug":"demo","status":"publish","type":"page","link":"https:\/\/www.manim.com.tr\/en\/demo\/","title":{"rendered":"Demo Request"},"content":{"rendered":"<div data-elementor-type=\"wp-page\" data-elementor-id=\"2064\" class=\"elementor elementor-2064\">\n\t\t\t\t\t\t<section class=\"elementor-section elementor-top-section elementor-element elementor-element-bdf42ed elementor-section-boxed elementor-section-height-default elementor-section-height-default\" data-id=\"bdf42ed\" data-element_type=\"section\">\n\t\t\t\t\t\t<div class=\"elementor-container elementor-column-gap-default\">\n\t\t\t\t\t<div class=\"elementor-column elementor-col-100 elementor-top-column elementor-element elementor-element-7d5d981\" data-id=\"7d5d981\" data-element_type=\"column\">\n\t\t\t<div class=\"elementor-widget-wrap elementor-element-populated\">\n\t\t\t\t\t\t<section class=\"elementor-section elementor-inner-section elementor-element elementor-element-15b33c7 elementor-section-full_width elementor-section-height-default elementor-section-height-default\" data-id=\"15b33c7\" data-element_type=\"section\">\n\t\t\t\t\t\t<div class=\"elementor-container elementor-column-gap-default\">\n\t\t\t\t\t<div class=\"elementor-column elementor-col-33 elementor-inner-column elementor-element elementor-element-44e9cc7\" data-id=\"44e9cc7\" data-element_type=\"column\">\n\t\t\t<div class=\"elementor-widget-wrap elementor-element-populated\">\n\t\t\t\t\t\t<div class=\"elementor-element elementor-element-cd563a4 elementor-widget__width-initial elementor-widget elementor-widget-text-editor\" data-id=\"cd563a4\" data-element_type=\"widget\" data-widget_type=\"text-editor.default\">\n\t\t\t\t<div class=\"elementor-widget-container\">\n\t\t\t\t\t\t\t\t\t<p class=\"\" data-start=\"381\" data-end=\"473\"><strong data-start=\"381\" data-end=\"473\">Manim ile Finansal S\u00fcre\u00e7lerinizi U\u00e7tan Uca Dijitalle\u015ftirin \u2013 \u015eimdi Demo Talep Edin<\/strong><\/p><p class=\"\" data-start=\"506\" data-end=\"819\">Manim, T\u00fcrkiye\u2019de 1500\u2019den fazla \u015firketin bankac\u0131l\u0131k ve tahsilat s\u00fcre\u00e7lerini dijitalle\u015ftirdi\u011fi, ERP uyumlu bir finansal otomasyon platformudur.<br \/><br data-start=\"649\" data-end=\"652\" \/>E\u011fer siz de operasyonel y\u00fckleri azaltmak, manuel hatalar\u0131 s\u0131f\u0131ra indirmek ve s\u00fcre\u00e7 verimlili\u011fini art\u0131rmak istiyorsan\u0131z, Manim \u00e7\u00f6z\u00fcmlerini yerinde g\u00f6rmeye davetlisiniz.<\/p><p class=\"\" data-start=\"821\" data-end=\"1047\">A\u015fa\u011f\u0131daki formu doldurarak, size \u00f6zel bir demo planlamam\u0131z i\u00e7in ilk ad\u0131m\u0131 atabilirsiniz.<br data-start=\"909\" data-end=\"912\" \/><br \/>Alan\u0131nda uzman m\u00fc\u015fteri temsilcilerimiz, <strong data-start=\"952\" data-end=\"1012\">\u015firketinize \u00f6zel entegrasyon ihtiya\u00e7lar\u0131n\u0131 tespit ederek<\/strong>, en uygun \u00e7\u00f6z\u00fcm setini sunacakt\u0131r.<\/p><hr class=\"\" data-start=\"1049\" data-end=\"1052\" \/><h3 data-start=\"1054\" data-end=\"1091\">Manim Neler Sunar?<\/h3><p data-start=\"1093\" data-end=\"1131\">\ud83d\udd39 <strong data-start=\"1100\" data-end=\"1129\">Online Banking Integration<\/strong><\/p><p class=\"\" data-start=\"1132\" data-end=\"1345\">T\u00fcm banka hesaplar\u0131n\u0131z\u0131 tek ekranda g\u00f6r\u00fcnt\u00fcleyin.<br data-start=\"1181\" data-end=\"1184\" \/>Anl\u0131k bakiye takibi, ge\u00e7mi\u015f hareketlerin otomatik aktar\u0131m\u0131 ve mutabakat kolayl\u0131\u011f\u0131 sa\u011flay\u0131n.<br data-start=\"1275\" data-end=\"1278\" \/>\u0130\u015flem hareketlerinden muhasebe fi\u015fleri otomatik olarak olu\u015fturulur.<\/p><p data-start=\"1683\" data-end=\"1718\">\ud83d\udd39 <strong data-start=\"1690\" data-end=\"1716\">POS Takip ve Raporlama<\/strong><\/p><p class=\"\" data-start=\"1719\" data-end=\"1879\">Fiziki ve sanal POS hareketlerinizi entegre \u015fekilde analiz edin.<br data-start=\"1783\" data-end=\"1786\" \/>Komisyon analizleri, vade tarihi uyar\u0131lar\u0131 ve tahsilat raporlar\u0131 ile nakit ak\u0131\u015f\u0131n\u0131z\u0131 y\u00f6netin.<\/p><p data-start=\"1881\" data-end=\"1921\">\ud83d\udd39 <strong data-start=\"1888\" data-end=\"1919\">Manim Fi\u015f Tarama ve Entegrasyon<\/strong><\/p><p class=\"\" data-start=\"1922\" data-end=\"2077\">Manim Fi\u015f Tarama ve Entegrasyon ile muhasebe s\u00fcre\u00e7lerinizde devrim yarat\u0131n!\u00a0<\/p><p data-start=\"2079\" data-end=\"2129\">\ud83d\udd39 <strong data-start=\"2086\" data-end=\"2127\">Otomatik Muhasebe ve ERP Entegrasyonu<\/strong><\/p><p class=\"\" data-start=\"2130\" data-end=\"2276\">SAP B1, Logo, Netsis, Zirve, Uyumsoft, Microsoft Dynamics 365, NetAdam, PirCloud, Canias ve Mikro gibi muhasebe sistemleriyle uyumlu. Fi\u015f olu\u015fturma, cari e\u015fle\u015ftirme, e-fatura mutabakat\u0131 gibi s\u00fcre\u00e7leri <strong data-start=\"2255\" data-end=\"2275\">otomatikle\u015ftirir<\/strong>.<\/p><hr class=\"\" data-start=\"2466\" data-end=\"2469\" \/><p data-start=\"2471\" data-end=\"2497\"><strong>Sizi Neden Arayal\u0131m?<\/strong><\/p><ul data-start=\"2499\" data-end=\"2667\"><li class=\"\" data-start=\"2499\" data-end=\"2547\"><p class=\"\" data-start=\"2501\" data-end=\"2547\">\u015eirketinizin ihtiyac\u0131 \u00e7\u00f6z\u00fcmleri tavsiye etmek i\u00e7in<\/p><\/li><li class=\"\" data-start=\"2548\" data-end=\"2624\"><p class=\"\" data-start=\"2550\" data-end=\"2624\">Hangi \u00fcr\u00fcn\u00fcn sizin sisteminizle nas\u0131l entegre \u00e7al\u0131\u015faca\u011f\u0131n\u0131 anlatmak i\u00e7in<\/p><\/li><li class=\"\" data-start=\"2625\" data-end=\"2667\"><p class=\"\" data-start=\"2627\" data-end=\"2667\">Hemen bir demo organize etmek i\u00e7in<\/p><\/li><\/ul><p class=\"\" data-start=\"2669\" data-end=\"2733\">Formu \u015fimdi doldurun, sizinle ayn\u0131 g\u00fcn i\u00e7inde ileti\u015fime ge\u00e7elim.<\/p>\t\t\t\t\t\t\t\t<\/div>\n\t\t\t\t<\/div>\n\t\t\t\t\t<\/div>\n\t\t<\/div>\n\t\t\t\t<div class=\"elementor-column elementor-col-33 elementor-inner-column elementor-element elementor-element-a9f04f0\" data-id=\"a9f04f0\" data-element_type=\"column\">\n\t\t\t<div class=\"elementor-widget-wrap\">\n\t\t\t\t\t\t\t<\/div>\n\t\t<\/div>\n\t\t\t\t<div class=\"elementor-column elementor-col-33 elementor-inner-column elementor-element elementor-element-e1296b8\" data-id=\"e1296b8\" data-element_type=\"column\">\n\t\t\t<div class=\"elementor-widget-wrap elementor-element-populated\">\n\t\t\t\t\t\t<div class=\"elementor-element elementor-element-0fca6ce elementor-widget__width-initial elementor-widget elementor-widget-bdt-contact-form-7\" data-id=\"0fca6ce\" data-element_type=\"widget\" data-widget_type=\"bdt-contact-form-7.default\">\n\t\t\t\t<div class=\"elementor-widget-container\">\n\t\t\t\t\t\n<div class=\"wpcf7 no-js\" id=\"wpcf7-f4604-o1\" lang=\"tr-TR\" dir=\"ltr\" data-wpcf7-id=\"4604\">\n<div class=\"screen-reader-response\"><p role=\"status\" aria-live=\"polite\" aria-atomic=\"true\"><\/p> <ul><\/ul><\/div>\n<form action=\"\/en\/wp-json\/wp\/v2\/pages\/2064#wpcf7-f4604-o1\" method=\"post\" class=\"wpcf7-form init\" aria-label=\"\u0130leti\u015fim Formu\" novalidate=\"novalidate\" data-status=\"init\" data-trp-original-action=\"\/en\/wp-json\/wp\/v2\/pages\/2064#wpcf7-f4604-o1\">\n<fieldset class=\"hidden-fields-container\"><input type=\"hidden\" name=\"_wpcf7\" value=\"4604\" \/><input type=\"hidden\" name=\"_wpcf7_version\" value=\"6.1.2\" \/><input type=\"hidden\" name=\"_wpcf7_locale\" value=\"tr_TR\" \/><input type=\"hidden\" name=\"_wpcf7_unit_tag\" value=\"wpcf7-f4604-o1\" \/><input type=\"hidden\" name=\"_wpcf7_container_post\" value=\"0\" \/><input type=\"hidden\" name=\"_wpcf7_posted_data_hash\" value=\"\" \/><input type=\"hidden\" name=\"_wpcf7_recaptcha_response\" value=\"\" \/>\n<\/fieldset>\n<div class=\"demo-form-wrapper\">\n\t<p>Demo talebi olu\u015fturmak i\u00e7in l\u00fctfen a\u015fa\u011f\u0131daki formu doldurun.\n\t<\/p>\n\t<p><span class=\"wpcf7-form-control-wrap\" data-name=\"your-name\"><input size=\"40\" maxlength=\"400\" class=\"wpcf7-form-control wpcf7-text wpcf7-validates-as-required\" aria-required=\"true\" aria-invalid=\"false\" placeholder=\"Ad\u0131n\u0131z Soyad\u0131n\u0131z\" value=\"\" type=\"text\" name=\"your-name\" \/><\/span>\n\t<\/p>\n\t<div class=\"form-row\">\n\t\t<p><span class=\"wpcf7-form-control-wrap\" data-name=\"your-email\"><input size=\"40\" maxlength=\"400\" class=\"wpcf7-form-control wpcf7-email wpcf7-validates-as-required wpcf7-text wpcf7-validates-as-email\" aria-required=\"true\" aria-invalid=\"false\" placeholder=\"E-posta Adresiniz\" value=\"\" type=\"email\" name=\"your-email\" \/><\/span><br \/>\n<span class=\"wpcf7-form-control-wrap\" data-name=\"your-phone\"><input size=\"40\" maxlength=\"400\" class=\"wpcf7-form-control wpcf7-tel wpcf7-text wpcf7-validates-as-tel\" aria-invalid=\"false\" placeholder=\"Telefon Numaran\u0131z\" value=\"\" type=\"tel\" name=\"your-phone\" \/><\/span>\n\t\t<\/p>\n\t<\/div>\n\t<p><span class=\"wpcf7-form-control-wrap\" data-name=\"your-company-size\"><select class=\"wpcf7-form-control wpcf7-select wpcf7-validates-as-required\" aria-required=\"true\" aria-invalid=\"false\" name=\"your-company-size\"><option value=\"\u015eirket B\u00fcy\u00fckl\u00fc\u011f\u00fcn\u00fcz\">\u015eirket B\u00fcy\u00fckl\u00fc\u011f\u00fcn\u00fcz<\/option><option value=\"1-10 \u00c7al\u0131\u015fan\">1-10 \u00c7al\u0131\u015fan<\/option><option value=\"11-50 \u00c7al\u0131\u015fan\">11-50 \u00c7al\u0131\u015fan<\/option><option value=\"51-200 \u00c7al\u0131\u015fan\">51-200 \u00c7al\u0131\u015fan<\/option><option value=\"200+ \u00c7al\u0131\u015fan\">200+ \u00c7al\u0131\u015fan<\/option><\/select><\/span>\n\t<\/p>\n\t<p><span class=\"wpcf7-form-control-wrap\" data-name=\"your-product\"><select class=\"wpcf7-form-control wpcf7-select wpcf7-validates-as-required\" aria-required=\"true\" aria-invalid=\"false\" name=\"your-product\"><option value=\"\u0130lgilendi\u011finiz \u00dcr\u00fcn\">\u0130lgilendi\u011finiz \u00dcr\u00fcn<\/option><option value=\"Online Banka Entegrasyonu\">Online Banking Integration<\/option><option value=\"Fi\u015f Tarama ve Entegrasyon\">Fi\u015f Tarama ve Entegrasyon<\/option><option value=\"POS Takip &amp; Raporlama\">POS Takip &amp; Raporlama<\/option><option value=\"E-Fatura \/ E-Ar\u015fiv\">E-Fatura \/ E-Ar\u015fiv<\/option><\/select><\/span>\n\t<\/p>\n\t<p><span class=\"wpcf7-form-control-wrap\" data-name=\"your-message\"><textarea cols=\"40\" rows=\"10\" maxlength=\"2000\" class=\"wpcf7-form-control wpcf7-textarea\" aria-invalid=\"false\" placeholder=\"Eklemek istedi\u011finiz not (iste\u011fe ba\u011fl\u0131)\" name=\"your-message\"><\/textarea><\/span><br \/>\n\t<span class=\"wpcf7-form-control-wrap recaptcha\" data-name=\"recaptcha\"><span data-sitekey=\"6Lfq9Q4UAAAAAKBQ5odj8_dkqBu1i2LYEZ7LsA2O\" class=\"wpcf7-form-control wpcf7-recaptcha g-recaptcha\"><\/span>\r\n<noscript>\r\n\t<div class=\"grecaptcha-noscript\">\r\n\t\t<iframe src=\"https:\/\/www.google.com\/recaptcha\/api\/fallback?k=6Lfq9Q4UAAAAAKBQ5odj8_dkqBu1i2LYEZ7LsA2O\" frameborder=\"0\" scrolling=\"no\" width=\"310\" height=\"430\">\r\n\t\t<\/iframe>\r\n\t\t<textarea name=\"g-recaptcha-response\" rows=\"3\" cols=\"40\" placeholder=\"reCaptcha Response Here\">\r\n\t\t<\/textarea>\r\n\t<\/div>\r\n<\/noscript>\r\n<\/span><br \/>\n<span class=\"wpcf7-form-control-wrap\" data-name=\"your-consent\"><span class=\"wpcf7-form-control wpcf7-acceptance\"><span class=\"wpcf7-list-item\"><input type=\"checkbox\" name=\"your-consent\" value=\"1\" aria-invalid=\"false\" \/><\/span><\/span><\/span> Verilerimin gizlilik politikas\u0131 \u00e7er\u00e7evesinde i\u015flenece\u011fini kabul ediyorum.\n\t<\/p>\n\t<p><input class=\"wpcf7-form-control wpcf7-submit has-spinner\" type=\"submit\" value=\"Demoyu Talep Et\" \/>\n\t<\/p>\n\t<p>- Ortalama geri d\u00f6n\u00fc\u015f s\u00fcresi: 1 i\u015f g\u00fcn\u00fcd\u00fcr.<br \/>\n- KVKK kapsam\u0131nda bilgileriniz gizli tutulur.\n\t<\/p>\n<\/div><p style=\"display: none !important;\" class=\"akismet-fields-container\" data-prefix=\"_wpcf7_ak_\"><label>&#916;<textarea name=\"_wpcf7_ak_hp_textarea\" cols=\"45\" rows=\"8\" maxlength=\"100\"><\/textarea><\/label><input type=\"hidden\" id=\"ak_js_1\" name=\"_wpcf7_ak_js\" value=\"144\"\/><script>document.getElementById( \"ak_js_1\" ).setAttribute( \"value\", ( new Date() ).getTime() );<\/script><\/p><div class=\"wpcf7-response-output\" aria-hidden=\"true\"><\/div>\n<input type=\"hidden\" name=\"trp-form-language\" value=\"en\"\/><\/form>\n<\/div>\n\t\t\t\t<\/div>\n\t\t\t\t<\/div>\n\t\t\t\t\t<\/div>\n\t\t<\/div>\n\t\t\t\t\t<\/div>\n\t\t<\/section>\n\t\t\t\t\t<\/div>\n\t\t<\/div>\n\t\t\t\t\t<\/div>\n\t\t<\/section>\n\t\t\t\t<\/div>","protected":false},"excerpt":{"rendered":"<p>Manim ile Finansal S\u00fcre\u00e7lerinizi U\u00e7tan Uca Dijitalle\u015ftirin \u2013 \u015eimdi Demo Talep Edin Manim, T\u00fcrkiye\u2019de 1500\u2019den fazla \u015firketin bankac\u0131l\u0131k ve tahsilat s\u00fcre\u00e7lerini dijitalle\u015ftirdi\u011fi, [&hellip;]<\/p>","protected":false},"author":1,"featured_media":0,"parent":0,"menu_order":0,"comment_status":"closed","ping_status":"closed","template":"","meta":{"footnotes":""},"class_list":["post-2064","page","type-page","status-publish","hentry"],"_links":{"self":[{"href":"https:\/\/www.manim.com.tr\/en\/wp-json\/wp\/v2\/pages\/2064","targetHints":{"allow":["GET"]}}],"collection":[{"href":"https:\/\/www.manim.com.tr\/en\/wp-json\/wp\/v2\/pages"}],"about":[{"href":"https:\/\/www.manim.com.tr\/en\/wp-json\/wp\/v2\/types\/page"}],"author":[{"embeddable":true,"href":"https:\/\/www.manim.com.tr\/en\/wp-json\/wp\/v2\/users\/1"}],"replies":[{"embeddable":true,"href":"https:\/\/www.manim.com.tr\/en\/wp-json\/wp\/v2\/comments?post=2064"}],"version-history":[{"count":78,"href":"https:\/\/www.manim.com.tr\/en\/wp-json\/wp\/v2\/pages\/2064\/revisions"}],"predecessor-version":[{"id":4659,"href":"https:\/\/www.manim.com.tr\/en\/wp-json\/wp\/v2\/pages\/2064\/revisions\/4659"}],"wp:attachment":[{"href":"https:\/\/www.manim.com.tr\/en\/wp-json\/wp\/v2\/media?parent=2064"}],"curies":[{"name":"wp","href":"https:\/\/api.w.org\/{rel}","templated":true}]}}