{"id":1393,"date":"2022-11-21T11:42:22","date_gmt":"2022-11-21T11:42:22","guid":{"rendered":"https:\/\/www.manim.com.tr\/?page_id=1393"},"modified":"2022-12-24T18:20:18","modified_gmt":"2022-12-24T18:20:18","slug":"qr-tahsilat","status":"publish","type":"page","link":"https:\/\/www.manim.com.tr\/en\/qr-tahsilat\/","title":{"rendered":"QR Payment Collection"},"content":{"rendered":"<div data-elementor-type=\"wp-page\" data-elementor-id=\"1393\" class=\"elementor elementor-1393\">\n\t\t\t\t\t\t<section class=\"elementor-section elementor-top-section elementor-element elementor-element-ed3784f elementor-section-boxed elementor-section-height-default elementor-section-height-default\" data-id=\"ed3784f\" data-element_type=\"section\">\n\t\t\t\t\t\t<div class=\"elementor-container elementor-column-gap-default\">\n\t\t\t\t\t<div class=\"elementor-column elementor-col-100 elementor-top-column elementor-element elementor-element-6c2bd99\" data-id=\"6c2bd99\" data-element_type=\"column\">\n\t\t\t<div class=\"elementor-widget-wrap elementor-element-populated\">\n\t\t\t\t\t\t<section class=\"elementor-section elementor-inner-section elementor-element elementor-element-b82440f elementor-section-boxed elementor-section-height-default elementor-section-height-default\" data-id=\"b82440f\" data-element_type=\"section\">\n\t\t\t\t\t\t<div class=\"elementor-container elementor-column-gap-default\">\n\t\t\t\t\t<div class=\"elementor-column elementor-col-50 elementor-inner-column elementor-element elementor-element-99f60d6\" data-id=\"99f60d6\" data-element_type=\"column\">\n\t\t\t<div class=\"elementor-widget-wrap elementor-element-populated\">\n\t\t\t\t\t\t<div class=\"elementor-element elementor-element-c5eebd0 elementor-widget elementor-widget-text-editor\" data-id=\"c5eebd0\" data-element_type=\"widget\" data-widget_type=\"text-editor.default\">\n\t\t\t\t<div class=\"elementor-widget-container\">\n\t\t\t\t\t\t\t\t\t<h3><strong><span style=\"font-weight: 400;\">Instant and Risk<\/span>-Free<span style=\"font-weight: 400;\">&nbsp; Payments with QR Collection<\/span><\/strong><\/h3>\n<p style=\"font-weight: 400;\">Manim enables you to easily generate QR codes to receive payments from your customers<\/p>\n<p style=\"font-weight: 400;\">Record your collections in the ERP\/accounting system, monitor the customer risks effectively.<\/p>\n<p style=\"font-weight: 400;\">Integrate customer's invoice information into the ERP system and generate custom transaction-based QR codes, or make other QR collections.<\/p>\n<p style=\"font-weight: 400;\">Customers can easily complete their transactions securely through their smartphones by using the camera or QR code scanner integrated with the banks.<\/p>\n<p style=\"font-weight: 400;\">Generate custom QR codes Through QR Collection to securely accept contactless payments, and also send online QR codes to your customers for easy payment experience without limits.<\/p>\n<p><\/p>\t\t\t\t\t\t\t\t<\/div>\n\t\t\t\t<\/div>\n\t\t\t\t\t<\/div>\n\t\t<\/div>\n\t\t\t\t<div class=\"elementor-column elementor-col-50 elementor-inner-column elementor-element elementor-element-fa23aff\" data-id=\"fa23aff\" data-element_type=\"column\">\n\t\t\t<div class=\"elementor-widget-wrap elementor-element-populated\">\n\t\t\t\t\t\t<div class=\"elementor-element elementor-element-d66fbbc elementor-widget elementor-widget-image\" data-id=\"d66fbbc\" data-element_type=\"widget\" data-widget_type=\"image.default\">\n\t\t\t\t<div class=\"elementor-widget-container\">\n\t\t\t\t\t\t\t\t\t\t\t\t\t\t\t<img fetchpriority=\"high\" decoding=\"async\" width=\"1000\" height=\"563\" src=\"https:\/\/www.manim.com.tr\/wp-content\/uploads\/2022\/11\/qrtahsilat-1024x576.png\" class=\"attachment-large size-large wp-image-917\" alt=\"Qr \u00d6deme\" srcset=\"https:\/\/www.manim.com.tr\/wp-content\/uploads\/2022\/11\/qrtahsilat-1024x576.png 1024w, https:\/\/www.manim.com.tr\/wp-content\/uploads\/2022\/11\/qrtahsilat-768x432.png 768w, https:\/\/www.manim.com.tr\/wp-content\/uploads\/2022\/11\/qrtahsilat-1536x864.png 1536w\" sizes=\"(max-width: 1000px) 100vw, 1000px\" \/>\t\t\t\t\t\t\t\t\t\t\t\t\t\t\t<\/div>\n\t\t\t\t<\/div>\n\t\t\t\t\t<\/div>\n\t\t<\/div>\n\t\t\t\t\t<\/div>\n\t\t<\/section>\n\t\t\t\t\t<\/div>\n\t\t<\/div>\n\t\t\t\t\t<\/div>\n\t\t<\/section>\n\t\t\t\t<div class=\"elementor-section elementor-top-section elementor-element elementor-element-4b053b7 elementor-section-boxed elementor-section-height-default elementor-section-height-default\" data-id=\"4b053b7\" data-element_type=\"section\">\n\t\t\t\t\t\t\t<div class=\"elementor-background-overlay\"><\/div>\n\t\t\t\t\t\t\t<div class=\"elementor-container elementor-column-gap-default\">\n\t\t\t\t\t<div class=\"elementor-column elementor-col-100 elementor-top-column elementor-element elementor-element-d62e7b7\" data-id=\"d62e7b7\" data-element_type=\"column\">\n\t\t\t<div class=\"elementor-widget-wrap elementor-element-populated\">\n\t\t\t\t\t\t<div class=\"elementor-element elementor-element-45c203b animated-fast elementor-invisible elementor-widget elementor-widget-heading\" data-id=\"45c203b\" data-element_type=\"widget\" data-settings=\"{&quot;_animation&quot;:&quot;fadeInUp&quot;}\" data-widget_type=\"heading.default\">\n\t\t\t\t<div class=\"elementor-widget-container\">\n\t\t\t\t\t<h2 class=\"elementor-heading-title elementor-size-default\">Start Collecting Payments at Every Touchpoint<\/h2>\t\t\t\t<\/div>\n\t\t\t\t<\/div>\n\t\t\t\t<div class=\"elementor-element elementor-element-c0d28ca animated-fast elementor-invisible elementor-widget elementor-widget-text-editor\" data-id=\"c0d28ca\" data-element_type=\"widget\" data-settings=\"{&quot;_animation&quot;:&quot;fadeInUp&quot;,&quot;_animation_delay&quot;:100}\" data-widget_type=\"text-editor.default\">\n\t\t\t\t<div class=\"elementor-widget-container\">\n\t\t\t\t\t\t\t\t\t<p>Increase your cash collections quickly  without any payment issues. Get rid of physical POS, virtual POS, and other collection methods. Use QR payments for all collections.<\/p>\t\t\t\t\t\t\t\t<\/div>\n\t\t\t\t<\/div>\n\t\t\t\t<div class=\"elementor-section elementor-inner-section elementor-element elementor-element-2e58c75 animated-fast elementor-section-boxed elementor-section-height-default elementor-section-height-default elementor-invisible\" data-id=\"2e58c75\" data-element_type=\"section\" data-settings=\"{&quot;animation&quot;:&quot;fadeInUp&quot;,&quot;animation_delay&quot;:200}\">\n\t\t\t\t\t\t<div class=\"elementor-container elementor-column-gap-default\">\n\t\t\t\t\t<div class=\"elementor-column elementor-col-50 elementor-inner-column elementor-element elementor-element-b415bcb\" data-id=\"b415bcb\" data-element_type=\"column\">\n\t\t\t<div class=\"elementor-widget-wrap elementor-element-populated\">\n\t\t\t\t\t\t<div class=\"elementor-element elementor-element-5a3c318 bdt-icon-type-icon elementor-position-top bdt-icon-effect-none elementor-widget elementor-widget-bdt-advanced-icon-box\" data-id=\"5a3c318\" data-element_type=\"widget\" data-widget_type=\"bdt-advanced-icon-box.default\">\n\t\t\t\t<div class=\"elementor-widget-container\">\n\t\t\t\t\t\t\t<div class=\"bdt-ep-advanced-icon-box\">\n\n\t\t\t\t\t\t\t\n\t\t\t\t\t\t\t<div class=\"bdt-ep-advanced-icon-box-icon\">\n\t\t\t\t\t<span class=\"bdt-ep-advanced-icon-box-icon-wrap\">\n\n\n\t\t\t\t\t\t\n\t\t\t\t\t\t\t<i aria-hidden=\"true\" class=\"far fa-handshake\"><\/i>\n\n\t\t\t\t\t\t\t\t\t\t\t<\/span>\n\t\t\t\t<\/div>\n\t\t\t\n\t\t\t\t\t\n\t\t\t<div class=\"bdt-ep-advanced-icon-box-content\">\n\n\t\t\t\t\t\t\t\t\t\n\t\t\t\t<h4 class=\"bdt-ep-advanced-icon-box-title\">\n\t\t\t\t<span >\n\t\t\t\t\tGet Quick and Easy Payments in the Field with a Single System \t\t\t\t<\/span>\n\t\t\t<\/h4>\n\t\t\n\n\t\t\n\t\t\t\t\t\t\n\t\t\t\t\n\t\t\t\t\t\t\t\t\t<div class=\"bdt-ep-advanced-icon-box-separator-wrap\">\n\t\t\t\t\t\t<div class=\"bdt-ep-advanced-icon-box-separator\"><\/div>\n\t\t\t\t\t<\/div>\n\t\t\t\t\n\t\t\t\t\n\t\t\t\t\t\t\t\t\t<div class=\"bdt-ep-advanced-icon-box-description\">\n\t\t\t\t\t\t<p style=\"margin: 0cm; font-size: medium; font-family: 'Times New Roman', serif; caret-color: #000000; color: #000000; white-space: normal; line-height: 24px;\" align=\"center\"><span lang=\"TR\" style=\"font-size: 13.5pt; line-height: 27px; font-family: 'Open Sans', sans-serif; color: #77767a;\">Whether online or face-to-face, QR codes enable you to accelerate payment processes and expand your customer base.\u00a0<\/span><\/p><p>\u00a0<span style=\"color: var(--uicore-typography--p-c,'#070707'); font-family: 'Open Sans', sans-serif; font-size: var(--uicore-typography--p-s,'10px'); caret-color: #000000; white-space: normal; font-style: var(--uicore-typography--p-st,'normal'); letter-spacing: var(--uicore-typography--p-ls,'-0.027em'); text-transform: var(--uicore-typography--p-t,'none');\"><b>Manim <\/b>empowers you to enjoy<\/span><span style=\"color: var(--uicore-typography--p-c,'#070707'); font-family: 'Open Sans', sans-serif; font-size: var(--uicore-typography--p-s,'10px'); caret-color: #000000; white-space: normal; font-style: var(--uicore-typography--p-st,'normal'); letter-spacing: var(--uicore-typography--p-ls,'-0.027em'); text-transform: var(--uicore-typography--p-t,'none');\">\u00a0seamless payment journey thro<\/span><span style=\"font-family: 'Open Sans', sans-serif; font-size: 13.5pt; caret-color: #000000; white-space: normal; font-style: var(--uicore-typography--p-st,'normal'); letter-spacing: var(--uicore-typography--p-ls,'-0.027em'); text-transform: var(--uicore-typography--p-t,'none');\">ugh mobile application. Say goodbye to cards, cash, and payment terminals as you effortlessly enhance your customer experience to the fullest using your smartphone or tablet.\u00a0<\/span><span style=\"font-size: inherit; color: var(--uicore-typography--p-c,'#070707'); font-family: var(--uicore-typography--p-f,'Inter'); font-style: var(--uicore-typography--p-st,'normal'); letter-spacing: var(--uicore-typography--p-ls,'-0.027em'); text-transform: var(--uicore-typography--p-t,'none');\">\u00a0<\/span><\/p><p style=\"margin: 0cm; font-size: medium; font-family: 'Times New Roman', serif; caret-color: #000000; color: #000000; white-space: normal; line-height: 24px;\" align=\"center\"><span lang=\"TR\" style=\"font-size: 13.5pt; line-height: 27px; font-family: 'Open Sans', sans-serif; color: #77767a;\">Provide your customers with a secure and hassle-free payment experience by simply scanning the code.<br \/><\/span><\/p>\t\t\t\t\t<\/div>\n\t\t\t\t\n\t\t\t\t\t\t\t<\/div>\n\t\t<\/div>\n\n\t\t\n\t\t\n\t\t\t\t\t\t<\/div>\n\t\t\t\t<\/div>\n\t\t\t\t<div class=\"elementor-element elementor-element-a9d7f68 bdt-icon-type-icon elementor-position-top bdt-icon-effect-none elementor-widget elementor-widget-bdt-advanced-icon-box\" data-id=\"a9d7f68\" data-element_type=\"widget\" data-widget_type=\"bdt-advanced-icon-box.default\">\n\t\t\t\t<div class=\"elementor-widget-container\">\n\t\t\t\t\t\t\t<div class=\"bdt-ep-advanced-icon-box\">\n\n\t\t\t\t\t\t\t\n\t\t\t\t\t\t\t<div class=\"bdt-ep-advanced-icon-box-icon\">\n\t\t\t\t\t<span class=\"bdt-ep-advanced-icon-box-icon-wrap\">\n\n\n\t\t\t\t\t\t\n\t\t\t\t\t\t\t<i aria-hidden=\"true\" class=\"fas fa-unlock-alt\"><\/i>\n\n\t\t\t\t\t\t\t\t\t\t\t<\/span>\n\t\t\t\t<\/div>\n\t\t\t\n\t\t\t\t\t\n\t\t\t<div class=\"bdt-ep-advanced-icon-box-content\">\n\n\t\t\t\t\t\t\t\t\t\n\t\t\t\t<h4 class=\"bdt-ep-advanced-icon-box-title\">\n\t\t\t\t<span >\n\t\t\t\t\tEsnek ve Entegre \u00c7al\u0131\u015f\u0131n\t\t\t\t<\/span>\n\t\t\t<\/h4>\n\t\t\n\n\t\t\n\t\t\t\t\t\t\n\t\t\t\t\n\t\t\t\t\t\t\t\t\t<div class=\"bdt-ep-advanced-icon-box-separator-wrap\">\n\t\t\t\t\t\t<div class=\"bdt-ep-advanced-icon-box-separator\"><\/div>\n\t\t\t\t\t<\/div>\n\t\t\t\t\n\t\t\t\t\n\t\t\t\t\t\t\t\t\t<div class=\"bdt-ep-advanced-icon-box-description\">\n\t\t\t\t\t\t<p style=\"margin: 0cm 0cm 8pt; line-height: 22px; font-size: 11pt; font-family: Calibri, sans-serif; caret-color: #000000; color: #000000; text-align: start; white-space: normal;\"><span lang=\"TR\" style=\"font-size: 13.5pt; line-height: 27px; font-family: 'Open Sans', sans-serif; color: #77767a;\">Collect payments securely with QR codes on your mobile devices everywhere.<\/span><\/p><p>\u00a0<span style=\"font-size: inherit; color: var(--uicore-typography--p-c,'#070707'); font-family: var(--uicore-typography--p-f,'Inter'); font-style: var(--uicore-typography--p-st,'normal'); letter-spacing: var(--uicore-typography--p-ls,'-0.027em'); text-transform: var(--uicore-typography--p-t,'none');\">Get payments with one click using your customer data in your ERP\/Commercial system, record collections instantly mitigate customer risks. <\/span><\/p>\t\t\t\t\t<\/div>\n\t\t\t\t\n\t\t\t\t\t\t\t<\/div>\n\t\t<\/div>\n\n\t\t\n\t\t\n\t\t\t\t\t\t<\/div>\n\t\t\t\t<\/div>\n\t\t\t\t\t<\/div>\n\t\t<\/div>\n\t\t\t\t<div class=\"elementor-column elementor-col-50 elementor-inner-column elementor-element elementor-element-0d9e7ff\" data-id=\"0d9e7ff\" data-element_type=\"column\">\n\t\t\t<div class=\"elementor-widget-wrap elementor-element-populated\">\n\t\t\t\t\t\t<div class=\"elementor-element elementor-element-a87a4c1 bdt-icon-type-icon elementor-position-top bdt-icon-effect-none elementor-widget elementor-widget-bdt-advanced-icon-box\" data-id=\"a87a4c1\" data-element_type=\"widget\" data-widget_type=\"bdt-advanced-icon-box.default\">\n\t\t\t\t<div class=\"elementor-widget-container\">\n\t\t\t\t\t\t\t<div class=\"bdt-ep-advanced-icon-box\">\n\n\t\t\t\t\t\t\t\n\t\t\t\t\t\t\t<div class=\"bdt-ep-advanced-icon-box-icon\">\n\t\t\t\t\t<span class=\"bdt-ep-advanced-icon-box-icon-wrap\">\n\n\n\t\t\t\t\t\t\n\t\t\t\t\t\t\t<i aria-hidden=\"true\" class=\"fas fa-business-time\"><\/i>\n\n\t\t\t\t\t\t\t\t\t\t\t<\/span>\n\t\t\t\t<\/div>\n\t\t\t\n\t\t\t\t\t\n\t\t\t<div class=\"bdt-ep-advanced-icon-box-content\">\n\n\t\t\t\t\t\t\t\t\t\n\t\t\t\t<h4 class=\"bdt-ep-advanced-icon-box-title\">\n\t\t\t\t<span >\n\t\t\t\t\tSafe Payment \t\t\t\t<\/span>\n\t\t\t<\/h4>\n\t\t\n\n\t\t\n\t\t\t\t\t\t\n\t\t\t\t\n\t\t\t\t\t\t\t\t\t<div class=\"bdt-ep-advanced-icon-box-separator-wrap\">\n\t\t\t\t\t\t<div class=\"bdt-ep-advanced-icon-box-separator\"><\/div>\n\t\t\t\t\t<\/div>\n\t\t\t\t\n\t\t\t\t\n\t\t\t\t\t\t\t\t\t<div class=\"bdt-ep-advanced-icon-box-description\">\n\t\t\t\t\t\t<p style=\"margin: 0cm; font-size: medium; font-family: 'Times New Roman', serif; caret-color: #000000; color: #000000; white-space: normal; line-height: 24px;\" align=\"center\"><span lang=\"TR\" style=\"font-size: 13.5pt; line-height: 27px; font-family: 'Open Sans', sans-serif; color: #77767a;\">\u00a0<\/span><\/p><p style=\"margin: 0cm 0cm 8pt; font-size: 11pt; font-family: Calibri, sans-serif; line-height: 22px; caret-color: #000000; color: #000000; white-space: normal;\" align=\"center\"><span lang=\"TR\" style=\"font-size: 13.5pt; line-height: 27px; font-family: 'Open Sans', sans-serif; color: #77767a;\">Safely collect your payments\u00a0<\/span><span style=\"font-family: 'Open Sans', sans-serif; color: var(--uicore-typography--p-c,'#070707'); font-size: var(--uicore-typography--p-s,'10px'); font-style: var(--uicore-typography--p-st,'normal'); letter-spacing: var(--uicore-typography--p-ls,'-0.027em'); text-transform: var(--uicore-typography--p-t,'none');\">through QR Collection<\/span><span lang=\"TR\" style=\"font-style: var(--uicore-typography--p-st,'normal'); letter-spacing: var(--uicore-typography--p-ls,'-0.027em'); text-transform: var(--uicore-typography--p-t,'none'); font-size: 13.5pt; line-height: 27px; font-family: 'Open Sans', sans-serif; color: #77767a;\">.\u00a0<\/span><\/p><p style=\"margin: 0cm 0cm 8pt; font-size: 11pt; font-family: Calibri, sans-serif; line-height: 22px; caret-color: #000000; color: #000000; white-space: normal;\" align=\"center\"><span style=\"font-style: var(--uicore-typography--p-st,'normal'); letter-spacing: var(--uicore-typography--p-ls,'-0.027em'); text-transform: var(--uicore-typography--p-t,'none'); color: #77767a; font-family: 'Open Sans', sans-serif; font-size: 13.5pt;\">Make instant collections by integrating the Manim QR application with your business account, giving your customers full control over their payments without storing any sensitive payment information.\u00a0<\/span><\/p><p style=\"margin: 0cm 0cm 8pt; font-size: 11pt; font-family: Calibri, sans-serif; line-height: 22px; caret-color: #000000; color: #000000; white-space: normal;\" align=\"center\"><span style=\"font-style: var(--uicore-typography--p-st,'normal'); letter-spacing: var(--uicore-typography--p-ls,'-0.027em'); text-transform: var(--uicore-typography--p-t,'none'); color: #77767a; font-family: 'Open Sans', sans-serif; font-size: 13.5pt;\">Safely manage your collection processes without the need to share personal information such as payment data, passwords, or account numbers. With Manim, you can eliminate the risk of lost or stolen credit or debit cards and protect sensitive information.\u00a0<\/span><\/p><p style=\"margin: 0cm 0cm 8pt; font-size: 11pt; font-family: Calibri, sans-serif; line-height: 22px; caret-color: #000000; color: #000000; white-space: normal;\" align=\"center\">\u00a0<\/p>\t\t\t\t\t<\/div>\n\t\t\t\t\n\t\t\t\t\t\t\t<\/div>\n\t\t<\/div>\n\n\t\t\n\t\t\n\t\t\t\t\t\t<\/div>\n\t\t\t\t<\/div>\n\t\t\t\t<div class=\"elementor-element elementor-element-5e35b1f bdt-icon-type-icon elementor-position-top bdt-icon-effect-none elementor-widget elementor-widget-bdt-advanced-icon-box\" data-id=\"5e35b1f\" data-element_type=\"widget\" data-widget_type=\"bdt-advanced-icon-box.default\">\n\t\t\t\t<div class=\"elementor-widget-container\">\n\t\t\t\t\t\t\t<div class=\"bdt-ep-advanced-icon-box\">\n\n\t\t\t\t\t\t\t\n\t\t\t\t\t\t\t<div class=\"bdt-ep-advanced-icon-box-icon\">\n\t\t\t\t\t<span class=\"bdt-ep-advanced-icon-box-icon-wrap\">\n\n\n\t\t\t\t\t\t\n\t\t\t\t\t\t\t<i aria-hidden=\"true\" class=\"fas fa-memory\"><\/i>\n\n\t\t\t\t\t\t\t\t\t\t\t<\/span>\n\t\t\t\t<\/div>\n\t\t\t\n\t\t\t\t\t\n\t\t\t<div class=\"bdt-ep-advanced-icon-box-content\">\n\n\t\t\t\t\t\t\t\t\t\n\t\t\t\t<h4 class=\"bdt-ep-advanced-icon-box-title\">\n\t\t\t\t<span >\n\t\t\t\t\tVerimli \u00c7al\u0131\u015f\u0131n\t\t\t\t<\/span>\n\t\t\t<\/h4>\n\t\t\n\n\t\t\n\t\t\t\t\t\t\n\t\t\t\t\n\t\t\t\t\t\t\t\t\t<div class=\"bdt-ep-advanced-icon-box-separator-wrap\">\n\t\t\t\t\t\t<div class=\"bdt-ep-advanced-icon-box-separator\"><\/div>\n\t\t\t\t\t<\/div>\n\t\t\t\t\n\t\t\t\t\n\t\t\t\t\t\t\t\t\t<div class=\"bdt-ep-advanced-icon-box-description\">\n\t\t\t\t\t\t<p style=\"margin: 0cm 0cm 8pt; line-height: 22px; font-size: 11pt; font-family: Calibri, sans-serif; caret-color: #000000; color: #000000; white-space: normal;\" align=\"center\"><span lang=\"TR\" style=\"font-size: 13.5pt; line-height: 27px; font-family: 'Open Sans', sans-serif; color: #77767a;\"><b>Manim<\/b> 's QR collection system enables fast and efficient payment transactions. Collect payments directly from your customers without the need for cash, cashiers, or payment machines.<\/span><\/p>\t\t\t\t\t<\/div>\n\t\t\t\t\n\t\t\t\t\t\t\t<\/div>\n\t\t<\/div>\n\n\t\t\n\t\t\n\t\t\t\t\t\t<\/div>\n\t\t\t\t<\/div>\n\t\t\t\t\t<\/div>\n\t\t<\/div>\n\t\t\t\t\t<\/div>\n\t\t<\/div>\n\t\t\t\t\t<\/div>\n\t\t<\/div>\n\t\t\t\t\t<\/div>\n\t\t<\/div>\n\t\t\t\t<\/div>","protected":false},"excerpt":{"rendered":"<p>QR Tahsilat ile An\u0131nda Tahsilat&nbsp; ve Risksiz Ya\u015fam Manim &nbsp;ile kolayca QR kod olu\u015fturabilir ve bu kod \u00fczerinden m\u00fc\u015fterinizden \u00f6deme alabilirsiniz. Tahsilat\u0131lar\u0131n\u0131z [&hellip;]<\/p>","protected":false},"author":1,"featured_media":0,"parent":0,"menu_order":0,"comment_status":"closed","ping_status":"closed","template":"","meta":{"footnotes":""},"class_list":["post-1393","page","type-page","status-publish","hentry"],"_links":{"self":[{"href":"https:\/\/www.manim.com.tr\/en\/wp-json\/wp\/v2\/pages\/1393","targetHints":{"allow":["GET"]}}],"collection":[{"href":"https:\/\/www.manim.com.tr\/en\/wp-json\/wp\/v2\/pages"}],"about":[{"href":"https:\/\/www.manim.com.tr\/en\/wp-json\/wp\/v2\/types\/page"}],"author":[{"embeddable":true,"href":"https:\/\/www.manim.com.tr\/en\/wp-json\/wp\/v2\/users\/1"}],"replies":[{"embeddable":true,"href":"https:\/\/www.manim.com.tr\/en\/wp-json\/wp\/v2\/comments?post=1393"}],"version-history":[{"count":28,"href":"https:\/\/www.manim.com.tr\/en\/wp-json\/wp\/v2\/pages\/1393\/revisions"}],"predecessor-version":[{"id":2413,"href":"https:\/\/www.manim.com.tr\/en\/wp-json\/wp\/v2\/pages\/1393\/revisions\/2413"}],"wp:attachment":[{"href":"https:\/\/www.manim.com.tr\/en\/wp-json\/wp\/v2\/media?parent=1393"}],"curies":[{"name":"wp","href":"https:\/\/api.w.org\/{rel}","templated":true}]}}