{"id":3271,"date":"2024-12-23T10:45:39","date_gmt":"2024-12-23T10:45:39","guid":{"rendered":"https:\/\/www.manim.com.tr\/?page_id=3271"},"modified":"2024-12-23T10:45:39","modified_gmt":"2024-12-23T10:45:39","slug":"cerez-politikasi","status":"publish","type":"page","link":"http:\/\/www.manim.com.tr\/en\/cerez-politikasi\/","title":{"rendered":"\u00c7erez Politikas\u0131"},"content":{"rendered":"<p><strong>\u00c7EREZ POL\u0130T\u0130KASI<\/strong><\/p>\n<p>\u00c7erez Politikam\u0131z <a href=\"http:\/\/www.manim.com.tr\/en\/\">www.manim.com.tr<\/a> internet sitemizde siz de\u011ferli ziyaret\u00e7ilerimize daha kaliteli ve ki\u015fiselle\u015ftirilmi\u015f hizmet sunabilmek amac\u0131yla \u00e7erez (cookie) kullan\u0131m\u0131m\u0131z\u0131n esaslar\u0131, \u00e7erez \u00e7e\u015fitleri hakk\u0131nda bilgilendirme amac\u0131yla haz\u0131rlanm\u0131\u015ft\u0131r.<\/p>\n<ul>\n<li><strong>\u00c7EREZ HAKKINDA<\/strong><\/li>\n<\/ul>\n<p>\u00c7erez, ziyaret edilen bir web sayfas\u0131 taraf\u0131ndan bilgisayar\u0131n\u0131zda depolanan bilgilerdir. \u00c7erezler zararl\u0131 yaz\u0131l\u0131mlar veya bilgisayar\u0131n\u0131za zarar veren uygulamalar de\u011fildir. Aksine \u00e7erezler, ziyaret etmi\u015f oldu\u011funuz web sayfalar\u0131n\u0131n bir \u00f6nceki ziyaretinizce yapm\u0131\u015f oldu\u011funuz tercihlerin hat\u0131rlanmas\u0131n\u0131 sa\u011flamak amac\u0131yla kullan\u0131lmakta bu sayede ikinci ve sonraki ziyaretlerde do\u011fru yap\u0131land\u0131rma ve do\u011fru bilgilendirme ile daha kaliteli hizmet sunulmas\u0131n\u0131 sa\u011flamaktad\u0131r.<\/p>\n<p>\u00c7erezlerin taraf\u0131m\u0131zca kullan\u0131m\u0131, 6698 say\u0131l\u0131 Ki\u015fisel Verilerin Korunmas\u0131 Kanunu (\u201cKVKK\u201d) ba\u015fta olmak \u00fczere ilgili mevzuata uygun \u015fekilde ger\u00e7ekle\u015ftirilmektedir.<\/p>\n<ul>\n<li><strong>\u00c7EREZ \u00c7E\u015e\u0130TLER\u0130<\/strong><\/li>\n<\/ul>\n<p><strong>Kurum \u00c7erezleri<\/strong><\/p>\n<p>Kurum \u00e7erezleri, web sayfas\u0131n\u0131 ziyaret eden kullan\u0131c\u0131n\u0131n sayfa g\u00f6r\u00fcnt\u00fclemesi ve ayr\u0131ca sayfada bulunan oturum say\u0131s\u0131 ve kullan\u0131c\u0131 say\u0131s\u0131n\u0131 hesaplama gibi ama\u00e7lar i\u00e7in kullan\u0131l\u0131r. Web sayfas\u0131 ilk \u00f6nce Kurum \u00c7erez kullanarak verilere eri\u015fir ve sayfas\u0131 i\u00e7in genel analizini ve raporunu \u00e7\u0131karabilir.<\/p>\n<p><strong>\u00dc\u00e7\u00fcnc\u00fc Taraf \u00c7erezler<\/strong><\/p>\n<p>\u00dc\u00e7\u00fcnc\u00fc taraf \u00e7erezler, ziyaret edilen web sayfas\u0131n olu\u015fturdu\u011fu \u00e7erezlerden \u00e7ok ziyaret edilen web sayfas\u0131 d\u0131\u015f\u0131na kalan ba\u015fka \u00f6\u011felerin \u00e7erezlerini ifade etmektedir. Sosyal eklentiler, reklamlar veya site eklentileri gibi uygulamalar ile birlikte \u00fc\u00e7\u00fcnc\u00fc taraf \u00e7erezler takip edilir ve davran\u0131\u015fsal eylemler kontrol edilebilir.<\/p>\n<p><strong>Oturum \u00c7erezleri<\/strong><\/p>\n<p>Oturum \u00e7erezleri, web sayfas\u0131na ba\u011flant\u0131 sa\u011flayan ve burada oturum a\u00e7an kullan\u0131c\u0131lar\u0131n takibi i\u00e7in kullan\u0131l\u0131r. \u00d6zellikle al\u0131\u015fveri\u015f eylemlerinin takibi, sepete eklenen \u00fcr\u00fcnleri hat\u0131rlamak vb. i\u015flemlerde kullan\u0131l\u0131r. Bu \u00e7erezler taray\u0131c\u0131n\u0131n kapanmas\u0131 ile silinir.<\/p>\n<p><strong>Kal\u0131c\u0131 \u00c7erezler<\/strong><\/p>\n<p>Kal\u0131c\u0131 \u00e7erezler, internet eri\u015fimi i\u00e7in kullan\u0131lan taray\u0131c\u0131lar\u0131n kapanmas\u0131 sonras\u0131nda d\u00e2hil tutulabilen \u00e7erez \u00e7e\u015fididir. \u00d6zellikle kullan\u0131c\u0131 ad\u0131 ve \u015fifre kullan\u0131m\u0131 i\u00e7in yo\u011funlukla kullan\u0131lmaktad\u0131r.<\/p>\n<p><strong>G\u00fcvenli \u00c7erezler<\/strong><\/p>\n<p>G\u00fcvenli \u00e7erezler, yaln\u0131zca HTTPS yani SSL sertifikas\u0131na sahip web sayfalar\u0131 g\u00fcvenli \u00e7erezleri, yani \u015fifreli veri i\u00e7eren i\u015flemleri kontrol etmek i\u00e7in kullan\u0131l\u0131r.<\/p>\n<ol start=\"3\">\n<li><strong> AMA\u00c7LAR BAKIMINDAN \u00c7EREZLER<\/strong><\/li>\n<\/ol>\n<p><strong>Zorunlu \u00c7erezler<\/strong><\/p>\n<p>Kesinlikle Gerekli \u00e7erezler web sayfam\u0131zda dola\u015fman\u0131za ile talep etmi\u015f oldu\u011funuz \u00f6zellikler ve g\u00fcvenli alanlar gibi temel \u00f6zellikleri kullanman\u0131za izin verir. Kesinlikle gerekli \u00e7erezlerin engellenmesi durumunda web sayfam\u0131z\u0131n ziyareti s\u0131ras\u0131nda ve g\u00fcvenli\u011finin nas\u0131l bir performans g\u00f6sterece\u011fini garanti edememekteyiz.<\/p>\n<p><strong>Verim ve \u0130\u015flevsellik \u00c7erezleri<\/strong><\/p>\n<p>Verim ve i\u015flevsellik i\u00e7in kullan\u0131lan \u00e7erezler sizlere hizmetlerimizi daha iyi ve daha kaliteli bir \u015fekilde aktarabilmek ve sizlere daha i\u015flevsel hizmet sunabilmek ad\u0131na kullan\u0131lmaktad\u0131r. S\u00f6z konusu \u00e7erezler izin vermeniz halinde toplanmaktad\u0131r.<\/p>\n<p><strong>Pazarlama \u00c7erezleri<\/strong><\/p>\n<p>Pazarlama \u00e7erezleri, web sayfam\u0131za yapt\u0131\u011f\u0131n\u0131z ziyareti, ziyaret etti\u011finiz sayfalar ve takip etti\u011finiz ba\u011flant\u0131lar d\u00e2hil olmak \u00fczere di\u011fer web sitelerini, uygulamalar\u0131 ve \u00e7evrimi\u00e7i hizmetleri izlememizi ve bu sayede web sitemizde size hedefli reklamlar g\u00f6stermemizi sa\u011flar. Di\u011fer kullanm\u0131\u015f oldu\u011fumuz \u00e7erezlerin yan\u0131 s\u0131ra, listede belirtmi\u015f oldu\u011fumuz \u00fc\u00e7\u00fcnc\u00fc taraflar da yine izninizle beraber, bilgisayar\u0131n\u0131za ilgili \u00e7erezleri eklemekte ve kullanmaktad\u0131r. S\u00f6z konusu \u00e7erezler izin vermeniz halinde toplanmaktad\u0131r.<\/p>\n<p>Ki\u015fisel verilerinizin \u00e7erezler kapsam\u0131nda i\u015flenmesi bak\u0131m\u0131ndan detayl\u0131 bilgiye <a href=\"http:\/\/www.manim.com.tr\/en\/\">www.manim.com.tr<\/a> web sitemizde yay\u0131nlanan Ki\u015fisel Verilerin Korunmas\u0131 Politikam\u0131zdan ula\u015fabilirsiniz.<\/p>\n<ol start=\"4\">\n<li><strong> B\u0130ZLER \u00c7EREZLER\u0130 NASIL VE NEDEN KULLANIYORUZ?<\/strong><\/li>\n<\/ol>\n<p>Manim Finans Teknolojileri A.\u015e.\u00a0 olarak bizler, web sayfam\u0131zda farkl\u0131 t\u00fcrde \u00e7erezleri siz de\u011ferli ziyaret\u00e7ilerimizi di\u011fer kullan\u0131c\u0131lardan ay\u0131rmak ve sizlere daha kaliteli hizmet sunmak i\u00e7in kullanmaktay\u0131z.<\/p>\n<ul>\n<li>Performans \u00c7erezleri<\/li>\n<li>Hedefleme \u00c7erezleri<\/li>\n<\/ul>\n<p>A\u015fa\u011f\u0131da bu kategorilerde yer alan \u00e7erezlere ili\u015fkin detaylar\u0131n yer ald\u0131\u011f\u0131 tablolara ula\u015fabilirsiniz.<\/p>\n<p><strong>Performans \u00c7erezleri:<\/strong><\/p>\n<table width=\"647\">\n<tbody>\n<tr>\n<td width=\"163\"><strong>\u00a0\u00a0\u00a0\u00a0\u00a0\u00a0\u00a0\u00a0\u00a0\u00a0\u00a0\u00a0\u00a0\u00a0 Ad<\/strong><\/td>\n<td width=\"156\"><strong>\u00a0\u00a0\u00a0\u00a0\u00a0\u00a0\u00a0\u00a0\u00a0\u00a0\u00a0\u00a0\u00a0 Domain<\/strong><\/td>\n<td width=\"210\"><strong>\u00a0\u00a0\u00a0\u00a0\u00a0\u00a0\u00a0\u00a0\u00a0\u00a0\u00a0\u00a0 \u00a0\u00a0\u00a0\u00a0\u00a0\u00a0A\u00e7\u0131klama<\/strong><\/td>\n<td width=\"118\"><strong>Veri Ya\u015fam D\u00f6ng\u00fcs\u00fc<\/strong><\/td>\n<\/tr>\n<tr>\n<td width=\"163\">\u00a0\u00a0 \u00a0\u00a0\u00a0\u00a0\u00a0\u00a0\u00a0\u00a0\u00a0\u00a0\u00a0_gid<\/td>\n<td width=\"156\">.manim.com.tr<\/td>\n<td width=\"210\">Bu \u00e7erez Google Analytics taraf\u0131ndan ayarlan\u0131r. Ziyaret edilen her sayfa i\u00e7in benzersiz bir de\u011fer depolar ve g\u00fcnceller ve sayfa g\u00f6r\u00fcnt\u00fclemelerini saymak ve izlemek i\u00e7in kullan\u0131l\u0131r.<\/td>\n<td width=\"118\">1 Y\u0131l 1 Ay<\/td>\n<\/tr>\n<tr>\n<td width=\"163\">_ga_W04XZL4YL0<\/td>\n<td width=\"156\">.manim.com.tr<\/td>\n<td width=\"210\">Bu \u00e7erez, Google Analytics taraf\u0131ndan oturum durumunu s\u00fcrd\u00fcrmek i\u00e7in kullan\u0131l\u0131r.<\/td>\n<td width=\"118\">1 Y\u0131l 1 Ay<\/td>\n<\/tr>\n<tr>\n<td width=\"163\">\u00a0\u00a0\u00a0\u00a0\u00a0\u00a0\u00a0\u00a0\u00a0\u00a0\u00a0\u00a0\u00a0\u00a0 _ga<\/td>\n<td width=\"156\">.manim.com.tr<\/td>\n<td width=\"210\">Bu \u00e7erez ad\u0131, Google&#8217;\u0131n daha yayg\u0131n olarak kullan\u0131lan analiz hizmetinde \u00f6nemli bir g\u00fcncelleme olan Google Universal Analytics ile ili\u015fkilidir. Bu \u00e7erez, m\u00fc\u015fteri tan\u0131mlay\u0131c\u0131s\u0131 olarak rastgele olu\u015fturulmu\u015f bir say\u0131 atayarak benzersiz kullan\u0131c\u0131lar\u0131 ay\u0131rt etmek i\u00e7in kullan\u0131l\u0131r. Bir sitedeki her sayfa iste\u011fine dahil edilir ve sitelerin analitik raporlar\u0131 i\u00e7in ziyaret\u00e7i, oturum ve kampanya verilerini hesaplamak i\u00e7in kullan\u0131l\u0131r.<\/p>\n<p>&nbsp;<\/p>\n<p>&nbsp;<\/td>\n<td width=\"118\">1 Y\u0131l 1 Ay<\/td>\n<\/tr>\n<tr>\n<td width=\"163\">_ga_B5RF9HJK29<\/td>\n<td width=\"156\">.manim.com.tr<\/td>\n<td width=\"210\">Bu \u00e7erez, Google Analytics taraf\u0131ndan oturum durumunu s\u00fcrd\u00fcrmek i\u00e7in kullan\u0131l\u0131r.<\/td>\n<td width=\"118\">1 Y\u0131l 1 Ay<\/td>\n<\/tr>\n<\/tbody>\n<\/table>\n<p>&nbsp;<\/p>\n<p>&nbsp;<\/p>\n<p><strong>Hedefleme \u00c7erezleri<\/strong><\/p>\n<p><strong>\u00a0<\/strong><\/p>\n<table width=\"647\">\n<tbody>\n<tr>\n<td width=\"163\"><strong>\u00a0\u00a0\u00a0\u00a0\u00a0\u00a0\u00a0\u00a0\u00a0\u00a0\u00a0\u00a0\u00a0\u00a0 Ad<\/strong><\/td>\n<td width=\"156\"><strong>\u00a0\u00a0\u00a0\u00a0\u00a0\u00a0\u00a0\u00a0\u00a0\u00a0\u00a0\u00a0\u00a0 Domain<\/strong><\/td>\n<td width=\"210\"><strong>\u00a0\u00a0\u00a0\u00a0\u00a0\u00a0\u00a0\u00a0\u00a0\u00a0\u00a0\u00a0\u00a0\u00a0\u00a0\u00a0\u00a0\u00a0 A\u00e7\u0131klama<\/strong><\/td>\n<td width=\"118\"><strong>Veri Ya\u015fam D\u00f6ng\u00fcs\u00fc<\/strong><\/td>\n<\/tr>\n<tr>\n<td width=\"163\">\u00a0\u00a0\u00a0\u00a0\u00a0\u00a0\u00a0\u00a0\u00a0\u00a0\u00a0\u00a0\u00a0 _gat_gtag_UA_86126498_4<\/td>\n<td width=\"156\">.manim.com.tr<\/td>\n<td width=\"210\">This cookie is part of Google Analytics and is used to limit requests (throttle request rate).<\/td>\n<td width=\"118\">51 Saniye<\/td>\n<\/tr>\n<\/tbody>\n<\/table>\n<p><strong>\u00a0<\/strong><\/p>\n<ul>\n<li><strong>\u00c7EREZLER\u0130N KALDIRILMASI<\/strong><\/li>\n<\/ul>\n<p>Diledi\u011finiz zaman izninize tabi olan \u00e7erezlerin kullan\u0131lmamas\u0131n\u0131 sa\u011flayabilirsiniz. Bunun i\u00e7in a\u015fa\u011f\u0131da belirtilen ileti\u015fim adresleri vas\u0131tas\u0131yla taraf\u0131m\u0131z ile ileti\u015fime ge\u00e7ebilir veya web sayfas\u0131na giri\u015fte a\u00e7\u0131lan \u00e7erez butonunda belirterek tercihinizi belirleyebilirsiniz.<\/p>\n<p>Alternatif olarak, web taray\u0131c\u0131lar\u0131 taray\u0131c\u0131 ayarlar\u0131 arac\u0131l\u0131\u011f\u0131yla \u00e7o\u011fu \u00e7erezin bir miktar kontrol\u00fcne izin vermektedir. Hangi \u00e7erezlerin ayarland\u0131\u011f\u0131n\u0131 g\u00f6rmek d\u00e2hil olmak \u00fczere \u00e7erezler hakk\u0131nda daha fazla bilgi edinmek i\u00e7in <a href=\"http:\/\/www.aboutcookies.org\">www.aboutcookies.org<\/a> veya\u00a0 <a href=\"http:\/\/www.allaboutcookies.org\">www.allaboutcookies.org<\/a>\u00a0 adresini ziyaret edebilirsiniz.<\/p>\n<p>\u00c7erezleri nas\u0131l silece\u011finize yol g\u00f6stermesi amac\u0131yla taray\u0131c\u0131lar\u0131n kullan\u0131m detaylar\u0131n\u0131n bulundu\u011fu a\u00e7\u0131klamalar\u0131 a\u015fa\u011f\u0131daki listede bulabilirsiniz, bu sayfalardan tercihlerinizi y\u00f6netebilirsiniz.<\/p>\n<ul>\n<li><a href=\"https:\/\/support.microsoft.com\/en-us\/microsoft-edge\/delete-cookies-in-microsoft-edge-63947406-40ac-c3b8-57b9-2a946a29ae09#:~:text=Open%20Microsoft%20Edge%20and%20then,and%20other%20site%20data%20toggle.\">Microsoft Edge i\u00e7in \u00c7erez Ayarlar\u0131<\/a><\/li>\n<li><a href=\"https:\/\/support.mozilla.org\/en-US\/kb\/enable-and-disable-cookies-website-preferences\">Firefox i\u00e7in \u00c7erez Ayarlar\u0131<\/a><\/li>\n<li><a href=\"https:\/\/support.google.com\/chrome\/answer\/95647?hl=en\">Chrome i\u00e7in \u00c7erez Ayarlar\u0131<\/a><\/li>\n<li><a href=\"https:\/\/support.apple.com\/en-za\/guide\/safari\/sfri11471\/mac\">Safari i\u00e7in \u00c7erez Ayarlar\u0131<\/a><\/li>\n<\/ul>\n<p><u>\u00a0<\/u><\/p>\n<p>Google Analytics taraf\u0131ndan izlenmekten vazge\u00e7mek i\u00e7in <a href=\"http:\/\/tools.google.com\/dlpage\/gaoptout\">http:\/\/tools.google.com\/dlpage\/gaoptout<\/a><u>\u00a0 <\/u>adresini ziyaret edebilirsiniz.<\/p>\n<ul>\n<li><strong>Y\u00dcR\u00dcRL\u00dcK VE G\u00dcNCELLENEB\u0130L\u0130RL\u0130K<\/strong><\/li>\n<\/ul>\n<p>\u0130\u015fbu \u00c7erez Politikam\u0131z yay\u0131m\u0131 tarihinde y\u00fcr\u00fcrl\u00fc\u011fe girmi\u015ftir. \u00c7erez Politikam\u0131z de\u011fi\u015fen ko\u015fullara ve mevzuata uyum amac\u0131yla g\u00fcncellenebilecektir. \u0130lgili g\u00fcncellemeler ger\u00e7ekle\u015ftirilerek g\u00fcncel Politika <a href=\"http:\/\/www.manim.com.tr\/en\/\">www.manim.com.tr<\/a> \u00fczerinden yay\u0131nlanmaktad\u0131r.<\/p>\n<ul>\n<li><strong>\u0130LG\u0130L\u0130 K\u0130\u015e\u0130 OLARAK HAKLARINIZ VE KULLANMA Y\u00d6NTEMLER\u0130<\/strong><\/li>\n<\/ul>\n<p><strong>KVKK Kapsam\u0131nda Ki\u015fisel Verilere \u0130li\u015fkin Haklar<\/strong><\/p>\n<p>Ki\u015fisel verilerine ili\u015fkin olarak ki\u015fi gruplar\u0131n\u0131n kullanabilece\u011fi haklar KVKK Madde 11\u2019de yer almakta olup, a\u015fa\u011f\u0131daki gibidir:<\/p>\n<ul>\n<li>Ki\u015fisel veri i\u015flenip i\u015flenmedi\u011fini \u00f6\u011frenme,<\/li>\n<li>Ki\u015fisel verileri i\u015flenmi\u015fse buna ili\u015fkin bilgi talep etme,<\/li>\n<li>Ki\u015fisel verilerin i\u015flenme amac\u0131n\u0131 ve bunlar\u0131n amac\u0131na uygun kullan\u0131l\u0131p kullan\u0131lmad\u0131\u011f\u0131n\u0131 \u00f6\u011frenme,<\/li>\n<li>Yurt i\u00e7inde veya yurt d\u0131\u015f\u0131nda ki\u015fisel verilerin aktar\u0131ld\u0131\u011f\u0131 \u00fc\u00e7\u00fcnc\u00fc ki\u015fileri bilme,<\/li>\n<li>Ki\u015fisel verilerin eksik veya yanl\u0131\u015f i\u015flenmi\u015f olmas\u0131 h\u00e2linde bunlar\u0131n d\u00fczeltilmesini isteme,<\/li>\n<li>KVKK\u2019n\u0131n 7. maddesinde \u00f6ng\u00f6r\u00fclen \u015fartlar \u00e7er\u00e7evesinde ki\u015fisel verilerin silinmesini veya yok edilmesini isteme ve bu h\u00fck\u00fcmler uyar\u0131nca yap\u0131lan i\u015flemlerin, ki\u015fisel verilen aktar\u0131ld\u0131\u011f\u0131 \u00fc\u00e7\u00fcnc\u00fc ki\u015filere bildirilmesini isteme,<\/li>\n<li>\u0130\u015flenen verilerin m\u00fcnhas\u0131ran otomatik sistemler vas\u0131tas\u0131yla analiz edilmesi suretiyle ki\u015finin kendisi aleyhine bir sonucun ortaya \u00e7\u0131kmas\u0131na itiraz etme,<\/li>\n<li>Ki\u015fisel verilerin kanuna ayk\u0131r\u0131 olarak i\u015flenmesi sebebiyle zarara u\u011framas\u0131 h\u00e2linde zarar\u0131n giderilmesini talep etme.<\/li>\n<\/ul>\n<ol start=\"8\">\n<li><strong> K\u0130\u015e\u0130SEL VER\u0130LERE \u0130L\u0130\u015eK\u0130N HAKLARIN KULLANILMASINA \u0130L\u0130\u015eK\u0130N ESASLAR<\/strong><\/li>\n<\/ol>\n<p>\u0130lgili ki\u015fi olarak, 6698 say\u0131l\u0131 Kanun 11. maddede yer alan haklar\u0131n\u0131za ili\u015fkin bir talebiniz olmas\u0131 durumunda web sayfam\u0131zdan temin edebilece\u011finiz Ki\u015fisel Verilerin Korunmas\u0131na \u0130li\u015fkin Ba\u015fvuru Formu\u2019nu doldurarak veya Veri Sorumlusuna Ba\u015fvuru Usul ve Esaslar\u0131 Hakk\u0131nda Tebli\u011f ile \u00f6ng\u00f6r\u00fclen asgari ko\u015fullar\u0131 sa\u011flayan ba\u015fvurunuz ile a\u015fa\u011f\u0131daki y\u00f6ntemlerle taraf\u0131m\u0131za iletebilirsiniz. Yapaca\u011f\u0131n\u0131z ba\u015fvuruyu \u015eirket olarak, talebinizin niteli\u011fine g\u00f6re en k\u0131sa s\u00fcrede ve en ge\u00e7 otuz g\u00fcn i\u00e7erisinde \u00fccretsiz olarak sonu\u00e7land\u0131raca\u011f\u0131z. Ancak, i\u015flemin ayr\u0131ca bir maliyeti gerektirmesi h\u00e2linde, \u015eirket taraf\u0131ndan Ki\u015fisel Verileri Koruma Kurulunca belirlenen tarifedeki \u00fccret al\u0131nacakt\u0131r. Taraf\u0131m\u0131za ba\u015fvurman\u0131z \u00fczerine ba\u015fvurunuzun reddedilmesi, cevab\u0131n yetersiz bulunmas\u0131 veya s\u00fcresinde ba\u015fvuruya cevap verilmemesi hallerinde bizi bu konuda bilgilendirebilirsiniz ayr\u0131ca ilgili ki\u015fi olarak, cevab\u0131m\u0131z\u0131 \u00f6\u011frendi\u011finiz tarihten itibaren otuz ve her halde usul\u00fcne uygun ba\u015fvurunuzu ger\u00e7ekle\u015ftirdi\u011finiz tarihten itibaren altm\u0131\u015f g\u00fcn i\u00e7inde \u00fclkenizde bulunan yetkili veri koruma otoritesine ba\u015fvuru hakk\u0131n\u0131z bulunmaktad\u0131r.<\/p>\n<p>&nbsp;<\/p>\n<table>\n<tbody>\n<tr>\n<td width=\"310\"><strong>Ba\u015fvuru Yolu<\/strong><\/td>\n<td width=\"301\"><strong>Ba\u015fvuru Adresi<\/strong><\/td>\n<\/tr>\n<tr>\n<td width=\"310\">KEP ile iletece\u011finiz elektronik ileti<\/td>\n<td width=\"301\">\u2026<\/td>\n<\/tr>\n<tr>\n<td width=\"310\">Sistemimizde kay\u0131tl\u0131 e-posta adresinizle veya g\u00fcvenli elektronik imzal\u0131, mobil imzal\u0131 olarak iletece\u011finiz ileti<\/td>\n<td width=\"301\">info@manim.com.tr<\/td>\n<\/tr>\n<tr>\n<td width=\"310\">Yaz\u0131l\u0131 olarak \u015fahsen veya noter kanal\u0131 ile iletece\u011finiz ba\u015fvuru<\/td>\n<td width=\"301\">Barbaros Mah. \u015eebboy Sokak Halkbank No:4\/1 Kat:4 \u0130\u00e7 Kap\u0131 No:21 (Dijital Teknokent Ata\u015fehir Yerle\u015fkesi) Ata\u015fehir \u2013 \u0130stanbul \/ T\u00fcrkiye<\/td>\n<\/tr>\n<\/tbody>\n<\/table>\n<p><strong>\u00a0<\/strong><\/p>\n<p>&nbsp;<\/p>\n<p>&nbsp;<\/p>\n<p>&nbsp;<\/p>","protected":false},"excerpt":{"rendered":"<p>\u00c7EREZ POL\u0130T\u0130KASI \u00c7erez Politikam\u0131z www.manim.com.tr internet sitemizde siz de\u011ferli ziyaret\u00e7ilerimize daha kaliteli ve ki\u015fiselle\u015ftirilmi\u015f hizmet sunabilmek amac\u0131yla \u00e7erez (cookie) kullan\u0131m\u0131m\u0131z\u0131n esaslar\u0131, \u00e7erez [&hellip;]<\/p>","protected":false},"author":12,"featured_media":0,"parent":0,"menu_order":0,"comment_status":"closed","ping_status":"closed","template":"","meta":{"footnotes":""},"class_list":["post-3271","page","type-page","status-publish","hentry"],"_links":{"self":[{"href":"http:\/\/www.manim.com.tr\/en\/wp-json\/wp\/v2\/pages\/3271","targetHints":{"allow":["GET"]}}],"collection":[{"href":"http:\/\/www.manim.com.tr\/en\/wp-json\/wp\/v2\/pages"}],"about":[{"href":"http:\/\/www.manim.com.tr\/en\/wp-json\/wp\/v2\/types\/page"}],"author":[{"embeddable":true,"href":"http:\/\/www.manim.com.tr\/en\/wp-json\/wp\/v2\/users\/12"}],"replies":[{"embeddable":true,"href":"http:\/\/www.manim.com.tr\/en\/wp-json\/wp\/v2\/comments?post=3271"}],"version-history":[{"count":1,"href":"http:\/\/www.manim.com.tr\/en\/wp-json\/wp\/v2\/pages\/3271\/revisions"}],"predecessor-version":[{"id":3272,"href":"http:\/\/www.manim.com.tr\/en\/wp-json\/wp\/v2\/pages\/3271\/revisions\/3272"}],"wp:attachment":[{"href":"http:\/\/www.manim.com.tr\/en\/wp-json\/wp\/v2\/media?parent=3271"}],"curies":[{"name":"wp","href":"https:\/\/api.w.org\/{rel}","templated":true}]}}