{"id":3263,"date":"2024-12-23T10:41:22","date_gmt":"2024-12-23T10:41:22","guid":{"rendered":"https:\/\/www.manim.com.tr\/?page_id=3263"},"modified":"2024-12-23T10:41:22","modified_gmt":"2024-12-23T10:41:22","slug":"web-sitesi-paylas%cc%a7im-su%cc%88recine-i%cc%87lis%cc%a7kin-ac%cc%a7ik-riza-metni","status":"publish","type":"page","link":"http:\/\/www.manim.com.tr\/en\/web-sitesi-paylas%cc%a7im-su%cc%88recine-i%cc%87lis%cc%a7kin-ac%cc%a7ik-riza-metni\/","title":{"rendered":"Web Sitesi Paylas\u0327\u0131m Su\u0308recine I\u0307lis\u0327kin Ac\u0327\u0131k R\u0131za Metni"},"content":{"rendered":"<p><strong>WEB S\u0130TES\u0130 PAYLA\u015eIM S\u00dcRE\u00c7LER\u0130NE \u0130L\u0130\u015eK\u0130N A\u00c7IK RIZA METN\u0130<\/strong><\/p>\n<p>Manim Finans Teknolojileri Anonim \u015eirketi\u2019ye ait internet sitesi, sosyal medya vb. platformlardan ger\u00e7ekle\u015ftirilen payla\u015f\u0131m s\u00fcrecinde; talep edilen, ad-soyad, \u00fcnvan, yaz\u0131l\u0131 dok\u00fcman gibi ki\u015fisel verilerimin tan\u0131t\u0131m faaliyetlerinin y\u00fcr\u00fct\u00fclmesi gibi ama\u00e7larla Veri Sorumlusu olarak Manim Finans Teknolojileri Anonim \u015eirketi taraf\u0131ndan web sitesi, sosyal medya vb. platformlarda<strong> <u>yay\u0131nlanmas\u0131na<\/u> <\/strong>ve yurt i\u00e7inde mukim ve ar\u0131zi olmak kayd\u0131yla yurt d\u0131\u015f\u0131nda mukim \u00fc\u00e7\u00fcnc\u00fc ki\u015filere aktar\u0131lmas\u0131 geri alma hakk\u0131m sakl\u0131 kalmak kayd\u0131yla a\u00e7\u0131k r\u0131za veriyorum.<\/p>\n<p>&nbsp;<\/p>\n<p><strong>Evet \u00a0\u00a0\u00a0\u00a0\u00a0\u00a0\u00a0\u00a0\u00a0\u00a0\u00a0\u00a0\u00a0\u00a0\u00a0\u00a0\u00a0\u00a0\u00a0\u00a0\u00a0\u00a0\u00a0\u00a0\u00a0 \u00a0\u00a0\u00a0\u00a0\u00a0\u00a0\u00a0\u00a0\u00a0\u00a0\u00a0\u00a0Hay\u0131r<\/strong><\/p>\n<p>&nbsp;<\/p>\n<p>&nbsp;<\/p>\n<p><strong>\u00a0<\/strong><\/p>\n<p>&nbsp;<\/p>\n<p><strong>Ad Soyad\u00a0\u00a0\u00a0\u00a0\u00a0\u00a0 :<\/strong><\/p>\n<p><strong>\u00a0<\/strong><\/p>\n<p><strong>Tarih\u00a0\u00a0\u00a0\u00a0\u00a0\u00a0\u00a0\u00a0\u00a0\u00a0\u00a0\u00a0\u00a0 :<\/strong><\/p>\n<p><strong>\u00a0<\/strong><\/p>\n<p><strong>\u0130mza\u00a0\u00a0\u00a0\u00a0\u00a0\u00a0\u00a0\u00a0\u00a0\u00a0\u00a0\u00a0\u00a0\u00a0 :<\/strong><\/p>","protected":false},"excerpt":{"rendered":"<p>WEB S\u0130TES\u0130 PAYLA\u015eIM S\u00dcRE\u00c7LER\u0130NE \u0130L\u0130\u015eK\u0130N A\u00c7IK RIZA METN\u0130 Manim Finans Teknolojileri Anonim \u015eirketi\u2019ye ait internet sitesi, sosyal medya vb. platformlardan ger\u00e7ekle\u015ftirilen payla\u015f\u0131m [&hellip;]<\/p>","protected":false},"author":12,"featured_media":0,"parent":0,"menu_order":0,"comment_status":"closed","ping_status":"closed","template":"","meta":{"footnotes":""},"class_list":["post-3263","page","type-page","status-publish","hentry"],"_links":{"self":[{"href":"http:\/\/www.manim.com.tr\/en\/wp-json\/wp\/v2\/pages\/3263","targetHints":{"allow":["GET"]}}],"collection":[{"href":"http:\/\/www.manim.com.tr\/en\/wp-json\/wp\/v2\/pages"}],"about":[{"href":"http:\/\/www.manim.com.tr\/en\/wp-json\/wp\/v2\/types\/page"}],"author":[{"embeddable":true,"href":"http:\/\/www.manim.com.tr\/en\/wp-json\/wp\/v2\/users\/12"}],"replies":[{"embeddable":true,"href":"http:\/\/www.manim.com.tr\/en\/wp-json\/wp\/v2\/comments?post=3263"}],"version-history":[{"count":1,"href":"http:\/\/www.manim.com.tr\/en\/wp-json\/wp\/v2\/pages\/3263\/revisions"}],"predecessor-version":[{"id":3264,"href":"http:\/\/www.manim.com.tr\/en\/wp-json\/wp\/v2\/pages\/3263\/revisions\/3264"}],"wp:attachment":[{"href":"http:\/\/www.manim.com.tr\/en\/wp-json\/wp\/v2\/media?parent=3263"}],"curies":[{"name":"wp","href":"https:\/\/api.w.org\/{rel}","templated":true}]}}